{"id":77330,"date":"2025-07-14T15:04:42","date_gmt":"2025-07-14T12:04:42","guid":{"rendered":"https:\/\/demo8.ecube.lv\/sezona.lv\/products\/virve-petzl-axis-11-0\/"},"modified":"2025-07-14T15:04:42","modified_gmt":"2025-07-14T12:04:42","slug":"virve-petzl-axis-11-0","status":"publish","type":"product","link":"https:\/\/sezona.lv\/en\/products\/virve-petzl-axis-11-0\/","title":{"rendered":"Virve Petzl Axis 11.0"},"content":{"rendered":"<p><span>\u013boti iztur\u012bga pusdinamisk\u0101 (statisk\u0101) virve. Standarta diametra dizains padara to ide\u0101li piem\u0113rotu lietot\u0101jiem, kas nav eksperti virvju tehnik\u0101s.<\/span><\/p>\n<ul class=\"item_traits\">\n<li class=\"odd\"><label>Diametrs:<\/label>11 mm<\/li>\n<li><label>Iztur\u012bba:<\/label>20 (15) kN<\/li>\n<li class=\"odd\"><label>Tips:<\/label>A<\/li>\n<li><label>Svars:<\/label>70 g<\/li>\n<\/ul>\n","protected":false},"excerpt":{"rendered":"<p>\u013boti iztur\u012bga pusdinamisk\u0101 (statisk\u0101) virve. Standarta diametra dizains padara to ide\u0101li piem\u0113rotu lietot\u0101jiem, kas nav eksperti virvju tehnik\u0101s. Diametrs:11 mm Iztur\u012bba:20 (15) kN Tips:A Svars:70 g<\/p>\n","protected":false},"featured_media":0,"template":"","meta":[],"product_brand":[957],"product_cat":[4851,4885,4887],"product_tag":[],"class_list":{"0":"post-77330","1":"product","2":"type-product","3":"status-publish","5":"product_brand-petzl","6":"product_cat-mountaineering-equipment-recreation","7":"product_cat-ropes-mountaineering-equipment-recreation","8":"product_cat-semi-dynamic-static-ropes-ropes-mountaineering-equipment-recreation","10":"first","11":"instock","12":"shipping-taxable","13":"purchasable","14":"product-type-simple"},"_links":{"self":[{"href":"https:\/\/sezona.lv\/en\/wp-json\/wp\/v2\/product\/77330","targetHints":{"allow":["GET"]}}],"collection":[{"href":"https:\/\/sezona.lv\/en\/wp-json\/wp\/v2\/product"}],"about":[{"href":"https:\/\/sezona.lv\/en\/wp-json\/wp\/v2\/types\/product"}],"wp:attachment":[{"href":"https:\/\/sezona.lv\/en\/wp-json\/wp\/v2\/media?parent=77330"}],"wp:term":[{"taxonomy":"product_brand","embeddable":true,"href":"https:\/\/sezona.lv\/en\/wp-json\/wp\/v2\/product_brand?post=77330"},{"taxonomy":"product_cat","embeddable":true,"href":"https:\/\/sezona.lv\/en\/wp-json\/wp\/v2\/product_cat?post=77330"},{"taxonomy":"product_tag","embeddable":true,"href":"https:\/\/sezona.lv\/en\/wp-json\/wp\/v2\/product_tag?post=77330"}],"curies":[{"name":"wp","href":"https:\/\/api.w.org\/{rel}","templated":true}]}}