{"id":77331,"date":"2025-07-14T15:04:43","date_gmt":"2025-07-14T12:04:43","guid":{"rendered":"https:\/\/demo8.ecube.lv\/sezona.lv\/products\/paligvirve-tendon-reep-5-mm\/"},"modified":"2025-07-14T15:04:43","modified_gmt":"2025-07-14T12:04:43","slug":"paligvirve-tendon-reep-5-mm","status":"publish","type":"product","link":"https:\/\/sezona.lv\/en\/products\/paligvirve-tendon-reep-5-mm\/","title":{"rendered":"Pal\u012bgvirve Tendon Reep 5 mm"},"content":{"rendered":"<p><span>Kvalitat\u012bva un iztur\u012bga Tendon pal\u012bgvirve. Iztur\u012bba 510 daN. Sertifik\u0101cija: EN 564, CE 1019.<\/span><\/p>\n<ul class=\"item_traits\">\n<li class=\"odd\"><label>Diametrs, mm:<\/label>5 mm<\/li>\n<li><label>Tips:<\/label>Pal\u012bgvirve<\/li>\n<li class=\"odd\"><label>Svars:<\/label>20 g<\/li>\n<\/ul>\n","protected":false},"excerpt":{"rendered":"<p>Kvalitat\u012bva un iztur\u012bga Tendon pal\u012bgvirve. Iztur\u012bba 510 daN. Sertifik\u0101cija: EN 564, CE 1019. Diametrs, mm:5 mm Tips:Pal\u012bgvirve Svars:20 g<\/p>\n","protected":false},"featured_media":0,"template":"","meta":[],"product_brand":[3351],"product_cat":[4851,4885,4888],"product_tag":[],"class_list":{"0":"post-77331","1":"product","2":"type-product","3":"status-publish","5":"product_brand-tendon","6":"product_cat-mountaineering-equipment-recreation","7":"product_cat-ropes-mountaineering-equipment-recreation","8":"product_cat-half-ropes-and-straps-ropes-mountaineering-equipment-recreation","10":"first","11":"instock","12":"shipping-taxable","13":"purchasable","14":"product-type-simple"},"_links":{"self":[{"href":"https:\/\/sezona.lv\/en\/wp-json\/wp\/v2\/product\/77331","targetHints":{"allow":["GET"]}}],"collection":[{"href":"https:\/\/sezona.lv\/en\/wp-json\/wp\/v2\/product"}],"about":[{"href":"https:\/\/sezona.lv\/en\/wp-json\/wp\/v2\/types\/product"}],"wp:attachment":[{"href":"https:\/\/sezona.lv\/en\/wp-json\/wp\/v2\/media?parent=77331"}],"wp:term":[{"taxonomy":"product_brand","embeddable":true,"href":"https:\/\/sezona.lv\/en\/wp-json\/wp\/v2\/product_brand?post=77331"},{"taxonomy":"product_cat","embeddable":true,"href":"https:\/\/sezona.lv\/en\/wp-json\/wp\/v2\/product_cat?post=77331"},{"taxonomy":"product_tag","embeddable":true,"href":"https:\/\/sezona.lv\/en\/wp-json\/wp\/v2\/product_tag?post=77331"}],"curies":[{"name":"wp","href":"https:\/\/api.w.org\/{rel}","templated":true}]}}