{"id":77334,"date":"2025-07-14T15:04:46","date_gmt":"2025-07-14T12:04:46","guid":{"rendered":"https:\/\/demo8.ecube.lv\/sezona.lv\/products\/paligvirve-tendon-reep-6-mm-100-m-zala\/"},"modified":"2025-07-14T15:04:46","modified_gmt":"2025-07-14T12:04:46","slug":"paligvirve-tendon-reep-6-mm-100-m-zala","status":"publish","type":"product","link":"https:\/\/sezona.lv\/en\/products\/paligvirve-tendon-reep-6-mm-100-m-zala\/","title":{"rendered":"Pal\u012bgvirve Tendon Reep 6 mm (100 m) za\u013ca"},"content":{"rendered":"<p><span>Kvalitat\u012bva pal\u012bgvirve. Minim\u0101l\u0101 iztur\u012bba: 1000 daN. Sertifik\u0101cija: EN 564, CE 1019.<\/span><\/p>\n<ul id=\"traits_40362\" class=\"item_traits\">\n<li class=\"odd\"><label>Kr\u0101sa:<\/label>Za\u013ca<\/li>\n<li><label>Izm\u0113rs:<\/label>1 m<\/li>\n<li class=\"odd\"><label>Diametrs, mm:<\/label>6 mm<\/li>\n<li><label>Tips:<\/label>Pal\u012bgvirve<\/li>\n<li class=\"odd\"><label>Svars:<\/label>20 g<\/li>\n<\/ul>\n","protected":false},"excerpt":{"rendered":"<p>Kvalitat\u012bva pal\u012bgvirve. Minim\u0101l\u0101 iztur\u012bba: 1000 daN. Sertifik\u0101cija: EN 564, CE 1019. Kr\u0101sa:Za\u013ca Izm\u0113rs:1 m Diametrs, mm:6 mm Tips:Pal\u012bgvirve Svars:20 g<\/p>\n","protected":false},"featured_media":0,"template":"","meta":[],"product_brand":[3351],"product_cat":[4851,4885,4888],"product_tag":[],"class_list":{"0":"post-77334","1":"product","2":"type-product","3":"status-publish","5":"product_brand-tendon","6":"product_cat-mountaineering-equipment-recreation","7":"product_cat-ropes-mountaineering-equipment-recreation","8":"product_cat-half-ropes-and-straps-ropes-mountaineering-equipment-recreation","10":"first","11":"instock","12":"shipping-taxable","13":"purchasable","14":"product-type-simple"},"_links":{"self":[{"href":"https:\/\/sezona.lv\/en\/wp-json\/wp\/v2\/product\/77334","targetHints":{"allow":["GET"]}}],"collection":[{"href":"https:\/\/sezona.lv\/en\/wp-json\/wp\/v2\/product"}],"about":[{"href":"https:\/\/sezona.lv\/en\/wp-json\/wp\/v2\/types\/product"}],"wp:attachment":[{"href":"https:\/\/sezona.lv\/en\/wp-json\/wp\/v2\/media?parent=77334"}],"wp:term":[{"taxonomy":"product_brand","embeddable":true,"href":"https:\/\/sezona.lv\/en\/wp-json\/wp\/v2\/product_brand?post=77334"},{"taxonomy":"product_cat","embeddable":true,"href":"https:\/\/sezona.lv\/en\/wp-json\/wp\/v2\/product_cat?post=77334"},{"taxonomy":"product_tag","embeddable":true,"href":"https:\/\/sezona.lv\/en\/wp-json\/wp\/v2\/product_tag?post=77334"}],"curies":[{"name":"wp","href":"https:\/\/api.w.org\/{rel}","templated":true}]}}