{"id":77342,"date":"2025-07-14T15:04:52","date_gmt":"2025-07-14T12:04:52","guid":{"rendered":"https:\/\/demo8.ecube.lv\/sezona.lv\/products\/lente-tendon-tubular-25-mm\/"},"modified":"2025-07-14T15:04:52","modified_gmt":"2025-07-14T12:04:52","slug":"lente-tendon-tubular-25-mm","status":"publish","type":"product","link":"https:\/\/sezona.lv\/en\/products\/lente-tendon-tubular-25-mm\/","title":{"rendered":"Lente Tendon Tubular 25 mm"},"content":{"rendered":"<p><span>Iztur\u012bg\u0101 poliam\u012bda materi\u0101la lente. Piem\u0113rota da\u017e\u0101d\u0101m vajadz\u012bb\u0101m, piem\u0113ram, kr\u016b&scaron;u sist\u0113mas un s\u0113do&scaron;\u0101s poz\u012bcijas sist\u0113mas savieno&scaron;anai. Iztur\u012bba: 20 kN.<\/span><\/p>\n<ul class=\"item_traits\">\n<li class=\"odd\"><label>Iztur\u012bba:<\/label>20 kN<\/li>\n<li><label>Platums:<\/label>25 mm<\/li>\n<li class=\"odd\"><label>Svars:<\/label>50 g<\/li>\n<\/ul>\n","protected":false},"excerpt":{"rendered":"<p>Iztur\u012bg\u0101 poliam\u012bda materi\u0101la lente. Piem\u0113rota da\u017e\u0101d\u0101m vajadz\u012bb\u0101m, piem\u0113ram, kr\u016b&scaron;u sist\u0113mas un s\u0113do&scaron;\u0101s poz\u012bcijas sist\u0113mas savieno&scaron;anai. Iztur\u012bba: 20 kN. Iztur\u012bba:20 kN Platums:25 mm Svars:50 g<\/p>\n","protected":false},"featured_media":0,"template":"","meta":[],"product_brand":[3351],"product_cat":[4851,4885,4888],"product_tag":[],"class_list":{"0":"post-77342","1":"product","2":"type-product","3":"status-publish","5":"product_brand-tendon","6":"product_cat-mountaineering-equipment-recreation","7":"product_cat-ropes-mountaineering-equipment-recreation","8":"product_cat-half-ropes-and-straps-ropes-mountaineering-equipment-recreation","10":"first","11":"instock","12":"shipping-taxable","13":"purchasable","14":"product-type-simple"},"_links":{"self":[{"href":"https:\/\/sezona.lv\/en\/wp-json\/wp\/v2\/product\/77342","targetHints":{"allow":["GET"]}}],"collection":[{"href":"https:\/\/sezona.lv\/en\/wp-json\/wp\/v2\/product"}],"about":[{"href":"https:\/\/sezona.lv\/en\/wp-json\/wp\/v2\/types\/product"}],"wp:attachment":[{"href":"https:\/\/sezona.lv\/en\/wp-json\/wp\/v2\/media?parent=77342"}],"wp:term":[{"taxonomy":"product_brand","embeddable":true,"href":"https:\/\/sezona.lv\/en\/wp-json\/wp\/v2\/product_brand?post=77342"},{"taxonomy":"product_cat","embeddable":true,"href":"https:\/\/sezona.lv\/en\/wp-json\/wp\/v2\/product_cat?post=77342"},{"taxonomy":"product_tag","embeddable":true,"href":"https:\/\/sezona.lv\/en\/wp-json\/wp\/v2\/product_tag?post=77342"}],"curies":[{"name":"wp","href":"https:\/\/api.w.org\/{rel}","templated":true}]}}