{"id":77344,"date":"2025-07-14T15:04:54","date_gmt":"2025-07-14T12:04:54","guid":{"rendered":"https:\/\/demo8.ecube.lv\/sezona.lv\/products\/virvju-markesanas-uzlimes-singing-rock-periodic-control-labels\/"},"modified":"2025-07-14T15:04:54","modified_gmt":"2025-07-14T12:04:54","slug":"virvju-markesanas-uzlimes-singing-rock-periodic-control-labels","status":"publish","type":"product","link":"https:\/\/sezona.lv\/en\/products\/virvju-markesanas-uzlimes-singing-rock-periodic-control-labels\/","title":{"rendered":"Virvju mar\u0137\u0113\u0161anas uzl\u012bmes Singing Rock Periodic Control Labels"},"content":{"rendered":"<p><label>Svars: 0.07 kg<\/label><\/p>\n<p id=\"item-description\">Uzl\u012bmes virvju galu mar\u0137\u0113&scaron;anai.<\/p>\n","protected":false},"excerpt":{"rendered":"<p>Svars: 0.07 kg Uzl\u012bmes virvju galu mar\u0137\u0113&scaron;anai.<\/p>\n","protected":false},"featured_media":0,"template":"","meta":[],"product_brand":[3350],"product_cat":[4851,4885,4892],"product_tag":[],"class_list":{"0":"post-77344","1":"product","2":"type-product","3":"status-publish","5":"product_brand-singing-rock","6":"product_cat-mountaineering-equipment-recreation","7":"product_cat-ropes-mountaineering-equipment-recreation","8":"product_cat-rope-guards-and-care-products-ropes-mountaineering-equipment-recreation","10":"first","11":"instock","12":"shipping-taxable","13":"purchasable","14":"product-type-simple"},"_links":{"self":[{"href":"https:\/\/sezona.lv\/en\/wp-json\/wp\/v2\/product\/77344","targetHints":{"allow":["GET"]}}],"collection":[{"href":"https:\/\/sezona.lv\/en\/wp-json\/wp\/v2\/product"}],"about":[{"href":"https:\/\/sezona.lv\/en\/wp-json\/wp\/v2\/types\/product"}],"wp:attachment":[{"href":"https:\/\/sezona.lv\/en\/wp-json\/wp\/v2\/media?parent=77344"}],"wp:term":[{"taxonomy":"product_brand","embeddable":true,"href":"https:\/\/sezona.lv\/en\/wp-json\/wp\/v2\/product_brand?post=77344"},{"taxonomy":"product_cat","embeddable":true,"href":"https:\/\/sezona.lv\/en\/wp-json\/wp\/v2\/product_cat?post=77344"},{"taxonomy":"product_tag","embeddable":true,"href":"https:\/\/sezona.lv\/en\/wp-json\/wp\/v2\/product_tag?post=77344"}],"curies":[{"name":"wp","href":"https:\/\/api.w.org\/{rel}","templated":true}]}}