{"id":77345,"date":"2025-07-14T15:04:54","date_gmt":"2025-07-14T12:04:54","guid":{"rendered":"https:\/\/demo8.ecube.lv\/sezona.lv\/products\/akis-petzl-livanos\/"},"modified":"2025-07-14T15:04:54","modified_gmt":"2025-07-14T12:04:54","slug":"akis-petzl-livanos","status":"publish","type":"product","link":"https:\/\/sezona.lv\/en\/products\/akis-petzl-livanos\/","title":{"rendered":"\u0100\u0137is Petzl Livanos"},"content":{"rendered":"<p><span>Dro&scaron;in\u0101&scaron;anas \u0101\u0137is, kas paredz\u0113ts &scaron;aur\u0101m plais\u0101m gran\u012bt\u0101. Nav paredz\u0113ts kritiena notur\u0113&scaron;anai!<\/span><\/p>\n<ul class=\"item_traits\">\n<li class=\"odd\"><label>Garums:<\/label>10 cm<\/li>\n<li><label>Svars:<\/label>50 g<\/li>\n<\/ul>\n","protected":false},"excerpt":{"rendered":"<p>Dro&scaron;in\u0101&scaron;anas \u0101\u0137is, kas paredz\u0113ts &scaron;aur\u0101m plais\u0101m gran\u012bt\u0101. Nav paredz\u0113ts kritiena notur\u0113&scaron;anai! Garums:10 cm Svars:50 g<\/p>\n","protected":false},"featured_media":0,"template":"","meta":[],"product_brand":[957],"product_cat":[4851,4859,4873],"product_tag":[],"class_list":{"0":"post-77345","1":"product","2":"type-product","3":"status-publish","5":"product_brand-petzl","6":"product_cat-mountaineering-equipment-recreation","7":"product_cat-for-rock-climbing-mountaineering-mountaineering-equipment-recreation","8":"product_cat-ice-screws-and-snow-anchors-for-rock-climbing-mountaineering-mountaineering-equipment-recreation","10":"first","11":"instock","12":"shipping-taxable","13":"purchasable","14":"product-type-simple"},"_links":{"self":[{"href":"https:\/\/sezona.lv\/en\/wp-json\/wp\/v2\/product\/77345","targetHints":{"allow":["GET"]}}],"collection":[{"href":"https:\/\/sezona.lv\/en\/wp-json\/wp\/v2\/product"}],"about":[{"href":"https:\/\/sezona.lv\/en\/wp-json\/wp\/v2\/types\/product"}],"wp:attachment":[{"href":"https:\/\/sezona.lv\/en\/wp-json\/wp\/v2\/media?parent=77345"}],"wp:term":[{"taxonomy":"product_brand","embeddable":true,"href":"https:\/\/sezona.lv\/en\/wp-json\/wp\/v2\/product_brand?post=77345"},{"taxonomy":"product_cat","embeddable":true,"href":"https:\/\/sezona.lv\/en\/wp-json\/wp\/v2\/product_cat?post=77345"},{"taxonomy":"product_tag","embeddable":true,"href":"https:\/\/sezona.lv\/en\/wp-json\/wp\/v2\/product_tag?post=77345"}],"curies":[{"name":"wp","href":"https:\/\/api.w.org\/{rel}","templated":true}]}}