{"id":77352,"date":"2025-07-14T15:05:01","date_gmt":"2025-07-14T12:05:01","guid":{"rendered":"https:\/\/demo8.ecube.lv\/sezona.lv\/products\/amurs-petzl-tam-tam\/"},"modified":"2025-07-14T15:05:01","modified_gmt":"2025-07-14T12:05:01","slug":"amurs-petzl-tam-tam","status":"publish","type":"product","link":"https:\/\/sezona.lv\/en\/products\/amurs-petzl-tam-tam\/","title":{"rendered":"\u0100murs Petzl Tam Tam"},"content":{"rendered":"<p><span>\u0100murs speleologiem, paredz\u0113ts skr\u016bvju enkuru ievieto&scaron;anai. Rokturis apr\u012bkots ar 13 mm ligzdu, lai taj\u0101 der\u0113tu 8 mm skr\u016bvju galvas. \u0112rta rokas cilpa.<\/span><\/p>\n","protected":false},"excerpt":{"rendered":"<p>\u0100murs speleologiem, paredz\u0113ts skr\u016bvju enkuru ievieto&scaron;anai. Rokturis apr\u012bkots ar 13 mm ligzdu, lai taj\u0101 der\u0113tu 8 mm skr\u016bvju galvas. \u0112rta rokas cilpa.<\/p>\n","protected":false},"featured_media":0,"template":"","meta":[],"product_brand":[957],"product_cat":[4851,4859,4873],"product_tag":[],"class_list":{"0":"post-77352","1":"product","2":"type-product","3":"status-publish","5":"product_brand-petzl","6":"product_cat-mountaineering-equipment-recreation","7":"product_cat-for-rock-climbing-mountaineering-mountaineering-equipment-recreation","8":"product_cat-ice-screws-and-snow-anchors-for-rock-climbing-mountaineering-mountaineering-equipment-recreation","10":"first","11":"instock","12":"shipping-taxable","13":"purchasable","14":"product-type-simple"},"_links":{"self":[{"href":"https:\/\/sezona.lv\/en\/wp-json\/wp\/v2\/product\/77352","targetHints":{"allow":["GET"]}}],"collection":[{"href":"https:\/\/sezona.lv\/en\/wp-json\/wp\/v2\/product"}],"about":[{"href":"https:\/\/sezona.lv\/en\/wp-json\/wp\/v2\/types\/product"}],"wp:attachment":[{"href":"https:\/\/sezona.lv\/en\/wp-json\/wp\/v2\/media?parent=77352"}],"wp:term":[{"taxonomy":"product_brand","embeddable":true,"href":"https:\/\/sezona.lv\/en\/wp-json\/wp\/v2\/product_brand?post=77352"},{"taxonomy":"product_cat","embeddable":true,"href":"https:\/\/sezona.lv\/en\/wp-json\/wp\/v2\/product_cat?post=77352"},{"taxonomy":"product_tag","embeddable":true,"href":"https:\/\/sezona.lv\/en\/wp-json\/wp\/v2\/product_tag?post=77352"}],"curies":[{"name":"wp","href":"https:\/\/api.w.org\/{rel}","templated":true}]}}