{"id":77353,"date":"2025-07-14T15:05:02","date_gmt":"2025-07-14T12:05:02","guid":{"rendered":"https:\/\/demo8.ecube.lv\/sezona.lv\/products\/ledus-skruves-asinamais-petzl-lim-ice\/"},"modified":"2025-07-14T15:05:02","modified_gmt":"2025-07-14T12:05:02","slug":"ledus-skruves-asinamais-petzl-lim-ice","status":"publish","type":"product","link":"https:\/\/sezona.lv\/en\/products\/ledus-skruves-asinamais-petzl-lim-ice\/","title":{"rendered":"Ledus skr\u016bves asin\u0101mais Petzl Lim&#8217;Ice"},"content":{"rendered":"<p><label>Svars: 0.16 kg<\/label><\/p>\n<p id=\"item-description\">Viegli un \u0113rti lietojams ledus skr\u016bvju asin\u0101mais. Divas asin\u0101&scaron;anas vadotnes \u013cauj prec\u012bzi noasin\u0101t abas urbjo&scaron;o zobu puses.&nbsp;<br \/>Materi\u0101ls: Polipropil\u0113ns, t\u0113rauda v\u012ble.<\/p>\n","protected":false},"excerpt":{"rendered":"<p>Svars: 0.16 kg Viegli un \u0113rti lietojams ledus skr\u016bvju asin\u0101mais. Divas asin\u0101&scaron;anas vadotnes \u013cauj prec\u012bzi noasin\u0101t abas urbjo&scaron;o zobu puses.&nbsp;Materi\u0101ls: Polipropil\u0113ns, t\u0113rauda v\u012ble.<\/p>\n","protected":false},"featured_media":0,"template":"","meta":[],"product_brand":[957],"product_cat":[4851,4859,4873],"product_tag":[],"class_list":{"0":"post-77353","1":"product","2":"type-product","3":"status-publish","5":"product_brand-petzl","6":"product_cat-mountaineering-equipment-recreation","7":"product_cat-for-rock-climbing-mountaineering-mountaineering-equipment-recreation","8":"product_cat-ice-screws-and-snow-anchors-for-rock-climbing-mountaineering-mountaineering-equipment-recreation","10":"first","11":"instock","12":"shipping-taxable","13":"purchasable","14":"product-type-simple"},"_links":{"self":[{"href":"https:\/\/sezona.lv\/en\/wp-json\/wp\/v2\/product\/77353","targetHints":{"allow":["GET"]}}],"collection":[{"href":"https:\/\/sezona.lv\/en\/wp-json\/wp\/v2\/product"}],"about":[{"href":"https:\/\/sezona.lv\/en\/wp-json\/wp\/v2\/types\/product"}],"wp:attachment":[{"href":"https:\/\/sezona.lv\/en\/wp-json\/wp\/v2\/media?parent=77353"}],"wp:term":[{"taxonomy":"product_brand","embeddable":true,"href":"https:\/\/sezona.lv\/en\/wp-json\/wp\/v2\/product_brand?post=77353"},{"taxonomy":"product_cat","embeddable":true,"href":"https:\/\/sezona.lv\/en\/wp-json\/wp\/v2\/product_cat?post=77353"},{"taxonomy":"product_tag","embeddable":true,"href":"https:\/\/sezona.lv\/en\/wp-json\/wp\/v2\/product_tag?post=77353"}],"curies":[{"name":"wp","href":"https:\/\/api.w.org\/{rel}","templated":true}]}}