{"id":77354,"date":"2025-07-11T16:08:19","date_gmt":"2025-07-11T13:08:19","guid":{"rendered":"https:\/\/demo8.ecube.lv\/sezona.lv\/products\/telts-husky-falcon-2\/"},"modified":"2025-07-14T15:05:04","modified_gmt":"2025-07-14T12:05:04","slug":"telts-husky-falcon-2","status":"publish","type":"product","link":"https:\/\/sezona.lv\/en\/products\/telts-husky-falcon-2\/","title":{"rendered":"Telts Husky FALCON 2"},"content":{"rendered":"<p><span>Husky Falcon ir telts tiem, kam pat\u012bk ce\u013cot divat\u0101. T\u0101s nelielo svaru \u012bpa&scaron;i nov\u0113rt\u0113s p\u0101rg\u0101jienu cien\u012bt\u0101ji. Telts ir pietiekami pla&scaron;a, lai taj\u0101 komfortabli gul\u0113tu divi cilv\u0113ki un pietiktu vieta vi\u0146u ce\u013casom\u0101m. Divas ieejas nodro&scaron;ina \u0113rtu piek\u013cuvi un mantu novieto&scaron;anu telt\u012b. Falcon ir \u013coti \u0113rta un praktiska t\u0101s vienk\u0101r&scaron;\u0101s konstrukcijas d\u0113\u013c, kas \u013caus to uzst\u0101d\u012bt \u012bs\u0101 laika spr\u012bd\u012b. \u012apa&scaron;i piem\u0113rota kalnos k\u0101p\u0113jiem un p\u0101rg\u0101jienu cien\u012bt\u0101jiem.&nbsp;<\/span><\/p>\n<p><span>Falcon teltij ir divi sl\u0101\u0146i un 8,5mm diametra duralum\u012bnija loki. Telts \u0101r\u0113jais sl\u0101nis veidots no 210T poliestera ar RipStop tehnolo\u0123iju boj\u0101jumu aizkav\u0113&scaron;anai. \u0100r\u0113j\u0101 sl\u0101\u0146a \u016bdensiztur\u012bba ir 6000 mm\/cm2. Iek&scaron;\u0113jais sl\u0101nis izgatavots no elpojo&scaron;a 190T neilona ar insektu t\u012bklu lieliskai ventil\u0101cijai. Telts gr\u012bda veidota no 190T poliestera ar poliuret\u0101na p\u0101rkl\u0101jumu (\u016bdensiztur\u012bba &#8211; 10000 mm\/cm2).<\/span><\/p>\n<ul id=\"idTab2\" class=\"bullet\">\n<li>Augstums:&nbsp;115cm<\/li>\n<li>Svars:&nbsp;3,60kg<\/li>\n<li>Gr\u012bdas \u016bdens notur\u012bba:&nbsp;10000mm\/h2o\/24h<\/li>\n<li>Telts virspuses \u016bdens notur\u012bba:&nbsp;6000mm\/h2o\/24h<\/li>\n<li>Iepakojums:&nbsp;snow collars, set of light duralumin pegs, repair service kit, compression sack, stuff depository net<\/li>\n<li>Vietu skaits:&nbsp;2<\/li>\n<li>Iepakojuma izm\u0113rs:&nbsp;45 x 17 cm<\/li>\n<li>Ieeju skaits:&nbsp;2<\/li>\n<li>Telts loku materi\u0101ls:&nbsp;Dural 7001 T6 alum\u012bnijs<\/li>\n<li>Telts loku diametrs:&nbsp;8,5mm<\/li>\n<li>Gr\u012bdas materi\u0101ls:&nbsp;190T Polyester, PU coating 10 000mm\/cm 2<\/li>\n<li>Iek&scaron;\u0113j\u0101s telts materi\u0101ls:&nbsp;breathable Nylon 190T + mesh mosquito net<\/li>\n<li>Virspuses telts materi\u0101ls:&nbsp;210T Polyester RipStop, PU PUcoating 6000mm\/cm 2<\/li>\n<li>Ra\u017eot\u0101js:&nbsp;HUSKY<\/li>\n<li>Kategorija:&nbsp;Teltis<\/li>\n<\/ul>\n","protected":false},"excerpt":{"rendered":"<p>Husky Falcon ir telts tiem, kam pat\u012bk ce\u013cot divat\u0101. T\u0101s nelielo svaru \u012bpa&scaron;i nov\u0113rt\u0113s p\u0101rg\u0101jienu cien\u012bt\u0101ji. Telts ir pietiekami pla&scaron;a, lai taj\u0101 komfortabli gul\u0113tu divi cilv\u0113ki un pietiktu vieta vi\u0146u ce\u013casom\u0101m. Divas ieejas nodro&scaron;ina \u0113rtu piek\u013cuvi un mantu novieto&scaron;anu telt\u012b. Falcon ir \u013coti \u0113rta un praktiska t\u0101s vienk\u0101r&scaron;\u0101s konstrukcijas d\u0113\u013c, kas \u013caus to uzst\u0101d\u012bt \u012bs\u0101 [&hellip;]<\/p>\n","protected":false},"featured_media":65021,"template":"","meta":[],"product_brand":[954],"product_cat":[4558,4568,4954],"product_tag":[],"class_list":{"0":"post-77354","1":"product","2":"type-product","3":"status-publish","4":"has-post-thumbnail","6":"product_brand-husky","7":"product_cat-for-tourism-recreation","8":"product_cat-tents-for-tourism-recreation","9":"product_cat-husky-tents-tents-for-tourism-recreation","11":"first","12":"instock","13":"shipping-taxable","14":"purchasable","15":"product-type-simple"},"_links":{"self":[{"href":"https:\/\/sezona.lv\/en\/wp-json\/wp\/v2\/product\/77354","targetHints":{"allow":["GET"]}}],"collection":[{"href":"https:\/\/sezona.lv\/en\/wp-json\/wp\/v2\/product"}],"about":[{"href":"https:\/\/sezona.lv\/en\/wp-json\/wp\/v2\/types\/product"}],"wp:featuredmedia":[{"embeddable":true,"href":"https:\/\/sezona.lv\/en\/wp-json\/wp\/v2\/media\/65021"}],"wp:attachment":[{"href":"https:\/\/sezona.lv\/en\/wp-json\/wp\/v2\/media?parent=77354"}],"wp:term":[{"taxonomy":"product_brand","embeddable":true,"href":"https:\/\/sezona.lv\/en\/wp-json\/wp\/v2\/product_brand?post=77354"},{"taxonomy":"product_cat","embeddable":true,"href":"https:\/\/sezona.lv\/en\/wp-json\/wp\/v2\/product_cat?post=77354"},{"taxonomy":"product_tag","embeddable":true,"href":"https:\/\/sezona.lv\/en\/wp-json\/wp\/v2\/product_tag?post=77354"}],"curies":[{"name":"wp","href":"https:\/\/api.w.org\/{rel}","templated":true}]}}