{"id":77355,"date":"2025-07-11T16:08:23","date_gmt":"2025-07-11T13:08:23","guid":{"rendered":"https:\/\/demo8.ecube.lv\/sezona.lv\/products\/telts-husky-bonelli-3\/"},"modified":"2025-07-14T15:05:06","modified_gmt":"2025-07-14T12:05:06","slug":"telts-husky-bonelli-3","status":"publish","type":"product","link":"https:\/\/sezona.lv\/en\/products\/telts-husky-bonelli-3\/","title":{"rendered":"Telts Husky BONELLI 3"},"content":{"rendered":"<p><span>Bonelli teltij ir divi sl\u0101\u0146i, un t\u0101s iek&scaron;\u0113jo konstrukciju notur 7,9mm un 8,5mm diametra durawrap stikla &scaron;\u0137iedras loki. Telts \u0101r\u0113jais sl\u0101nis veidots no 185 poliestera (\u0101r\u0113j\u0101 sl\u0101\u0146a \u016bdensiztur\u012bba ir 3000 mm\/cm2). Iek&scaron;\u0113jais sl\u0101nis izgatavots no elpojo&scaron;a 190T neilona ar insektu t\u012bklu lieliskai ventil\u0101cijai. Telts gr\u012bda veidota no 190T poliestera ar poliuret\u0101na p\u0101rkl\u0101jumu (\u016bdensiztur\u012bba &#8211; 6000 mm\/cm2).<\/span><\/p>\n<ul id=\"idTab2\" class=\"bullet\">\n<li>Augstums:&nbsp;130cm<\/li>\n<li>Svars:&nbsp;4,00kg<\/li>\n<li>Gr\u012bdas \u016bdens notur\u012bba:&nbsp;6000mm\/h2o\/24h<\/li>\n<li>Telts virspuses \u016bdens notur\u012bba:&nbsp;3000mm\/h2o\/24h<\/li>\n<li>Iepakojums:&nbsp;set of steel pegs, repair service kit, naval kit bag<\/li>\n<li>Vietu skaits:&nbsp;3<\/li>\n<li>Iepakojuma izm\u0113rs:&nbsp;15cm x 15cm x 45cm<\/li>\n<li>Ieeju skaits:&nbsp;2<\/li>\n<li>Telts loku materi\u0101ls:&nbsp;Durawarp stikla&scaron;\u0137iedra<\/li>\n<li>Telts loku diametrs:&nbsp;7,9mm \/ 8,5mm<\/li>\n<li>Gr\u012bdas materi\u0101ls:&nbsp;190T Polyester, PU coating 6 000 mm<\/li>\n<li>Iek&scaron;\u0113j\u0101s telts materi\u0101ls:&nbsp;breathable Nylon 190T + mesh mosquito net<\/li>\n<li>Virspuses telts materi\u0101ls:&nbsp;185 Polyester, PU coating 3 000 mm<\/li>\n<li>Ra\u017eot\u0101js:&nbsp;HUSKY<\/li>\n<li>Izm\u0113rs:&nbsp;210 &times; 280 &times; 130<\/li>\n<li>Kategorija:&nbsp;Teltis<\/li>\n<\/ul>\n","protected":false},"excerpt":{"rendered":"<p>Bonelli teltij ir divi sl\u0101\u0146i, un t\u0101s iek&scaron;\u0113jo konstrukciju notur 7,9mm un 8,5mm diametra durawrap stikla &scaron;\u0137iedras loki. Telts \u0101r\u0113jais sl\u0101nis veidots no 185 poliestera (\u0101r\u0113j\u0101 sl\u0101\u0146a \u016bdensiztur\u012bba ir 3000 mm\/cm2). Iek&scaron;\u0113jais sl\u0101nis izgatavots no elpojo&scaron;a 190T neilona ar insektu t\u012bklu lieliskai ventil\u0101cijai. Telts gr\u012bda veidota no 190T poliestera ar poliuret\u0101na p\u0101rkl\u0101jumu (\u016bdensiztur\u012bba &#8211; 6000 [&hellip;]<\/p>\n","protected":false},"featured_media":65028,"template":"","meta":[],"product_brand":[954],"product_cat":[4558,4568,4954],"product_tag":[],"class_list":{"0":"post-77355","1":"product","2":"type-product","3":"status-publish","4":"has-post-thumbnail","6":"product_brand-husky","7":"product_cat-for-tourism-recreation","8":"product_cat-tents-for-tourism-recreation","9":"product_cat-husky-tents-tents-for-tourism-recreation","11":"first","12":"instock","13":"shipping-taxable","14":"purchasable","15":"product-type-simple"},"_links":{"self":[{"href":"https:\/\/sezona.lv\/en\/wp-json\/wp\/v2\/product\/77355","targetHints":{"allow":["GET"]}}],"collection":[{"href":"https:\/\/sezona.lv\/en\/wp-json\/wp\/v2\/product"}],"about":[{"href":"https:\/\/sezona.lv\/en\/wp-json\/wp\/v2\/types\/product"}],"wp:featuredmedia":[{"embeddable":true,"href":"https:\/\/sezona.lv\/en\/wp-json\/wp\/v2\/media\/65028"}],"wp:attachment":[{"href":"https:\/\/sezona.lv\/en\/wp-json\/wp\/v2\/media?parent=77355"}],"wp:term":[{"taxonomy":"product_brand","embeddable":true,"href":"https:\/\/sezona.lv\/en\/wp-json\/wp\/v2\/product_brand?post=77355"},{"taxonomy":"product_cat","embeddable":true,"href":"https:\/\/sezona.lv\/en\/wp-json\/wp\/v2\/product_cat?post=77355"},{"taxonomy":"product_tag","embeddable":true,"href":"https:\/\/sezona.lv\/en\/wp-json\/wp\/v2\/product_tag?post=77355"}],"curies":[{"name":"wp","href":"https:\/\/api.w.org\/{rel}","templated":true}]}}