{"id":77356,"date":"2025-07-11T16:08:26","date_gmt":"2025-07-11T13:08:26","guid":{"rendered":"https:\/\/demo8.ecube.lv\/sezona.lv\/products\/telts-trimm-bivak\/"},"modified":"2025-07-14T15:05:09","modified_gmt":"2025-07-14T12:05:09","slug":"telts-trimm-bivak","status":"publish","type":"product","link":"https:\/\/sezona.lv\/en\/products\/telts-trimm-bivak\/","title":{"rendered":"Telts Trimm BIVAK"},"content":{"rendered":"<ul id=\"idTab2\" class=\"bullet\">\n<li><span>Augstums:<\/span>&nbsp;100cm<\/li>\n<li><span>Svars:<\/span>&nbsp;2,50kg<\/li>\n<li><span>Gr\u012bdas \u016bdens notur\u012bba:<\/span>&nbsp;10000mm\/h2o\/24h<\/li>\n<li><span>Telts virspuses \u016bdens notur\u012bba:<\/span>&nbsp;4000mm\/h2o\/24h<\/li>\n<li><span>Iepakojuma izm\u0113rs:<\/span>&nbsp;15cm x 15cm x 45cm<\/li>\n<li><span>Ieeju skaits:<\/span>&nbsp;2<\/li>\n<li><span>Telts loku materi\u0101ls:<\/span>&nbsp;Durawarp stikla&scaron;\u0137iedra<\/li>\n<li><span>Telts loku diametrs:<\/span>&nbsp;8,5mm<\/li>\n<li><span>Gr\u012bdas materi\u0101ls:<\/span>&nbsp;100 % PU neilons, 10000 mm H2O<\/li>\n<li><span>Virspuses telts materi\u0101ls:<\/span>&nbsp;100 % polyester, 4000 mm H2O<\/li>\n<li><span>Gr\u012bdas izm\u0113ri:<\/span>&nbsp;25 + 260 + 20) x (52,5 + 135 + 52,5<\/li>\n<li><span>Ra\u017eot\u0101js:<\/span>&nbsp;TRIMM<\/li>\n<li><span>Papildus:<\/span>&nbsp;Taped seams<\/li>\n<li><span>Kategorija:<\/span>&nbsp;Teltis<\/li>\n<\/ul>\n","protected":false},"excerpt":{"rendered":"<p>Augstums:&nbsp;100cm Svars:&nbsp;2,50kg Gr\u012bdas \u016bdens notur\u012bba:&nbsp;10000mm\/h2o\/24h Telts virspuses \u016bdens notur\u012bba:&nbsp;4000mm\/h2o\/24h Iepakojuma izm\u0113rs:&nbsp;15cm x 15cm x 45cm Ieeju skaits:&nbsp;2 Telts loku materi\u0101ls:&nbsp;Durawarp stikla&scaron;\u0137iedra Telts loku diametrs:&nbsp;8,5mm Gr\u012bdas materi\u0101ls:&nbsp;100 % PU neilons, 10000 mm H2O Virspuses telts materi\u0101ls:&nbsp;100 % polyester, 4000 mm H2O Gr\u012bdas izm\u0113ri:&nbsp;25 + 260 + 20) x (52,5 + 135 + 52,5 Ra\u017eot\u0101js:&nbsp;TRIMM Papildus:&nbsp;Taped seams [&hellip;]<\/p>\n","protected":false},"featured_media":65035,"template":"","meta":[],"product_brand":[953],"product_cat":[4558,4568,4960],"product_tag":[],"class_list":{"0":"post-77356","1":"product","2":"type-product","3":"status-publish","4":"has-post-thumbnail","6":"product_brand-trimm","7":"product_cat-for-tourism-recreation","8":"product_cat-tents-for-tourism-recreation","9":"product_cat-trimm-tents-tents-for-tourism-recreation","11":"first","12":"instock","13":"shipping-taxable","14":"purchasable","15":"product-type-simple"},"_links":{"self":[{"href":"https:\/\/sezona.lv\/en\/wp-json\/wp\/v2\/product\/77356","targetHints":{"allow":["GET"]}}],"collection":[{"href":"https:\/\/sezona.lv\/en\/wp-json\/wp\/v2\/product"}],"about":[{"href":"https:\/\/sezona.lv\/en\/wp-json\/wp\/v2\/types\/product"}],"wp:featuredmedia":[{"embeddable":true,"href":"https:\/\/sezona.lv\/en\/wp-json\/wp\/v2\/media\/65035"}],"wp:attachment":[{"href":"https:\/\/sezona.lv\/en\/wp-json\/wp\/v2\/media?parent=77356"}],"wp:term":[{"taxonomy":"product_brand","embeddable":true,"href":"https:\/\/sezona.lv\/en\/wp-json\/wp\/v2\/product_brand?post=77356"},{"taxonomy":"product_cat","embeddable":true,"href":"https:\/\/sezona.lv\/en\/wp-json\/wp\/v2\/product_cat?post=77356"},{"taxonomy":"product_tag","embeddable":true,"href":"https:\/\/sezona.lv\/en\/wp-json\/wp\/v2\/product_tag?post=77356"}],"curies":[{"name":"wp","href":"https:\/\/api.w.org\/{rel}","templated":true}]}}