{"id":77357,"date":"2025-07-11T16:08:29","date_gmt":"2025-07-11T13:08:29","guid":{"rendered":"https:\/\/demo8.ecube.lv\/sezona.lv\/products\/telts-trimm-forester\/"},"modified":"2025-07-14T15:05:10","modified_gmt":"2025-07-14T12:05:10","slug":"telts-trimm-forester","status":"publish","type":"product","link":"https:\/\/sezona.lv\/en\/products\/telts-trimm-forester\/","title":{"rendered":"Telts Trimm FORESTER"},"content":{"rendered":"<p><span>\u012apa&scaron;i iztur\u012bga kalnu telts,kas piem\u0113rota pat vispras\u012bg\u0101kajiem apst\u0101k\u013ciem un lietot\u0101jiem. \u012apa&scaron;i veidot\u0101 divreiz krustotu loku sist\u0113ma nodro&scaron;ina telts notur\u012bbu pat \u013coti stipra v\u0113ja apst\u0101k\u013cos.<\/span><\/p>\n<ul id=\"idTab2\" class=\"bullet\">\n<li>Augstums:&nbsp;135cm<\/li>\n<li>Svars:&nbsp;3,20kg<\/li>\n<li>Gr\u012bdas \u016bdens notur\u012bba:&nbsp;10000mm\/h2o\/24h<\/li>\n<li>Telts virspuses \u016bdens notur\u012bba:&nbsp;4000mm\/h2o\/24h<\/li>\n<li>Vietu skaits:&nbsp;2<\/li>\n<li>Iepakojuma izm\u0113rs:&nbsp;15cm x 15cm x 45cm<\/li>\n<li>Ieeju skaits:&nbsp;1<\/li>\n<li>Telts loku materi\u0101ls:&nbsp;Durawarp stikla&scaron;\u0137iedra<\/li>\n<li>Telts loku diametrs:&nbsp;8,5mm<\/li>\n<li>Gr\u012bdas materi\u0101ls:&nbsp;100 % PU neilons, 10000 mm H2O<\/li>\n<li>Iek&scaron;\u0113j\u0101s telts materi\u0101ls:&nbsp;permeable WR 100 % PES<\/li>\n<li>Virspuses telts materi\u0101ls:&nbsp;100 % polyester, 4000 mm H2O<\/li>\n<li>Gr\u012bdas izm\u0113ri:&nbsp;160cm x 210cm<\/li>\n<li>Ra\u017eot\u0101js:&nbsp;TRIMM<\/li>\n<li>Papildus:&nbsp;Taped seams<\/li>\n<li>Kategorija:&nbsp;Teltis<\/li>\n<\/ul>\n","protected":false},"excerpt":{"rendered":"<p>\u012apa&scaron;i iztur\u012bga kalnu telts,kas piem\u0113rota pat vispras\u012bg\u0101kajiem apst\u0101k\u013ciem un lietot\u0101jiem. \u012apa&scaron;i veidot\u0101 divreiz krustotu loku sist\u0113ma nodro&scaron;ina telts notur\u012bbu pat \u013coti stipra v\u0113ja apst\u0101k\u013cos. Augstums:&nbsp;135cm Svars:&nbsp;3,20kg Gr\u012bdas \u016bdens notur\u012bba:&nbsp;10000mm\/h2o\/24h Telts virspuses \u016bdens notur\u012bba:&nbsp;4000mm\/h2o\/24h Vietu skaits:&nbsp;2 Iepakojuma izm\u0113rs:&nbsp;15cm x 15cm x 45cm Ieeju skaits:&nbsp;1 Telts loku materi\u0101ls:&nbsp;Durawarp stikla&scaron;\u0137iedra Telts loku diametrs:&nbsp;8,5mm Gr\u012bdas materi\u0101ls:&nbsp;100 % PU neilons, [&hellip;]<\/p>\n","protected":false},"featured_media":65042,"template":"","meta":[],"product_brand":[953],"product_cat":[4558,4568,4960],"product_tag":[],"class_list":{"0":"post-77357","1":"product","2":"type-product","3":"status-publish","4":"has-post-thumbnail","6":"product_brand-trimm","7":"product_cat-for-tourism-recreation","8":"product_cat-tents-for-tourism-recreation","9":"product_cat-trimm-tents-tents-for-tourism-recreation","11":"first","12":"instock","13":"shipping-taxable","14":"purchasable","15":"product-type-simple"},"_links":{"self":[{"href":"https:\/\/sezona.lv\/en\/wp-json\/wp\/v2\/product\/77357","targetHints":{"allow":["GET"]}}],"collection":[{"href":"https:\/\/sezona.lv\/en\/wp-json\/wp\/v2\/product"}],"about":[{"href":"https:\/\/sezona.lv\/en\/wp-json\/wp\/v2\/types\/product"}],"wp:featuredmedia":[{"embeddable":true,"href":"https:\/\/sezona.lv\/en\/wp-json\/wp\/v2\/media\/65042"}],"wp:attachment":[{"href":"https:\/\/sezona.lv\/en\/wp-json\/wp\/v2\/media?parent=77357"}],"wp:term":[{"taxonomy":"product_brand","embeddable":true,"href":"https:\/\/sezona.lv\/en\/wp-json\/wp\/v2\/product_brand?post=77357"},{"taxonomy":"product_cat","embeddable":true,"href":"https:\/\/sezona.lv\/en\/wp-json\/wp\/v2\/product_cat?post=77357"},{"taxonomy":"product_tag","embeddable":true,"href":"https:\/\/sezona.lv\/en\/wp-json\/wp\/v2\/product_tag?post=77357"}],"curies":[{"name":"wp","href":"https:\/\/api.w.org\/{rel}","templated":true}]}}