{"id":77358,"date":"2025-07-14T15:05:12","date_gmt":"2025-07-14T12:05:12","guid":{"rendered":"https:\/\/demo8.ecube.lv\/sezona.lv\/products\/telts-trimm-focus\/"},"modified":"2025-07-14T15:05:12","modified_gmt":"2025-07-14T12:05:12","slug":"telts-trimm-focus","status":"publish","type":"product","link":"https:\/\/sezona.lv\/en\/products\/telts-trimm-focus\/","title":{"rendered":"Telts Trimm FOCUS"},"content":{"rendered":"<p><span>Focus ir telts, kas paredz\u0113ta tr\u012bs l\u012bdz \u010detr\u0101m person\u0101m. Tai ir liela un \u0113rti pieejama priek&scaron;telpa, kuru iesp\u0113jams atv\u0113rt no ab\u0101m pus\u0113m. &Scaron;\u012b priek&scaron;telpa b\u016bs noder\u012bga gan velosip\u0113da un citas bag\u0101\u017eas novieto&scaron;anai, gan atsevi&scaron;\u0137u personu nak&scaron;\u0146o&scaron;anai. Focus ir lieliska telts \u0123imenes br\u012bvdienu ce\u013cojumam &#8211; t\u0101s galven\u0101s priek&scaron;roc\u012bbas ir komforts un pla&scaron;a pielietojam\u012bba.<\/span><\/p>\n<ul id=\"idTab2\" class=\"bullet\">\n<li>Augstums:&nbsp;130cm<\/li>\n<li>Svars:&nbsp;4,80kg<\/li>\n<li>Gr\u012bdas \u016bdens notur\u012bba:&nbsp;10000mm<\/li>\n<li>Telts virspuses \u016bdens notur\u012bba:&nbsp;4000mm<\/li>\n<li>Vietu skaits:&nbsp;3 &#8211; 4<\/li>\n<li>Iepakojuma izm\u0113rs:&nbsp;19 x 19 x 49 cm<\/li>\n<li>Ieeju skaits:&nbsp;3 \/ 1<\/li>\n<li>Telts loku materi\u0101ls:&nbsp;Durawrap, 8,5 mm, 9,5 mm<\/li>\n<li>Telts loku diametrs:&nbsp;8,5mm \/ 9,5mm<\/li>\n<li>Gr\u012bdas materi\u0101ls:&nbsp;100 % nylon PU10000mm H2O<\/li>\n<li>Iek&scaron;\u0113j\u0101s telts materi\u0101ls:&nbsp;permeable WR 100 % PES<\/li>\n<li>Virspuses telts materi\u0101ls:&nbsp;100 % polyester, 4000 mm H2O<\/li>\n<li>Gr\u012bdas izm\u0113ri:&nbsp;205cm x 220cm<\/li>\n<li>Ra\u017eot\u0101js:&nbsp;TRIMM<\/li>\n<li>Izm\u0113rs:&nbsp;(205 + 160) x 220 \/ 130<\/li>\n<li>Kategorija:&nbsp;Teltis<\/li>\n<\/ul>\n","protected":false},"excerpt":{"rendered":"<p>Focus ir telts, kas paredz\u0113ta tr\u012bs l\u012bdz \u010detr\u0101m person\u0101m. Tai ir liela un \u0113rti pieejama priek&scaron;telpa, kuru iesp\u0113jams atv\u0113rt no ab\u0101m pus\u0113m. &Scaron;\u012b priek&scaron;telpa b\u016bs noder\u012bga gan velosip\u0113da un citas bag\u0101\u017eas novieto&scaron;anai, gan atsevi&scaron;\u0137u personu nak&scaron;\u0146o&scaron;anai. Focus ir lieliska telts \u0123imenes br\u012bvdienu ce\u013cojumam &#8211; t\u0101s galven\u0101s priek&scaron;roc\u012bbas ir komforts un pla&scaron;a pielietojam\u012bba. Augstums:&nbsp;130cm Svars:&nbsp;4,80kg Gr\u012bdas [&hellip;]<\/p>\n","protected":false},"featured_media":0,"template":"","meta":[],"product_brand":[953],"product_cat":[4558,4568,4640,4960],"product_tag":[],"class_list":{"0":"post-77358","1":"product","2":"type-product","3":"status-publish","5":"product_brand-trimm","6":"product_cat-for-tourism-recreation","7":"product_cat-tents-for-tourism-recreation","8":"product_cat-recreation","9":"product_cat-trimm-tents-tents-for-tourism-recreation","11":"first","12":"instock","13":"shipping-taxable","14":"purchasable","15":"product-type-simple"},"_links":{"self":[{"href":"https:\/\/sezona.lv\/en\/wp-json\/wp\/v2\/product\/77358","targetHints":{"allow":["GET"]}}],"collection":[{"href":"https:\/\/sezona.lv\/en\/wp-json\/wp\/v2\/product"}],"about":[{"href":"https:\/\/sezona.lv\/en\/wp-json\/wp\/v2\/types\/product"}],"wp:attachment":[{"href":"https:\/\/sezona.lv\/en\/wp-json\/wp\/v2\/media?parent=77358"}],"wp:term":[{"taxonomy":"product_brand","embeddable":true,"href":"https:\/\/sezona.lv\/en\/wp-json\/wp\/v2\/product_brand?post=77358"},{"taxonomy":"product_cat","embeddable":true,"href":"https:\/\/sezona.lv\/en\/wp-json\/wp\/v2\/product_cat?post=77358"},{"taxonomy":"product_tag","embeddable":true,"href":"https:\/\/sezona.lv\/en\/wp-json\/wp\/v2\/product_tag?post=77358"}],"curies":[{"name":"wp","href":"https:\/\/api.w.org\/{rel}","templated":true}]}}