{"id":77359,"date":"2025-07-11T16:08:33","date_gmt":"2025-07-11T13:08:33","guid":{"rendered":"https:\/\/demo8.ecube.lv\/sezona.lv\/products\/telts-trimm-enduro\/"},"modified":"2025-07-14T15:05:13","modified_gmt":"2025-07-14T12:05:13","slug":"telts-trimm-enduro","status":"publish","type":"product","link":"https:\/\/sezona.lv\/en\/products\/telts-trimm-enduro\/","title":{"rendered":"Telts Trimm ENDURO"},"content":{"rendered":"<p><span>Izcila 4 sezonu telts, kas piem\u0113rota jebkuram gada laikam un laika apst\u0101k\u013ciem. T\u0101s uzb\u016bve nodro&scaron;ina augstu komfortu jebkuros laika apst\u0101k\u013cos. Teltij ir divas ieejas, iek&scaron;\u0113j\u0101s telts ieejas ir ar smalku sietu, kas nodro&scaron;ina izcilu ventil\u0101ciju un pasarg\u0101 no jebkura izm\u0113ra insektiem. Divi caursp\u012bd\u012bgi logi nodro&scaron;ina dienasgaismu un lielisku skatu uz dabu.<\/span><\/p>\n<ul id=\"idTab2\" class=\"bullet\">\n<li>Augstums:&nbsp;145cm<\/li>\n<li>Svars:&nbsp;6.50kg<\/li>\n<li>Gr\u012bdas \u016bdens notur\u012bba:&nbsp;10000mm\/h2o\/24h<\/li>\n<li>Telts virspuses \u016bdens notur\u012bba:&nbsp;4000mm\/h2o\/24h<\/li>\n<li>Vietu skaits:&nbsp;4<\/li>\n<li>Iepakojuma izm\u0113rs:&nbsp;20cm x 20cm x62cm<\/li>\n<li>Ieeju skaits:&nbsp;2<\/li>\n<li>Telts loku materi\u0101ls:&nbsp;Durawarp stikla&scaron;\u0137iedra<\/li>\n<li>Telts loku diametrs:&nbsp;8,5mm<\/li>\n<li>Gr\u012bdas materi\u0101ls:&nbsp;\u016adensnotur\u012bgs 100% poliesters<\/li>\n<li>Iek&scaron;\u0113j\u0101s telts materi\u0101ls:&nbsp;permeable WR 100 % PES<\/li>\n<li>Virspuses telts materi\u0101ls:&nbsp;100% poliesters, 4000 mm H2O<\/li>\n<li>Gr\u012bdas izm\u0113ri:&nbsp;260cm x 225cm<\/li>\n<li>Kategorija:&nbsp;Teltis<\/li>\n<\/ul>\n","protected":false},"excerpt":{"rendered":"<p>Izcila 4 sezonu telts, kas piem\u0113rota jebkuram gada laikam un laika apst\u0101k\u013ciem. T\u0101s uzb\u016bve nodro&scaron;ina augstu komfortu jebkuros laika apst\u0101k\u013cos. Teltij ir divas ieejas, iek&scaron;\u0113j\u0101s telts ieejas ir ar smalku sietu, kas nodro&scaron;ina izcilu ventil\u0101ciju un pasarg\u0101 no jebkura izm\u0113ra insektiem. Divi caursp\u012bd\u012bgi logi nodro&scaron;ina dienasgaismu un lielisku skatu uz dabu. Augstums:&nbsp;145cm Svars:&nbsp;6.50kg Gr\u012bdas \u016bdens [&hellip;]<\/p>\n","protected":false},"featured_media":65049,"template":"","meta":[],"product_brand":[953],"product_cat":[4558,4568,4960],"product_tag":[],"class_list":{"0":"post-77359","1":"product","2":"type-product","3":"status-publish","4":"has-post-thumbnail","6":"product_brand-trimm","7":"product_cat-for-tourism-recreation","8":"product_cat-tents-for-tourism-recreation","9":"product_cat-trimm-tents-tents-for-tourism-recreation","11":"first","12":"instock","13":"shipping-taxable","14":"purchasable","15":"product-type-simple"},"_links":{"self":[{"href":"https:\/\/sezona.lv\/en\/wp-json\/wp\/v2\/product\/77359","targetHints":{"allow":["GET"]}}],"collection":[{"href":"https:\/\/sezona.lv\/en\/wp-json\/wp\/v2\/product"}],"about":[{"href":"https:\/\/sezona.lv\/en\/wp-json\/wp\/v2\/types\/product"}],"wp:featuredmedia":[{"embeddable":true,"href":"https:\/\/sezona.lv\/en\/wp-json\/wp\/v2\/media\/65049"}],"wp:attachment":[{"href":"https:\/\/sezona.lv\/en\/wp-json\/wp\/v2\/media?parent=77359"}],"wp:term":[{"taxonomy":"product_brand","embeddable":true,"href":"https:\/\/sezona.lv\/en\/wp-json\/wp\/v2\/product_brand?post=77359"},{"taxonomy":"product_cat","embeddable":true,"href":"https:\/\/sezona.lv\/en\/wp-json\/wp\/v2\/product_cat?post=77359"},{"taxonomy":"product_tag","embeddable":true,"href":"https:\/\/sezona.lv\/en\/wp-json\/wp\/v2\/product_tag?post=77359"}],"curies":[{"name":"wp","href":"https:\/\/api.w.org\/{rel}","templated":true}]}}