{"id":77360,"date":"2025-07-14T15:05:14","date_gmt":"2025-07-14T12:05:14","guid":{"rendered":"https:\/\/demo8.ecube.lv\/sezona.lv\/products\/telts-trimm-oregon\/"},"modified":"2025-07-14T15:05:14","modified_gmt":"2025-07-14T12:05:14","slug":"telts-trimm-oregon","status":"publish","type":"product","link":"https:\/\/sezona.lv\/en\/products\/telts-trimm-oregon\/","title":{"rendered":"Telts Trimm OREGON"},"content":{"rendered":"<p><span>Telts tr\u012bs l\u012bdz \u010detr\u0101m person\u0101m. Oregon ir divas ieejas un divas priek&scaron;telpas, kas nodro&scaron;ina \u0113rtu pieeju un pla&scaron;u telpu bag\u0101\u017eai. Priek&scaron;telpas ir gana pla&scaron;as, lai taj\u0101s var\u0113tu gatavot malt\u012bti br\u012b\u017eos, kad \u0101r\u0101 ir nelabv\u0113l\u012bgi laika apst\u0101k\u013ci.<\/span><\/p>\n<ul id=\"idTab2\" class=\"bullet\">\n<li>Augstums:&nbsp;125cm<\/li>\n<li>Svars:&nbsp;4,50kg<\/li>\n<li>Telts virspuses \u016bdens notur\u012bba:&nbsp;3000mm<\/li>\n<li>Vietu skaits:&nbsp;3 &#8211; 4<\/li>\n<li>Iepakojuma izm\u0113rs:&nbsp;19 x 19 x 43 cm<\/li>\n<li>Ieeju skaits:&nbsp;2<\/li>\n<li>Telts loku materi\u0101ls:&nbsp;Durawrap, 8,5 mm, 9,5 mm<\/li>\n<li>Telts loku diametrs:&nbsp;8,5mm \/ 9,5mm<\/li>\n<li>Gr\u012bdas materi\u0101ls:&nbsp;Layered waterproof polyethylen<\/li>\n<li>Iek&scaron;\u0113j\u0101s telts materi\u0101ls:&nbsp;permeable WR 100 % PES<\/li>\n<li>Virspuses telts materi\u0101ls:&nbsp;100 % polyester, 3000 mm H2O<\/li>\n<li>Gr\u012bdas izm\u0113ri:&nbsp;210cm x 220cm<\/li>\n<li>Ra\u017eot\u0101js:&nbsp;TRIMM<\/li>\n<li>Izm\u0113rs:&nbsp;(85 + 210 + 85) x 220 \/ 125<\/li>\n<li>Kategorija:&nbsp;Teltis<\/li>\n<\/ul>\n","protected":false},"excerpt":{"rendered":"<p>Telts tr\u012bs l\u012bdz \u010detr\u0101m person\u0101m. Oregon ir divas ieejas un divas priek&scaron;telpas, kas nodro&scaron;ina \u0113rtu pieeju un pla&scaron;u telpu bag\u0101\u017eai. Priek&scaron;telpas ir gana pla&scaron;as, lai taj\u0101s var\u0113tu gatavot malt\u012bti br\u012b\u017eos, kad \u0101r\u0101 ir nelabv\u0113l\u012bgi laika apst\u0101k\u013ci. Augstums:&nbsp;125cm Svars:&nbsp;4,50kg Telts virspuses \u016bdens notur\u012bba:&nbsp;3000mm Vietu skaits:&nbsp;3 &#8211; 4 Iepakojuma izm\u0113rs:&nbsp;19 x 19 x 43 cm Ieeju skaits:&nbsp;2 [&hellip;]<\/p>\n","protected":false},"featured_media":0,"template":"","meta":[],"product_brand":[953],"product_cat":[4558,4568,4640,4960],"product_tag":[],"class_list":{"0":"post-77360","1":"product","2":"type-product","3":"status-publish","5":"product_brand-trimm","6":"product_cat-for-tourism-recreation","7":"product_cat-tents-for-tourism-recreation","8":"product_cat-recreation","9":"product_cat-trimm-tents-tents-for-tourism-recreation","11":"first","12":"instock","13":"shipping-taxable","14":"purchasable","15":"product-type-simple"},"_links":{"self":[{"href":"https:\/\/sezona.lv\/en\/wp-json\/wp\/v2\/product\/77360","targetHints":{"allow":["GET"]}}],"collection":[{"href":"https:\/\/sezona.lv\/en\/wp-json\/wp\/v2\/product"}],"about":[{"href":"https:\/\/sezona.lv\/en\/wp-json\/wp\/v2\/types\/product"}],"wp:attachment":[{"href":"https:\/\/sezona.lv\/en\/wp-json\/wp\/v2\/media?parent=77360"}],"wp:term":[{"taxonomy":"product_brand","embeddable":true,"href":"https:\/\/sezona.lv\/en\/wp-json\/wp\/v2\/product_brand?post=77360"},{"taxonomy":"product_cat","embeddable":true,"href":"https:\/\/sezona.lv\/en\/wp-json\/wp\/v2\/product_cat?post=77360"},{"taxonomy":"product_tag","embeddable":true,"href":"https:\/\/sezona.lv\/en\/wp-json\/wp\/v2\/product_tag?post=77360"}],"curies":[{"name":"wp","href":"https:\/\/api.w.org\/{rel}","templated":true}]}}