{"id":77361,"date":"2025-07-11T16:08:37","date_gmt":"2025-07-11T13:08:37","guid":{"rendered":"https:\/\/demo8.ecube.lv\/sezona.lv\/products\/telts-trimm-arizona-ii\/"},"modified":"2025-07-14T15:05:14","modified_gmt":"2025-07-14T12:05:14","slug":"telts-trimm-arizona-ii","status":"publish","type":"product","link":"https:\/\/sezona.lv\/en\/products\/telts-trimm-arizona-ii\/","title":{"rendered":"Telts Trimm ARIZONA II"},"content":{"rendered":"<p><span>&Scaron;\u012b ir liela telts, kas piem\u0113rota \u010detr\u0101m l\u012bdz piec\u0101m person\u0101m. Komfortablaj\u0101 Arizona telt\u012b \u0123imene jut\u012bsies \u0113rti ar\u012b ilgsto&scaron;a ce\u013cojuma laik\u0101. Pla&scaron;\u0101 priek&scaron;telpa ir ide\u0101la gan \u0113diena gatavo&scaron;anai, gan malt\u012b&scaron;u ietur\u0113&scaron;anai, gan ar\u012b papildu personas p\u0101rnak&scaron;\u0146o&scaron;anai.<\/span><\/p>\n<ul id=\"idTab2\" class=\"bullet\">\n<li>Augstums:&nbsp;200cm<\/li>\n<li>Svars:&nbsp;10,80kg<\/li>\n<li>Telts virspuses \u016bdens notur\u012bba:&nbsp;3000mm<\/li>\n<li>Vietu skaits:&nbsp;4 &#8211; 5<\/li>\n<li>Iepakojuma izm\u0113rs:&nbsp;23cm x 23cm x 67cm<\/li>\n<li>Ieeju skaits:&nbsp;2 \/ 1<\/li>\n<li>Telts loku materi\u0101ls:&nbsp;Durawarp stikla&scaron;\u0137iedra<\/li>\n<li>Telts loku diametrs:&nbsp;9,5mm \/ 11mm<\/li>\n<li>Gr\u012bdas materi\u0101ls:&nbsp;\u016adensnecaurlaid\u012bgs daudzsl\u0101\u0146u polietil\u0113ns<\/li>\n<li>Iek&scaron;\u0113j\u0101s telts materi\u0101ls:&nbsp;permeable WR 100 % PES<\/li>\n<li>Virspuses telts materi\u0101ls:&nbsp;100 % poliesters, 3000 mm H2O<\/li>\n<li>Gr\u012bdas izm\u0113ri:&nbsp;260cm x 220cm<\/li>\n<li>Ra\u017eot\u0101js:&nbsp;TRIMM<\/li>\n<li>Izm\u0113rs:&nbsp;(220 + 260) x 260 \/ 200<\/li>\n<li>Kategorija:&nbsp;Teltis<\/li>\n<\/ul>\n","protected":false},"excerpt":{"rendered":"<p>&Scaron;\u012b ir liela telts, kas piem\u0113rota \u010detr\u0101m l\u012bdz piec\u0101m person\u0101m. Komfortablaj\u0101 Arizona telt\u012b \u0123imene jut\u012bsies \u0113rti ar\u012b ilgsto&scaron;a ce\u013cojuma laik\u0101. Pla&scaron;\u0101 priek&scaron;telpa ir ide\u0101la gan \u0113diena gatavo&scaron;anai, gan malt\u012b&scaron;u ietur\u0113&scaron;anai, gan ar\u012b papildu personas p\u0101rnak&scaron;\u0146o&scaron;anai. Augstums:&nbsp;200cm Svars:&nbsp;10,80kg Telts virspuses \u016bdens notur\u012bba:&nbsp;3000mm Vietu skaits:&nbsp;4 &#8211; 5 Iepakojuma izm\u0113rs:&nbsp;23cm x 23cm x 67cm Ieeju skaits:&nbsp;2 \/ 1 [&hellip;]<\/p>\n","protected":false},"featured_media":65054,"template":"","meta":[],"product_brand":[953],"product_cat":[4558,4568,4960],"product_tag":[],"class_list":{"0":"post-77361","1":"product","2":"type-product","3":"status-publish","4":"has-post-thumbnail","6":"product_brand-trimm","7":"product_cat-for-tourism-recreation","8":"product_cat-tents-for-tourism-recreation","9":"product_cat-trimm-tents-tents-for-tourism-recreation","11":"first","12":"instock","13":"shipping-taxable","14":"purchasable","15":"product-type-simple"},"_links":{"self":[{"href":"https:\/\/sezona.lv\/en\/wp-json\/wp\/v2\/product\/77361","targetHints":{"allow":["GET"]}}],"collection":[{"href":"https:\/\/sezona.lv\/en\/wp-json\/wp\/v2\/product"}],"about":[{"href":"https:\/\/sezona.lv\/en\/wp-json\/wp\/v2\/types\/product"}],"wp:featuredmedia":[{"embeddable":true,"href":"https:\/\/sezona.lv\/en\/wp-json\/wp\/v2\/media\/65054"}],"wp:attachment":[{"href":"https:\/\/sezona.lv\/en\/wp-json\/wp\/v2\/media?parent=77361"}],"wp:term":[{"taxonomy":"product_brand","embeddable":true,"href":"https:\/\/sezona.lv\/en\/wp-json\/wp\/v2\/product_brand?post=77361"},{"taxonomy":"product_cat","embeddable":true,"href":"https:\/\/sezona.lv\/en\/wp-json\/wp\/v2\/product_cat?post=77361"},{"taxonomy":"product_tag","embeddable":true,"href":"https:\/\/sezona.lv\/en\/wp-json\/wp\/v2\/product_tag?post=77361"}],"curies":[{"name":"wp","href":"https:\/\/api.w.org\/{rel}","templated":true}]}}