{"id":77362,"date":"2025-07-11T16:08:42","date_gmt":"2025-07-11T13:08:42","guid":{"rendered":"https:\/\/demo8.ecube.lv\/sezona.lv\/products\/telts-trimm-comfort-ii-smilsu-peleka\/"},"modified":"2025-07-14T15:05:16","modified_gmt":"2025-07-14T12:05:16","slug":"telts-trimm-comfort-ii-smilsu-peleka","status":"publish","type":"product","link":"https:\/\/sezona.lv\/en\/products\/telts-trimm-comfort-ii-smilsu-peleka\/","title":{"rendered":"Telts Trimm COMFORT II smil\u0161u\/pel\u0113ka"},"content":{"rendered":"<p><span>Comfort ir liela telts, kas paredz\u0113ta visai \u0123imenei. \u010cetru loku sist\u0113ma, kas krustojas piecos punktos, iztur\u0113s pat sp\u0113c\u012bgu v\u0113ju un nodro&scaron;in\u0101s stabilit\u0101ti da\u017e\u0101dos laika apst\u0101k\u013cos. Telts priek&scaron;pus\u0113 iesp\u0113jams uzsliet jumtu, pace\u013cot ieeju.<\/span><\/p>\n<ul id=\"idTab2\" class=\"bullet\">\n<li>Augstums:&nbsp;190cm<\/li>\n<li>Svars:&nbsp;11,00kg<\/li>\n<li>Telts virspuses \u016bdens notur\u012bba:&nbsp;3000mm<\/li>\n<li>Vietu skaits:&nbsp;4 &#8211; 6<\/li>\n<li>Iepakojuma izm\u0113rs:&nbsp;24cm x 24cm x 61cm<\/li>\n<li>Telts loku materi\u0101ls:&nbsp;Durawarp stikla&scaron;\u0137iedra<\/li>\n<li>Telts loku diametrs:&nbsp;9,5mm \/ 11mm<\/li>\n<li>Gr\u012bdas materi\u0101ls:&nbsp;\u016adensnecaurlaid\u012bgs daudzsl\u0101\u0146u polietil\u0113ns<\/li>\n<li>Iek&scaron;\u0113j\u0101s telts materi\u0101ls:&nbsp;permeable WR 100 % PES<\/li>\n<li>Virspuses telts materi\u0101ls:&nbsp;100 % poliesters, 3000 mm H2O<\/li>\n<li>Gr\u012bdas izm\u0113ri:&nbsp;220cm x 150cm<\/li>\n<li>Ra\u017eot\u0101js:&nbsp;TRIMM<\/li>\n<li>Izm\u0113rs:&nbsp;(150 + 150 + 150) x 230 \/ 190<\/li>\n<li>Kategorija:&nbsp;Teltis<\/li>\n<\/ul>\n","protected":false},"excerpt":{"rendered":"<p>Comfort ir liela telts, kas paredz\u0113ta visai \u0123imenei. \u010cetru loku sist\u0113ma, kas krustojas piecos punktos, iztur\u0113s pat sp\u0113c\u012bgu v\u0113ju un nodro&scaron;in\u0101s stabilit\u0101ti da\u017e\u0101dos laika apst\u0101k\u013cos. Telts priek&scaron;pus\u0113 iesp\u0113jams uzsliet jumtu, pace\u013cot ieeju. Augstums:&nbsp;190cm Svars:&nbsp;11,00kg Telts virspuses \u016bdens notur\u012bba:&nbsp;3000mm Vietu skaits:&nbsp;4 &#8211; 6 Iepakojuma izm\u0113rs:&nbsp;24cm x 24cm x 61cm Telts loku materi\u0101ls:&nbsp;Durawarp stikla&scaron;\u0137iedra Telts loku diametrs:&nbsp;9,5mm [&hellip;]<\/p>\n","protected":false},"featured_media":65059,"template":"","meta":[],"product_brand":[953],"product_cat":[4558,4568,4960],"product_tag":[],"class_list":{"0":"post-77362","1":"product","2":"type-product","3":"status-publish","4":"has-post-thumbnail","6":"product_brand-trimm","7":"product_cat-for-tourism-recreation","8":"product_cat-tents-for-tourism-recreation","9":"product_cat-trimm-tents-tents-for-tourism-recreation","11":"first","12":"instock","13":"shipping-taxable","14":"purchasable","15":"product-type-simple"},"_links":{"self":[{"href":"https:\/\/sezona.lv\/en\/wp-json\/wp\/v2\/product\/77362","targetHints":{"allow":["GET"]}}],"collection":[{"href":"https:\/\/sezona.lv\/en\/wp-json\/wp\/v2\/product"}],"about":[{"href":"https:\/\/sezona.lv\/en\/wp-json\/wp\/v2\/types\/product"}],"wp:featuredmedia":[{"embeddable":true,"href":"https:\/\/sezona.lv\/en\/wp-json\/wp\/v2\/media\/65059"}],"wp:attachment":[{"href":"https:\/\/sezona.lv\/en\/wp-json\/wp\/v2\/media?parent=77362"}],"wp:term":[{"taxonomy":"product_brand","embeddable":true,"href":"https:\/\/sezona.lv\/en\/wp-json\/wp\/v2\/product_brand?post=77362"},{"taxonomy":"product_cat","embeddable":true,"href":"https:\/\/sezona.lv\/en\/wp-json\/wp\/v2\/product_cat?post=77362"},{"taxonomy":"product_tag","embeddable":true,"href":"https:\/\/sezona.lv\/en\/wp-json\/wp\/v2\/product_tag?post=77362"}],"curies":[{"name":"wp","href":"https:\/\/api.w.org\/{rel}","templated":true}]}}