{"id":77364,"date":"2025-07-11T16:08:48","date_gmt":"2025-07-11T13:08:48","guid":{"rendered":"https:\/\/demo8.ecube.lv\/sezona.lv\/products\/telts-trimm-galaxy-ii-smilsu\/"},"modified":"2025-07-14T15:05:17","modified_gmt":"2025-07-14T12:05:17","slug":"telts-trimm-galaxy-ii-smilsu","status":"publish","type":"product","link":"https:\/\/sezona.lv\/en\/products\/telts-trimm-galaxy-ii-smilsu\/","title":{"rendered":"Telts Trimm GALAXY II smil\u0161u"},"content":{"rendered":"<p><span>Telts ir paredz\u0113ta asto\u0146\u0101m l\u012bdz desmit person\u0101m. T\u0101 ir komfortabla pagaidu m\u012btne lielai \u0123imenei, kas gatavojas doties ce\u013cojum\u0101 vai atp\u016bsties dab\u0101. Pla&scaron;\u0101 priek&scaron;telpa noder\u0113s gan \u0113diena gatavo&scaron;anai, gan malt\u012bt\u0113m, gan ar\u012b papildu personu p\u0101rnak&scaron;\u0146o&scaron;anai.<\/span><\/p>\n<ul id=\"idTab2\" class=\"bullet\">\n<li>Augstums:&nbsp;200cm<\/li>\n<li>Svars:&nbsp;15,00kg<\/li>\n<li>Telts virspuses \u016bdens notur\u012bba:&nbsp;3000mm<\/li>\n<li>Vietu skaits:&nbsp;8 &#8211; 10<\/li>\n<li>Iepakojuma izm\u0113rs:&nbsp;25cm x 25cm x70cm<\/li>\n<li>Telts loku materi\u0101ls:&nbsp;Durawarp stikla&scaron;\u0137iedra<\/li>\n<li>Telts loku diametrs:&nbsp;9,5mm \/ 11mm<\/li>\n<li>Gr\u012bdas materi\u0101ls:&nbsp;\u016adensnecaurlaid\u012bgs daudzsl\u0101\u0146u polietil\u0113ns<\/li>\n<li>Iek&scaron;\u0113j\u0101s telts materi\u0101ls:&nbsp;permeable WR 100 % PES<\/li>\n<li>Virspuses telts materi\u0101ls:&nbsp;100 % poliesters, 3000 mm H2O<\/li>\n<li>Gr\u012bdas izm\u0113ri:&nbsp;260cm x 220cm<\/li>\n<li>Ra\u017eot\u0101js:&nbsp;TRIMM<\/li>\n<li>Izm\u0113rs:&nbsp;(220 + 260 + 220) x 260 \/ 200<\/li>\n<li>Kategorija:&nbsp;Teltis<\/li>\n<\/ul>\n","protected":false},"excerpt":{"rendered":"<p>Telts ir paredz\u0113ta asto\u0146\u0101m l\u012bdz desmit person\u0101m. T\u0101 ir komfortabla pagaidu m\u012btne lielai \u0123imenei, kas gatavojas doties ce\u013cojum\u0101 vai atp\u016bsties dab\u0101. Pla&scaron;\u0101 priek&scaron;telpa noder\u0113s gan \u0113diena gatavo&scaron;anai, gan malt\u012bt\u0113m, gan ar\u012b papildu personu p\u0101rnak&scaron;\u0146o&scaron;anai. Augstums:&nbsp;200cm Svars:&nbsp;15,00kg Telts virspuses \u016bdens notur\u012bba:&nbsp;3000mm Vietu skaits:&nbsp;8 &#8211; 10 Iepakojuma izm\u0113rs:&nbsp;25cm x 25cm x70cm Telts loku materi\u0101ls:&nbsp;Durawarp stikla&scaron;\u0137iedra Telts loku [&hellip;]<\/p>\n","protected":false},"featured_media":65069,"template":"","meta":[],"product_brand":[953],"product_cat":[4558,4568,4960],"product_tag":[],"class_list":{"0":"post-77364","1":"product","2":"type-product","3":"status-publish","4":"has-post-thumbnail","6":"product_brand-trimm","7":"product_cat-for-tourism-recreation","8":"product_cat-tents-for-tourism-recreation","9":"product_cat-trimm-tents-tents-for-tourism-recreation","11":"first","12":"instock","13":"shipping-taxable","14":"purchasable","15":"product-type-simple"},"_links":{"self":[{"href":"https:\/\/sezona.lv\/en\/wp-json\/wp\/v2\/product\/77364","targetHints":{"allow":["GET"]}}],"collection":[{"href":"https:\/\/sezona.lv\/en\/wp-json\/wp\/v2\/product"}],"about":[{"href":"https:\/\/sezona.lv\/en\/wp-json\/wp\/v2\/types\/product"}],"wp:featuredmedia":[{"embeddable":true,"href":"https:\/\/sezona.lv\/en\/wp-json\/wp\/v2\/media\/65069"}],"wp:attachment":[{"href":"https:\/\/sezona.lv\/en\/wp-json\/wp\/v2\/media?parent=77364"}],"wp:term":[{"taxonomy":"product_brand","embeddable":true,"href":"https:\/\/sezona.lv\/en\/wp-json\/wp\/v2\/product_brand?post=77364"},{"taxonomy":"product_cat","embeddable":true,"href":"https:\/\/sezona.lv\/en\/wp-json\/wp\/v2\/product_cat?post=77364"},{"taxonomy":"product_tag","embeddable":true,"href":"https:\/\/sezona.lv\/en\/wp-json\/wp\/v2\/product_tag?post=77364"}],"curies":[{"name":"wp","href":"https:\/\/api.w.org\/{rel}","templated":true}]}}