{"id":77366,"date":"2025-07-11T16:08:54","date_gmt":"2025-07-11T13:08:54","guid":{"rendered":"https:\/\/demo8.ecube.lv\/sezona.lv\/products\/crazy-fish-aspen-stake-spinings-1-90m-2-10gr\/"},"modified":"2025-07-14T15:05:20","modified_gmt":"2025-07-14T12:05:20","slug":"crazy-fish-aspen-stake-spinings-1-90m-2-10gr","status":"publish","type":"product","link":"https:\/\/sezona.lv\/en\/products\/crazy-fish-aspen-stake-spinings-1-90m-2-10gr\/","title":{"rendered":"Crazy Fish ASPEN Stake spinings 1.90m, 2-10gr"},"content":{"rendered":"<p>CRAZY FISH spininga k\u0101tu s\u0113rija ASPEN STAKE.<\/p>\n<p>T\u0101das tehnisk\u0101s \u012bpa&scaron;\u012bbas un izpild\u012bjuma kvalit\u0101ti par t\u0101du cenu  analogu  atrast b\u016bs patie&scaron;\u0101m sare\u017e\u0123\u012bti. ASPEN STAKE s\u0113rij\u0101 ietilpst 5  mode\u013ci ar  testiem 1-6g, 2-10g, 3-15g, 5-21g, un 10-35g. Visi ASPEN  STAKE mode\u013ci ir  \u0101tras akcijas un apr\u012bkoti ar tubular (dobta ) tipa  spic\u0113m, kas kopum\u0101  padara tos vienlaic\u012bgi \u013coti j\u016bt\u012bgus un informat\u012bvus  gan &bdquo;uz roku&rdquo; gan  ar\u012b fiks\u0113jot spices gali\u0146a kust\u012bbas, iemetiena  \u012bpa&scaron;\u012bbas ir lieliskas pat  \u012bsaj\u0101m versij\u0101m.<\/p>\n<p>K\u0101ti ir apr\u012bkoti ar Korejas SiC ri\u0146\u0137iem, dal\u012bta tipa rokturi no EVA   materi\u0101la un aizmugur\u0113j\u0101s &bdquo;skr\u016bves&rdquo; fiks\u0101cijas spoles tur\u0113t\u0101ju, ir ar\u012b   kvalitat\u012bvs \u0101\u0137a fiksators. Materi\u0101li un furnit\u016bra ir izv\u0113l\u0113ta r\u016bp\u012bgi,   EVA ir kvalitat\u012bv\u0101 ciet\u0101 tipa, ko parasti liek jap\u0101\u0146i uz saviem k\u0101tiem,   spoles tur\u0113t\u0101js un gala elements ir akur\u0101ti un prec\u012bzi nostiprin\u0101ti.   Ri\u0146\u0137i izvietoti atbilsto&scaron;i m\u016bsdienu tendenc\u0113m, to tinums un lakas   kvalit\u0101te izskat\u0101s nevainojami.<\/p>\n<p>K\u0101tiem ir patie&scaron;\u0101m lielisks dizains, melna reljefa blanka ar  met\u0101liska  bordo kr\u0101sas posmu aiz spoles tur\u0113t\u0101ja, balti-melnu  turpin\u0101jum un baltu  smaili, skaisti un gaum\u012bgi.K\u0101ti ir univers\u0101li un  ide\u0101li piem\u0113roti tie&scaron;i  m\u016bsu \u016bde\u0146u apst\u0101k\u013ciem un m\u016bsu ziv\u012bm, un, lai  gan, pamata izmantojums  ,b\u016btu d\u017eiga tehnika, tom\u0113r d\u0113\u013c savas kop\u0113j\u0101s  uzb\u016bves un tubular spices  tipa tie pie\u013cauj daudz pla&scaron;\u0101ku pielietojumu.<\/p>\n<p>Vieglie \u012bsie k\u0101ti ar maz\u0101kajiem testiem var var b\u016bt piem\u0113roti gan   fore\u013cu un sapalu u.c. smalk\u0101ku zivju \u0137er&scaron;anai ar roti\u0146u un nelieliem   vobleriem vai &scaron;\u016bpi\u0146iem, vid\u0113jie jau ir pavisam univers\u0101li, ar tiem var   str\u0101d\u0101t praktiski jebkur\u0101 spininga m\u0101nek\u013cu tehnik\u0101, pat &scaron;o to pietvi\u010dot,   bet smag\u0101kais 35g jau ir absol\u016bti univers\u0101ls k\u0101ts, ko var dro&scaron;i   izmantot gan k\u0101 smago d\u017eigu, gan trofeju l\u012bdaku \u0137er&scaron;anas k\u0101tu ar jebkura   tipa m\u0101nek\u013ciem.ASPEN STAKE ir labs risin\u0101jums tam, ko tik bie\u017ei   veikalos prasa m\u016bsu mak&scaron;\u0137ernieki &ndash; tie ir k\u0101ti ar kuriem var pilnv\u0113rt\u012bgi   apvienot vair\u0101kas spiningo&scaron;anas metodes.<\/p>\n<p>Garums: 1.90m<\/p>\n<p>Tests: 2-10g<\/p>\n<p>Da\u013cu skaits: 2<\/p>\n","protected":false},"excerpt":{"rendered":"<p>CRAZY FISH spininga k\u0101tu s\u0113rija ASPEN STAKE. T\u0101das tehnisk\u0101s \u012bpa&scaron;\u012bbas un izpild\u012bjuma kvalit\u0101ti par t\u0101du cenu analogu atrast b\u016bs patie&scaron;\u0101m sare\u017e\u0123\u012bti. ASPEN STAKE s\u0113rij\u0101 ietilpst 5 mode\u013ci ar testiem 1-6g, 2-10g, 3-15g, 5-21g, un 10-35g. Visi ASPEN STAKE mode\u013ci ir \u0101tras akcijas un apr\u012bkoti ar tubular (dobta ) tipa spic\u0113m, kas kopum\u0101 padara tos vienlaic\u012bgi [&hellip;]<\/p>\n","protected":false},"featured_media":65079,"template":"","meta":[],"product_brand":[],"product_cat":[4538,4540,4551,4896],"product_tag":[],"class_list":{"0":"post-77366","1":"product","2":"type-product","3":"status-publish","4":"has-post-thumbnail","6":"product_cat-fishing-equipment-recreation","7":"product_cat-fishing-rods-fishing-equipment-recreation","8":"product_cat-spin-fishing-rods-fishing-rods-fishing-equipment-recreation","9":"product_cat-crazy-fish-rods-spin-fishing-rods-fishing-rods-fishing-equipment-recreation","11":"first","12":"instock","13":"shipping-taxable","14":"purchasable","15":"product-type-simple"},"_links":{"self":[{"href":"https:\/\/sezona.lv\/en\/wp-json\/wp\/v2\/product\/77366","targetHints":{"allow":["GET"]}}],"collection":[{"href":"https:\/\/sezona.lv\/en\/wp-json\/wp\/v2\/product"}],"about":[{"href":"https:\/\/sezona.lv\/en\/wp-json\/wp\/v2\/types\/product"}],"wp:featuredmedia":[{"embeddable":true,"href":"https:\/\/sezona.lv\/en\/wp-json\/wp\/v2\/media\/65079"}],"wp:attachment":[{"href":"https:\/\/sezona.lv\/en\/wp-json\/wp\/v2\/media?parent=77366"}],"wp:term":[{"taxonomy":"product_brand","embeddable":true,"href":"https:\/\/sezona.lv\/en\/wp-json\/wp\/v2\/product_brand?post=77366"},{"taxonomy":"product_cat","embeddable":true,"href":"https:\/\/sezona.lv\/en\/wp-json\/wp\/v2\/product_cat?post=77366"},{"taxonomy":"product_tag","embeddable":true,"href":"https:\/\/sezona.lv\/en\/wp-json\/wp\/v2\/product_tag?post=77366"}],"curies":[{"name":"wp","href":"https:\/\/api.w.org\/{rel}","templated":true}]}}