{"id":77370,"date":"2025-07-11T16:09:04","date_gmt":"2025-07-11T13:09:04","guid":{"rendered":"https:\/\/demo8.ecube.lv\/sezona.lv\/products\/stravas-benzina-generators-powertool-pg-pg-2600i\/"},"modified":"2025-07-14T15:05:24","modified_gmt":"2025-07-14T12:05:24","slug":"stravas-benzina-generators-powertool-pg-pg-2600i","status":"publish","type":"product","link":"https:\/\/sezona.lv\/en\/products\/stravas-benzina-generators-powertool-pg-pg-2600i\/","title":{"rendered":"Str\u0101vas benz\u012bna \u0123enerators Powertool PG PG 2600i"},"content":{"rendered":"<ul type=\"disc\">\n<li class=\"MsoNormal\"><span>Stab\u012bls izejo&scaron;ais AC spriegums pateicoties      ieb\u016bv\u0113tajam invertortipa alternatoram (izejo&scaron;ais AC <\/span><\/li>\n<\/ul>\n<p class=\"MsoNormal\"><span>&nbsp;&nbsp;&nbsp;&nbsp;&nbsp;&nbsp; spriegums att\u0113lojas uz digit\u0101l\u0101 dispelja), paredz\u0113ts augstas&nbsp; klases elektronikas ier\u012bc\u0113m k\u0101 dators u.c.; <\/span><\/p>\n<ul type=\"disc\">\n<li class=\"MsoNormal\"><span>digit\u0101ls displejs uzr\u0101da ar\u012b sprieguma      frekvenci, pat\u0113r\u0113t\u0101ja jaudu un str\u0101vu;<\/span><\/li>\n<li class=\"MsoNormal\"><span>\u0123eneratoru var iedarbin\u0101t ar elektrisko      starteri un rokas auklu;<\/span><\/li>\n<li class=\"MsoNormal\"><span>iesp\u0113ja l\u0101d\u0113t akumulatoru (12 V\/5 A uzl\u0101des DC      str\u0101va)<\/span><\/li>\n<li class=\"MsoNormal\"><span>aizsardz\u012bba pret nepietiekamu e\u013c\u013cas l\u012bmeni      motor\u0101 un p\u0101rslodzi;<\/span><\/li>\n<\/ul>\n<table class=\"MsoNormalTable\" border=\"1\" cellspacing=\"0\" cellpadding=\"0\">\n<tbody>\n<tr>\n<td width=\"373\">\n<p class=\"MsoNormal\" align=\"center\"><span>Modelis<\/span><\/p>\n<\/td>\n<td width=\"229\">\n<p class=\"MsoNormal\" align=\"center\"><span>PG 2600i<\/span><\/p>\n<\/td>\n<\/tr>\n<tr>\n<td width=\"373\">\n<p class=\"MsoNormal\" align=\"center\"><span>Dzin\u0113ja   tips<\/span><\/p>\n<\/td>\n<td width=\"229\">\n<p class=\"MsoNormal\" align=\"center\"><span>viencilindra   benz\u012bna, 4 v\u0101rsti, OHC, gaisa dzes\u0113&scaron;ana<\/span><\/p>\n<\/td>\n<\/tr>\n<tr>\n<td width=\"373\">\n<p class=\"MsoNormal\" align=\"center\"><span>Maks.jauda   AC (KW)<\/span><\/p>\n<\/td>\n<td width=\"229\">\n<p class=\"MsoNormal\" align=\"center\"><span>2.6<\/span><\/p>\n<\/td>\n<\/tr>\n<tr>\n<td width=\"373\">\n<p class=\"MsoNormal\" align=\"center\"><span>Nomin\u0101l\u0101   jauda AC (KW)<\/span><\/p>\n<\/td>\n<td width=\"229\">\n<p class=\"MsoNormal\" align=\"center\"><span>2.3<\/span><\/p>\n<\/td>\n<\/tr>\n<tr>\n<td width=\"373\">\n<p class=\"MsoNormal\" align=\"center\"><span>Jaudas   faktors cos &phi;<\/span><\/p>\n<\/td>\n<td width=\"229\">\n<p class=\"MsoNormal\" align=\"center\"><span>1.0<\/span><\/p>\n<\/td>\n<\/tr>\n<tr>\n<td width=\"373\">\n<p class=\"MsoNormal\" align=\"center\"><span>Frekvence(Hz)<\/span><\/p>\n<\/td>\n<td width=\"229\">\n<p class=\"MsoNormal\" align=\"center\"><span>50<\/span><\/p>\n<\/td>\n<\/tr>\n<tr>\n<td width=\"373\">\n<p class=\"MsoNormal\" align=\"center\"><span>AC nomin\u0101lais spriegums(V)<\/span><\/p>\n<\/td>\n<td width=\"229\">\n<p class=\"MsoNormal\" align=\"center\"><span>2   x 230<\/span><\/p>\n<\/td>\n<\/tr>\n<tr>\n<td width=\"373\">\n<p class=\"MsoNormal\" align=\"center\"><span>Darba   re\u017e\u012bma trok&scaron;\u0146u l\u012bmenis no 7 m att\u0101luma (dB)<\/span><\/p>\n<\/td>\n<td width=\"229\">\n<p class=\"MsoNormal\" align=\"center\"><span>63<\/span><\/p>\n<\/td>\n<\/tr>\n<tr>\n<td width=\"373\">\n<p class=\"MsoNormal\" align=\"center\"><span>Nomin\u0101lais   spriegums DC (V)<\/span><\/p>\n<\/td>\n<td width=\"229\">\n<p class=\"MsoNormal\" align=\"center\"><span>12,   5.0 A<\/span><\/p>\n<\/td>\n<\/tr>\n<tr>\n<td width=\"373\">\n<p class=\"MsoNormal\" align=\"center\"><span>Darba   re\u017e\u012bms ar pilnu degvielas tvertni pie 100 % slodzes<\/span><\/p>\n<\/td>\n<td width=\"229\">\n<p class=\"MsoNormal\" align=\"center\"><span>4   h 10 min<\/span><\/p>\n<\/td>\n<\/tr>\n<tr>\n<td width=\"373\"><\/td>\n<td width=\"229\"><\/td>\n<\/tr>\n<tr>\n<td width=\"373\">\n<p class=\"MsoNormal\" align=\"center\"><span>Degvielas   b\u0101kas tilpums (L)<\/span><\/p>\n<\/td>\n<td width=\"229\">\n<p class=\"MsoNormal\" align=\"center\"><span>7,5<\/span><\/p>\n<\/td>\n<\/tr>\n<tr>\n<td width=\"373\">\n<p class=\"MsoNormal\" align=\"center\"><span>Svars(kg)<\/span><\/p>\n<\/td>\n<td width=\"229\">\n<p class=\"MsoNormal\" align=\"center\"><span>34<\/span><\/p>\n<\/td>\n<\/tr>\n<tr>\n<td width=\"373\">\n<p class=\"MsoNormal\" align=\"center\"><span lang=\"FR-LU\">Izm\u0113ri(G&times;P&times;A)(mm)<\/span><\/p>\n<\/td>\n<td width=\"229\">\n<p class=\"MsoNormal\" align=\"center\"><span>565x320x470<\/span><\/p>\n<\/td>\n<\/tr>\n<\/tbody>\n<\/table>\n<p>&nbsp;<\/p>\n<p class=\"MsoNormal\"><strong><span>&nbsp;<\/span><\/strong><span>Invertortipa \u0123eneratoru priek&scaron;roc\u012bbas sal\u012bdzin\u0101jum\u0101 ar alternat\u012bvajiem \u0123eneratoriem:<\/span><\/p>\n<p class=\"MsoNormal\"><span lang=\"DE\"> <br \/> &#8211; jaud\u012bgi dzin\u0113ji: invertortipa \u0123enerator\u0101 ieb\u016bv\u0113ti \u012bpa&scaron;as konstrukcijas 4-taktu motori<br \/> &#8211; viegla kompakta konstrukcija un neliels svars: \u0123eneratori tie&scaron;\u0101 veid\u0101 ir savienoti ar motoru bez spararata, t\u0101d\u0113j\u0101di samazinot gan \u0123eneratora izm\u0113rus gan svaru v\u0113l par 50%<br \/> &#8211; samazin\u0101ts trok&scaron;\u0146u l\u012bmenis: divas trok&scaron;\u0146u l\u012bme\u0146a samazin\u0101&scaron;anas pak\u0101pes \u013cauj pazemin\u0101t trok&scaron;\u0146u l\u012bmeni par 5-10 dba, sal\u012bdzinot ar citiem &scaron;\u0101da veida \u0123eneratoriem<br \/> &#8211; augstas kvalit\u0101tes elektroener\u0123ijas ra\u017eo&scaron;ana: izejo&scaron;\u0101 t\u012bra s\u012bnusa sprieguma mai\u0146str\u0101va nodro&scaron;ina stabilu spriegumu un frekvenci, pateicoties invertortipa \u0123eneratora uzb\u016bvei<br \/> &#8211; degvielas un izmaksu ietaup\u012bjums: autom\u0101tisk\u0101 drosele un main\u0101mi motora \u0101trumi pie da\u017e\u0101d\u0101m slodz\u0113m \u013cauj ietaup\u012bt degvielu un samazin\u0101t izmaksas, k\u0101 ar\u012b saglab\u0101 zemu trok&scaron;\u0146u l\u012bmeni. <br \/> &#8211; \u012bpa&scaron;a konstrukcija: motoru jaudu kontrol\u0113jo&scaron;a drosele, augstas efektivit\u0101tes past\u0101v\u012bgo magn\u0113tu \u0123enerators, vieglas darb\u012bbas jauna invertora tehnolo\u0123ija<br \/> &#8211; daudzveid\u012bga aizsardz\u012bba: br\u012bdin\u0101jums par zemu e\u013c\u013cas l\u012bmeni, aizsardz\u012bba pret zemspriegumu un p\u0101rkar&scaron;anu, motora apgriezienu ierobe\u017eo&scaron;anas funkcija nodro&scaron;ina augstu darb\u012bbas efektivit\u0101ti<a name=\"_GoBack\"><\/a>.<\/span><\/p>\n","protected":false},"excerpt":{"rendered":"<p>Stab\u012bls izejo&scaron;ais AC spriegums pateicoties ieb\u016bv\u0113tajam invertortipa alternatoram (izejo&scaron;ais AC &nbsp;&nbsp;&nbsp;&nbsp;&nbsp;&nbsp; spriegums att\u0113lojas uz digit\u0101l\u0101 dispelja), paredz\u0113ts augstas&nbsp; klases elektronikas ier\u012bc\u0113m k\u0101 dators u.c.; digit\u0101ls displejs uzr\u0101da ar\u012b sprieguma frekvenci, pat\u0113r\u0113t\u0101ja jaudu un str\u0101vu; \u0123eneratoru var iedarbin\u0101t ar elektrisko starteri un rokas auklu; iesp\u0113ja l\u0101d\u0113t akumulatoru (12 V\/5 A uzl\u0101des DC str\u0101va) aizsardz\u012bba pret nepietiekamu [&hellip;]<\/p>\n","protected":false},"featured_media":65139,"template":"","meta":[],"product_brand":[],"product_cat":[4558,4785],"product_tag":[],"class_list":{"0":"post-77370","1":"product","2":"type-product","3":"status-publish","4":"has-post-thumbnail","6":"product_cat-for-tourism-recreation","7":"product_cat-generators-for-tourism-recreation","9":"first","10":"instock","11":"shipping-taxable","12":"purchasable","13":"product-type-simple"},"_links":{"self":[{"href":"https:\/\/sezona.lv\/en\/wp-json\/wp\/v2\/product\/77370","targetHints":{"allow":["GET"]}}],"collection":[{"href":"https:\/\/sezona.lv\/en\/wp-json\/wp\/v2\/product"}],"about":[{"href":"https:\/\/sezona.lv\/en\/wp-json\/wp\/v2\/types\/product"}],"wp:featuredmedia":[{"embeddable":true,"href":"https:\/\/sezona.lv\/en\/wp-json\/wp\/v2\/media\/65139"}],"wp:attachment":[{"href":"https:\/\/sezona.lv\/en\/wp-json\/wp\/v2\/media?parent=77370"}],"wp:term":[{"taxonomy":"product_brand","embeddable":true,"href":"https:\/\/sezona.lv\/en\/wp-json\/wp\/v2\/product_brand?post=77370"},{"taxonomy":"product_cat","embeddable":true,"href":"https:\/\/sezona.lv\/en\/wp-json\/wp\/v2\/product_cat?post=77370"},{"taxonomy":"product_tag","embeddable":true,"href":"https:\/\/sezona.lv\/en\/wp-json\/wp\/v2\/product_tag?post=77370"}],"curies":[{"name":"wp","href":"https:\/\/api.w.org\/{rel}","templated":true}]}}