{"id":77371,"date":"2025-07-11T16:09:05","date_gmt":"2025-07-11T13:09:05","guid":{"rendered":"https:\/\/demo8.ecube.lv\/sezona.lv\/products\/kaste-soma-big-water-storage-az8\/"},"modified":"2025-07-14T15:05:25","modified_gmt":"2025-07-14T12:05:25","slug":"kaste-soma-big-water-storage-az8","status":"publish","type":"product","link":"https:\/\/sezona.lv\/en\/products\/kaste-soma-big-water-storage-az8\/","title":{"rendered":"Kaste-soma BIG WATER STORAGE AZ8"},"content":{"rendered":"<p>&bull; Aizverama ar r\u0101v\u0113jsl\u0113dz\u0113ju<\/p>\n<p>&bull; \u010cetras kabatas, dro&scaron;\u012bbas gumijas somas aug&scaron;pus\u0113<\/p>\n<p>&bull; Kastes: 4006 (1 gab.), 220 (1 gab.) Un 5004 (6 gab.)<\/p>\n<p>&bull; Aizsardz\u012bbas ar polim\u0113ru ZERUST &reg;<\/p>\n<p>&bull; Iztur\u012bga, \u016bdensnecaurlaid\u012bga materi\u0101la soma<\/p>\n<p>&bull; Polster\u0113ta pleca siksna<\/p>\n<p>Izm\u0113rs: 45.7 x 29.2 x 33,0 (cm)<\/p>\n<table id=\"product-properties\" class=\"table-display\" border=\"0\">\n<tbody>\n<tr>\n<td class=\"title\">Modelis<\/td>\n<td>TACKLE SYSTEM<\/td>\n<\/tr>\n<tr>\n<td class=\"title\">Izplat\u012bt\u0101js<\/td>\n<td>Flambeau Inc.<\/td>\n<\/tr>\n<\/tbody>\n<\/table>\n","protected":false},"excerpt":{"rendered":"<p>&bull; Aizverama ar r\u0101v\u0113jsl\u0113dz\u0113ju &bull; \u010cetras kabatas, dro&scaron;\u012bbas gumijas somas aug&scaron;pus\u0113 &bull; Kastes: 4006 (1 gab.), 220 (1 gab.) Un 5004 (6 gab.) &bull; Aizsardz\u012bbas ar polim\u0113ru ZERUST &reg; &bull; Iztur\u012bga, \u016bdensnecaurlaid\u012bga materi\u0101la soma &bull; Polster\u0113ta pleca siksna Izm\u0113rs: 45.7 x 29.2 x 33,0 (cm) Modelis TACKLE SYSTEM Izplat\u012bt\u0101js Flambeau Inc.<\/p>\n","protected":false},"featured_media":65142,"template":"","meta":[],"product_brand":[],"product_cat":[4556],"product_tag":[],"class_list":{"0":"post-77371","1":"product","2":"type-product","3":"status-publish","4":"has-post-thumbnail","6":"product_cat-bags-boxes-fishing-equipment-recreation","8":"first","9":"instock","10":"shipping-taxable","11":"purchasable","12":"product-type-simple"},"_links":{"self":[{"href":"https:\/\/sezona.lv\/en\/wp-json\/wp\/v2\/product\/77371","targetHints":{"allow":["GET"]}}],"collection":[{"href":"https:\/\/sezona.lv\/en\/wp-json\/wp\/v2\/product"}],"about":[{"href":"https:\/\/sezona.lv\/en\/wp-json\/wp\/v2\/types\/product"}],"wp:featuredmedia":[{"embeddable":true,"href":"https:\/\/sezona.lv\/en\/wp-json\/wp\/v2\/media\/65142"}],"wp:attachment":[{"href":"https:\/\/sezona.lv\/en\/wp-json\/wp\/v2\/media?parent=77371"}],"wp:term":[{"taxonomy":"product_brand","embeddable":true,"href":"https:\/\/sezona.lv\/en\/wp-json\/wp\/v2\/product_brand?post=77371"},{"taxonomy":"product_cat","embeddable":true,"href":"https:\/\/sezona.lv\/en\/wp-json\/wp\/v2\/product_cat?post=77371"},{"taxonomy":"product_tag","embeddable":true,"href":"https:\/\/sezona.lv\/en\/wp-json\/wp\/v2\/product_tag?post=77371"}],"curies":[{"name":"wp","href":"https:\/\/api.w.org\/{rel}","templated":true}]}}