{"id":77372,"date":"2025-07-11T16:09:06","date_gmt":"2025-07-11T13:09:06","guid":{"rendered":"https:\/\/demo8.ecube.lv\/sezona.lv\/products\/racija-albrecht-tectalk-smart-xl\/"},"modified":"2025-07-14T15:05:26","modified_gmt":"2025-07-14T12:05:26","slug":"racija-albrecht-tectalk-smart-xl","status":"publish","type":"product","link":"https:\/\/sezona.lv\/en\/products\/racija-albrecht-tectalk-smart-xl\/","title":{"rendered":"R\u0101cija ALBRECHT TECTALK SMART XL"},"content":{"rendered":"<h4>PMR R\u0101cija ALBRECHT TECTALK SMART XL<\/h4>\n<div>&bull; Diapazons PMR (446.00625 &#8211; 446.09375 MHz)&nbsp;<br \/>&bull; Darb\u012bbas t\u0101lums l\u012bdz 2-3 \u043a\u043c.&nbsp;<br \/>&bull; Jauda &#8211; 0.5 W&nbsp;<br \/>&bull; 8 channel (8 kan\u0101li)&nbsp;<br \/>&bull; 38 CTCSS (tonalais kods-kod\u0113to signalu uztver&scaron;ana\/p\u0101rraide)&nbsp;<br \/>&bull; Baby sitter (radio aukle)&nbsp;<br \/>&bull; VOX (autop\u0101rraide ar 3-l\u012bme\u0146u j\u016bt\u012bgumu, atkar\u012bb\u0101 no apk\u0101rt\u0113j\u0101 trok&scaron;\u0146a)&nbsp;<br \/>&bull; Scan (sken\u0113&scaron;ana)&nbsp;<br \/>&bull; Baterijas darb\u012bbas laiks de\u017e\u016bres re\u017e\u012bm\u0101 l\u012bdz 20 h&nbsp;<br \/>&bull; LCD (&scaron;kidri-krist\u0101lisks displejs)&nbsp;<br \/>&bull; Svars 66 gr.&nbsp;<br \/>&bull; Izm\u0113rs 45 x 110 x 28 \u043c\u043c<\/div>\n","protected":false},"excerpt":{"rendered":"<p>PMR R\u0101cija ALBRECHT TECTALK SMART XL &bull; Diapazons PMR (446.00625 &#8211; 446.09375 MHz)&nbsp;&bull; Darb\u012bbas t\u0101lums l\u012bdz 2-3 \u043a\u043c.&nbsp;&bull; Jauda &#8211; 0.5 W&nbsp;&bull; 8 channel (8 kan\u0101li)&nbsp;&bull; 38 CTCSS (tonalais kods-kod\u0113to signalu uztver&scaron;ana\/p\u0101rraide)&nbsp;&bull; Baby sitter (radio aukle)&nbsp;&bull; VOX (autop\u0101rraide ar 3-l\u012bme\u0146u j\u016bt\u012bgumu, atkar\u012bb\u0101 no apk\u0101rt\u0113j\u0101 trok&scaron;\u0146a)&nbsp;&bull; Scan (sken\u0113&scaron;ana)&nbsp;&bull; Baterijas darb\u012bbas laiks de\u017e\u016bres re\u017e\u012bm\u0101 l\u012bdz 20 h&nbsp;&bull; [&hellip;]<\/p>\n","protected":false},"featured_media":65145,"template":"","meta":[],"product_brand":[],"product_cat":[4895],"product_tag":[],"class_list":{"0":"post-77372","1":"product","2":"type-product","3":"status-publish","4":"has-post-thumbnail","6":"product_cat-radios-navigation-watches-radios-recreation","8":"first","9":"instock","10":"shipping-taxable","11":"purchasable","12":"product-type-simple"},"_links":{"self":[{"href":"https:\/\/sezona.lv\/en\/wp-json\/wp\/v2\/product\/77372","targetHints":{"allow":["GET"]}}],"collection":[{"href":"https:\/\/sezona.lv\/en\/wp-json\/wp\/v2\/product"}],"about":[{"href":"https:\/\/sezona.lv\/en\/wp-json\/wp\/v2\/types\/product"}],"wp:featuredmedia":[{"embeddable":true,"href":"https:\/\/sezona.lv\/en\/wp-json\/wp\/v2\/media\/65145"}],"wp:attachment":[{"href":"https:\/\/sezona.lv\/en\/wp-json\/wp\/v2\/media?parent=77372"}],"wp:term":[{"taxonomy":"product_brand","embeddable":true,"href":"https:\/\/sezona.lv\/en\/wp-json\/wp\/v2\/product_brand?post=77372"},{"taxonomy":"product_cat","embeddable":true,"href":"https:\/\/sezona.lv\/en\/wp-json\/wp\/v2\/product_cat?post=77372"},{"taxonomy":"product_tag","embeddable":true,"href":"https:\/\/sezona.lv\/en\/wp-json\/wp\/v2\/product_tag?post=77372"}],"curies":[{"name":"wp","href":"https:\/\/api.w.org\/{rel}","templated":true}]}}