{"id":77373,"date":"2025-07-14T15:05:27","date_gmt":"2025-07-14T12:05:27","guid":{"rendered":"https:\/\/demo8.ecube.lv\/sezona.lv\/products\/racija-crt-p7n-pmr-446\/"},"modified":"2025-07-14T15:05:27","modified_gmt":"2025-07-14T12:05:27","slug":"racija-crt-p7n-pmr-446","status":"publish","type":"product","link":"https:\/\/sezona.lv\/en\/products\/racija-crt-p7n-pmr-446\/","title":{"rendered":"R\u0101cija CRT P7N PMR 446"},"content":{"rendered":"<p><span>Divvirzienu bezlicences r\u0101cija, frekvences 446,00625-446,09375 MHz; 16 kan\u0101li; kan\u0101lu skan\u0113&scaron;ana; p\u0101rraides jauda 0.5W; VOX funkcija; LED lukturis<\/span><\/p>\n<p><span>CRT P7N PMR 446<\/span><\/p>\n<div>\n<div id=\"tab_description\"><strong>Main features<\/strong><\/p>\n<p>&bull; 8 CX PMR 446 MHz + 8 CX preprogrammed with CTCSS&nbsp;<br \/>&bull; Channel spacing: 12.5 KHz (narrow)&nbsp;<br \/>&bull; Frequencies step: 5 KHz &#8211; 6.25 KHz&nbsp;<br \/>&bull; Output Power 0.5W&nbsp;<br \/>&bull; Antenna 11 cm&nbsp;<br \/>&bull; Function VOX&nbsp;<br \/>&bull; CTCSS\/DCS&nbsp;<br \/>&bull; Alarm function&nbsp;<br \/>&bull; Voice battery level indicator&nbsp;<br \/>&bull; Flashlight&nbsp;<br \/>&bull; Function talk around&nbsp;<br \/>&bull; Function Scan&nbsp;<br \/>&bull; Function TOT&nbsp;<br \/>&bull; Channel announced by voice&nbsp;<br \/>&bull; Function BCLO&nbsp;<br \/>&bull; Adjustable squelch&nbsp;<br \/>&bull; Key PF1 and PF2 programming&nbsp;<br \/>&bull; Keypad lock&nbsp;<br \/>&bull; Connector HP microphone type K&nbsp;<br \/>&bull; Size: 95 x 56 x 30 mm (with battery, without antenna)&nbsp;<br \/>&bull; Weight: 185 g<\/p>\n<\/div>\n<\/div>\n","protected":false},"excerpt":{"rendered":"<p>Divvirzienu bezlicences r\u0101cija, frekvences 446,00625-446,09375 MHz; 16 kan\u0101li; kan\u0101lu skan\u0113&scaron;ana; p\u0101rraides jauda 0.5W; VOX funkcija; LED lukturis CRT P7N PMR 446 Main features &bull; 8 CX PMR 446 MHz + 8 CX preprogrammed with CTCSS&nbsp;&bull; Channel spacing: 12.5 KHz (narrow)&nbsp;&bull; Frequencies step: 5 KHz &#8211; 6.25 KHz&nbsp;&bull; Output Power 0.5W&nbsp;&bull; Antenna 11 cm&nbsp;&bull; Function VOX&nbsp;&bull; [&hellip;]<\/p>\n","protected":false},"featured_media":0,"template":"","meta":[],"product_brand":[],"product_cat":[4895],"product_tag":[],"class_list":{"0":"post-77373","1":"product","2":"type-product","3":"status-publish","5":"product_cat-radios-navigation-watches-radios-recreation","7":"first","8":"instock","9":"shipping-taxable","10":"purchasable","11":"product-type-simple"},"_links":{"self":[{"href":"https:\/\/sezona.lv\/en\/wp-json\/wp\/v2\/product\/77373","targetHints":{"allow":["GET"]}}],"collection":[{"href":"https:\/\/sezona.lv\/en\/wp-json\/wp\/v2\/product"}],"about":[{"href":"https:\/\/sezona.lv\/en\/wp-json\/wp\/v2\/types\/product"}],"wp:attachment":[{"href":"https:\/\/sezona.lv\/en\/wp-json\/wp\/v2\/media?parent=77373"}],"wp:term":[{"taxonomy":"product_brand","embeddable":true,"href":"https:\/\/sezona.lv\/en\/wp-json\/wp\/v2\/product_brand?post=77373"},{"taxonomy":"product_cat","embeddable":true,"href":"https:\/\/sezona.lv\/en\/wp-json\/wp\/v2\/product_cat?post=77373"},{"taxonomy":"product_tag","embeddable":true,"href":"https:\/\/sezona.lv\/en\/wp-json\/wp\/v2\/product_tag?post=77373"}],"curies":[{"name":"wp","href":"https:\/\/api.w.org\/{rel}","templated":true}]}}