{"id":77374,"date":"2025-07-14T15:05:28","date_gmt":"2025-07-14T12:05:28","guid":{"rendered":"https:\/\/demo8.ecube.lv\/sezona.lv\/products\/racija-kenwood-protalk-tk-3501\/"},"modified":"2025-07-14T15:05:28","modified_gmt":"2025-07-14T12:05:28","slug":"racija-kenwood-protalk-tk-3501","status":"publish","type":"product","link":"https:\/\/sezona.lv\/en\/products\/racija-kenwood-protalk-tk-3501\/","title":{"rendered":"R\u0101cija KENWOOD ProTalk TK-3501"},"content":{"rendered":"<h4>KENWOOD ProTalk TK-3501<\/h4>\n<div><strong>Kenwood analogue ProTalk 446<\/strong><\/p>\n<p>Jauna&nbsp;<strong>TK-3501<\/strong>&nbsp;portat\u012bva p\u0101rnesama r\u0101cija, paredz\u0113ta ikdieni&scaron;\u0137ai izmanto&scaron;anai, kas padara vi\u0146u par ide\u0101lu pal\u012bgu darb\u0101 k\u0101 ies\u0101c\u0113jiem t\u0101 ar\u012b profesion\u0101\u013ciem.<\/p>\n<p><strong>Key Features<\/strong>&nbsp;<br \/>&bull; Hassle-free with no license required&nbsp;<br \/>&bull; Simple and easy to use&nbsp;<br \/>&bull; Proven Kenwood performance and durablility&nbsp;<br \/>&bull; Compact and robust&nbsp;<br \/>&bull; Enhanced audio volume with 1.5W BTL amplifier&nbsp;<br \/>&bull; User programmable without requiring software&nbsp;<br \/>&bull; Extended talk range&nbsp;<br \/>&bull; Complies with ETSI standards for analogue PMR446 license-free radio&nbsp;<br \/>&bull; Ideally suited to professional users requiring a simple, easy to operate, license-free radio communications solution<\/p>\n<p><strong>Other Features<\/strong>&nbsp;<br \/>&bull; Single priority scan&nbsp;<br \/>&bull; Built-in QT\/DQT encode\/decode&nbsp;<br \/>&bull; Keylock&nbsp;<br \/>&bull; Proceed tone\/PTT release tone&nbsp;<br \/>&bull; Busy channel lock out&nbsp;<br \/>&bull; Adjustable microphone gain (by FPU)&nbsp;<br \/>&bull; Built-in VOX&nbsp;<br \/>&bull; Preset 10-calling alert&nbsp;<br \/>&bull; All reset mode<\/p>\n<\/div>\n<table border=\"0\" cellspacing=\"0\" cellpadding=\"0\">\n<tbody>\n<tr>\n<th colspan=\"2\">Specifications<\/th>\n<\/tr>\n<tr>\n<td width=\"40%\">Frequency Range<\/td>\n<td>446.0 to 446.1 MHz<\/td>\n<\/tr>\n<tr>\n<td width=\"40%\">Number of Channels<\/td>\n<td>16 ch<\/td>\n<\/tr>\n<tr>\n<td width=\"40%\">Channel Spacing<\/td>\n<td>12.5 kHz<\/td>\n<\/tr>\n<tr>\n<td width=\"40%\">Operating Voltage<\/td>\n<td>7.5 V DC&plusmn;20%<\/td>\n<\/tr>\n<tr>\n<td width=\"40%\">Battery Life<\/td>\n<td>~ 14 hours<\/td>\n<\/tr>\n<tr>\n<td width=\"40%\">Operating Temperature Range<\/td>\n<td>-20&deg;C to +60&deg;C<\/td>\n<\/tr>\n<tr>\n<td width=\"40%\">Frequency Stability<\/td>\n<td>&plusmn; 2.5 ppm<\/td>\n<\/tr>\n<tr>\n<td width=\"40%\">Dimensions (W x H x D)<\/td>\n<td>54 x 117 x 25.5 mm<\/td>\n<\/tr>\n<tr>\n<td width=\"40%\">Weight<\/td>\n<td>140 g<\/td>\n<\/tr>\n<tr>\n<td width=\"40%\">RF Power output<\/td>\n<td>500 mW<\/td>\n<\/tr>\n<tr>\n<td width=\"40%\">Audio Output<\/td>\n<td>Internal speaker &#8211; 1.5 W \/ 8 &Omega;<br \/>External output &#8211; 500 mW \/ 8 &Omega;<\/td>\n<\/tr>\n<tr>\n<td width=\"40%\">Modulation<\/td>\n<td>8K50F3E<\/td>\n<\/tr>\n<\/tbody>\n<\/table>\n","protected":false},"excerpt":{"rendered":"<p>KENWOOD ProTalk TK-3501 Kenwood analogue ProTalk 446 Jauna&nbsp;TK-3501&nbsp;portat\u012bva p\u0101rnesama r\u0101cija, paredz\u0113ta ikdieni&scaron;\u0137ai izmanto&scaron;anai, kas padara vi\u0146u par ide\u0101lu pal\u012bgu darb\u0101 k\u0101 ies\u0101c\u0113jiem t\u0101 ar\u012b profesion\u0101\u013ciem. Key Features&nbsp;&bull; Hassle-free with no license required&nbsp;&bull; Simple and easy to use&nbsp;&bull; Proven Kenwood performance and durablility&nbsp;&bull; Compact and robust&nbsp;&bull; Enhanced audio volume with 1.5W BTL amplifier&nbsp;&bull; User programmable without [&hellip;]<\/p>\n","protected":false},"featured_media":0,"template":"","meta":[],"product_brand":[],"product_cat":[4895],"product_tag":[],"class_list":{"0":"post-77374","1":"product","2":"type-product","3":"status-publish","5":"product_cat-radios-navigation-watches-radios-recreation","7":"first","8":"instock","9":"shipping-taxable","10":"purchasable","11":"product-type-simple"},"_links":{"self":[{"href":"https:\/\/sezona.lv\/en\/wp-json\/wp\/v2\/product\/77374","targetHints":{"allow":["GET"]}}],"collection":[{"href":"https:\/\/sezona.lv\/en\/wp-json\/wp\/v2\/product"}],"about":[{"href":"https:\/\/sezona.lv\/en\/wp-json\/wp\/v2\/types\/product"}],"wp:attachment":[{"href":"https:\/\/sezona.lv\/en\/wp-json\/wp\/v2\/media?parent=77374"}],"wp:term":[{"taxonomy":"product_brand","embeddable":true,"href":"https:\/\/sezona.lv\/en\/wp-json\/wp\/v2\/product_brand?post=77374"},{"taxonomy":"product_cat","embeddable":true,"href":"https:\/\/sezona.lv\/en\/wp-json\/wp\/v2\/product_cat?post=77374"},{"taxonomy":"product_tag","embeddable":true,"href":"https:\/\/sezona.lv\/en\/wp-json\/wp\/v2\/product_tag?post=77374"}],"curies":[{"name":"wp","href":"https:\/\/api.w.org\/{rel}","templated":true}]}}