{"id":77375,"date":"2025-07-14T15:05:28","date_gmt":"2025-07-14T12:05:28","guid":{"rendered":"https:\/\/demo8.ecube.lv\/sezona.lv\/products\/racija-motorola-tlkr-t50\/"},"modified":"2025-07-14T15:05:28","modified_gmt":"2025-07-14T12:05:28","slug":"racija-motorola-tlkr-t50","status":"publish","type":"product","link":"https:\/\/sezona.lv\/en\/products\/racija-motorola-tlkr-t50\/","title":{"rendered":"R\u0101cija MOTOROLA TLKR T50"},"content":{"rendered":"<h4>R\u0101cija MOTOROLA TLKR T50<\/h4>\n<h4>Specifik\u0101cijas:<\/h4>\n<table border=\"0\" cellspacing=\"0\" cellpadding=\"0\">\n<tbody>\n<tr>\n<th colspan=\"2\">Audio<\/th>\n<\/tr>\n<tr>\n<td width=\"40%\">Autom\u0101tiskais trok&scaron;\u0146u sl\u0101p\u0113t\u0101js<\/td>\n<td>&nbsp;<\/td>\n<\/tr>\n<\/tbody>\n<\/table>\n<table border=\"0\" cellspacing=\"0\" cellpadding=\"0\">\n<tbody>\n<tr>\n<th colspan=\"2\">Interfeiss<\/th>\n<\/tr>\n<tr>\n<td width=\"40%\">S\u0101nu PTT<\/td>\n<td>&nbsp;<\/td>\n<\/tr>\n<tr>\n<td width=\"40%\">Tastat\u016bras ska\u0146a<\/td>\n<td>&nbsp;<\/td>\n<\/tr>\n<tr>\n<td width=\"40%\">Izsauksmes melodijas<\/td>\n<td>5 parastas<\/td>\n<\/tr>\n<tr>\n<td width=\"40%\">Br\u012bdin\u0101jumi<\/td>\n<td>Kan\u0101ls ir aiz\u0146emts, Zema baterijas uzl\u0101de, Sarunas apstiprin\u0101jums (at\u013cauto sign\u0101lu), p\u0101rs\u016bt\u012b&scaron;anas indikators<\/td>\n<\/tr>\n<tr>\n<td width=\"40%\">Displejs ar apgaismojumu<\/td>\n<td>&nbsp;<\/td>\n<\/tr>\n<tr>\n<td width=\"40%\">Audio ligzda<\/td>\n<td>miniJack 3.5<\/td>\n<\/tr>\n<tr>\n<td width=\"40%\">Taimeris<\/td>\n<td>&nbsp;<\/td>\n<\/tr>\n<tr>\n<td width=\"40%\">Tastat\u016bru blo\u0137\u0113&scaron;ana<\/td>\n<td>&nbsp;<\/td>\n<\/tr>\n<\/tbody>\n<\/table>\n<table border=\"0\" cellspacing=\"0\" cellpadding=\"0\">\n<tbody>\n<tr>\n<th colspan=\"2\">Visp\u0101r\u012bgs apraksts<\/th>\n<\/tr>\n<tr>\n<td width=\"40%\">Svars<\/td>\n<td>147 g<\/td>\n<\/tr>\n<tr>\n<td width=\"40%\">Darb\u012bbas diapazons (optim\u0101lie apst\u0101k\u013ci)&sup1;<\/td>\n<td>6 km<\/td>\n<\/tr>\n<tr>\n<td width=\"40%\">Kan\u0101li<\/td>\n<td>8<\/td>\n<\/tr>\n<tr>\n<td width=\"40%\">Kan\u0101lu monitorings<\/td>\n<td>&nbsp;<\/td>\n<\/tr>\n<tr>\n<td width=\"40%\">Izm\u0113ri<\/td>\n<td>55x30x140<\/td>\n<\/tr>\n<tr>\n<td width=\"40%\">Mekl\u0113&scaron;ana p\u0113c priorit\u0101tes<\/td>\n<td>&nbsp;<\/td>\n<\/tr>\n<tr>\n<td width=\"40%\">Jostas stiprin\u0101jums<\/td>\n<td>&nbsp;<\/td>\n<\/tr>\n<tr>\n<td width=\"40%\">Telpas monitoringa funkcija<\/td>\n<td>&nbsp;<\/td>\n<\/tr>\n<tr>\n<td width=\"40%\">Kr\u0101sas<\/td>\n<td>Zils, sarkans, melns<\/td>\n<\/tr>\n<tr>\n<td width=\"40%\">Saruna pa ska\u013cruni<\/td>\n<td>VOX ar aksesuariem, un VOX bez aksesuariem<\/td>\n<\/tr>\n<\/tbody>\n<\/table>\n<p>&nbsp;<\/p>\n<table border=\"0\" cellspacing=\"0\" cellpadding=\"0\">\n<tbody>\n<tr>\n<th colspan=\"2\">Baro&scaron;ana<\/th>\n<\/tr>\n<tr>\n<td width=\"40%\">Autom\u0101tiska izsl\u0113g&scaron;ana<\/td>\n<td>&nbsp;<\/td>\n<\/tr>\n<tr>\n<td width=\"40%\">Akumulatora uzl\u0101de<\/td>\n<td>&nbsp;<\/td>\n<\/tr>\n<tr>\n<td width=\"40%\">Akumulatora darb\u012bbas termi\u0146&scaron; &sup2;<\/td>\n<td>L\u012bdz 24 stund\u0101m<\/td>\n<\/tr>\n<tr>\n<td width=\"40%\">Akumulatora tips<\/td>\n<td>Akumulatora komplekts NiMH, 4 AAA<\/td>\n<\/tr>\n<tr>\n<td width=\"40%\">Akumulatora uzl\u0101des ekonomija<\/td>\n<\/tr>\n<\/tbody>\n<\/table>\n","protected":false},"excerpt":{"rendered":"<p>R\u0101cija MOTOROLA TLKR T50 Specifik\u0101cijas: Audio Autom\u0101tiskais trok&scaron;\u0146u sl\u0101p\u0113t\u0101js &nbsp; Interfeiss S\u0101nu PTT &nbsp; Tastat\u016bras ska\u0146a &nbsp; Izsauksmes melodijas 5 parastas Br\u012bdin\u0101jumi Kan\u0101ls ir aiz\u0146emts, Zema baterijas uzl\u0101de, Sarunas apstiprin\u0101jums (at\u013cauto sign\u0101lu), p\u0101rs\u016bt\u012b&scaron;anas indikators Displejs ar apgaismojumu &nbsp; Audio ligzda miniJack 3.5 Taimeris &nbsp; Tastat\u016bru blo\u0137\u0113&scaron;ana &nbsp; Visp\u0101r\u012bgs apraksts Svars 147 g Darb\u012bbas diapazons (optim\u0101lie [&hellip;]<\/p>\n","protected":false},"featured_media":0,"template":"","meta":[],"product_brand":[],"product_cat":[4895],"product_tag":[],"class_list":{"0":"post-77375","1":"product","2":"type-product","3":"status-publish","5":"product_cat-radios-navigation-watches-radios-recreation","7":"first","8":"instock","9":"shipping-taxable","10":"purchasable","11":"product-type-simple"},"_links":{"self":[{"href":"https:\/\/sezona.lv\/en\/wp-json\/wp\/v2\/product\/77375","targetHints":{"allow":["GET"]}}],"collection":[{"href":"https:\/\/sezona.lv\/en\/wp-json\/wp\/v2\/product"}],"about":[{"href":"https:\/\/sezona.lv\/en\/wp-json\/wp\/v2\/types\/product"}],"wp:attachment":[{"href":"https:\/\/sezona.lv\/en\/wp-json\/wp\/v2\/media?parent=77375"}],"wp:term":[{"taxonomy":"product_brand","embeddable":true,"href":"https:\/\/sezona.lv\/en\/wp-json\/wp\/v2\/product_brand?post=77375"},{"taxonomy":"product_cat","embeddable":true,"href":"https:\/\/sezona.lv\/en\/wp-json\/wp\/v2\/product_cat?post=77375"},{"taxonomy":"product_tag","embeddable":true,"href":"https:\/\/sezona.lv\/en\/wp-json\/wp\/v2\/product_tag?post=77375"}],"curies":[{"name":"wp","href":"https:\/\/api.w.org\/{rel}","templated":true}]}}