{"id":77383,"date":"2025-07-14T15:05:35","date_gmt":"2025-07-14T12:05:35","guid":{"rendered":"https:\/\/demo8.ecube.lv\/sezona.lv\/products\/racija-motorola-tlkr-t8\/"},"modified":"2025-07-14T15:05:35","modified_gmt":"2025-07-14T12:05:35","slug":"racija-motorola-tlkr-t8","status":"publish","type":"product","link":"https:\/\/sezona.lv\/en\/products\/racija-motorola-tlkr-t8\/","title":{"rendered":"R\u0101cija MOTOROLA TLKR T8"},"content":{"rendered":"<h4>R\u0101cija MOTOROLA TLKR T8<\/h4>\n<div>R\u0101cija Motorola TLKR T8 ir \u013coti funkcion\u0101la ar diapazonu l\u012bdz pat 10 km. Tas ietver visaptvero&scaron;u sarakstu iez\u012bmes, k\u0101 ar\u012b vibr\u0101ciju &#8211; br\u012bdin\u0101jumus. Tas pal\u012bdz\u0113s jums sazin\u0101ties pat trok&scaron;\u0146ain\u0101 vid\u0113.<\/div>\n<table border=\"0\" width=\"100%\">\n<tbody>\n<tr>\n<td width=\"50%\">&nbsp;<\/td>\n<td height=\"80\">\n<div id=\"wrap\"><a class=\"cloud-zoom\" rel=\"position: 'inside', adjustX:-4, adjustY:-4\" href=\"http:\/\/telesputnik.lv\/pic\/photo1906_2.pjpeg\" target=\"_blank\"><img decoding=\"async\" src=\"http:\/\/telesputnik.lv\/gen_img_cache\/imgphoto1906_2.pjpegw400hmw400mh400q50.jpg\" alt=\"border=&quot;0&quot;\" \/><\/a><\/div>\n<\/td>\n<td width=\"50%\">&nbsp;<\/td>\n<\/tr>\n<\/tbody>\n<\/table>\n<h4>Apraksts:<\/h4>\n<div>&bull; 8 kan\u0101li PMR\t<br \/>&bull; Darb\u012bbas diapazons 10 km\t<br \/>&bull; Balss aktiviz\u0113&scaron;ana VOX\t<br \/>&bull; Tastat\u016bru blo\u0137\u0113&scaron;ana\t<br \/>&bull; 10 izsauksmes melodijas&nbsp;<br \/>&bull; Kan\u0101lu monitoringa funkcija\t<br \/>&bull; Taimeris\t<br \/>&bull; LCD ekr\u0101ns ar apgaismojumu&nbsp;<br \/>&bull; Darb\u012bbas laiks l\u012bdz 16 st.&nbsp;<br \/>&bull; \u016adensiztur\u012bgs korpuss (plastmasa)&nbsp;<br \/>&bull; Ieb\u016bv\u0113ts luktur\u012btis<\/div>\n<table border=\"0\" width=\"100%\">\n<tbody>\n<tr>\n<td width=\"50%\">&nbsp;<\/td>\n<td height=\"80\">\n<div id=\"wrap\"><a class=\"cloud-zoom\" rel=\"position: 'inside', adjustX:-4, adjustY:-4\" href=\"http:\/\/telesputnik.lv\/pic\/photo1906_4.pjpeg\" target=\"_blank\"><img decoding=\"async\" src=\"http:\/\/telesputnik.lv\/gen_img_cache\/imgphoto1906_4.pjpegw400hmw400mh400q50.jpg\" alt=\"border=&quot;0&quot;\" \/><\/a><\/div>\n<\/td>\n<td width=\"50%\">&nbsp;<\/td>\n<\/tr>\n<\/tbody>\n<\/table>\n<table border=\"0\" cellspacing=\"0\" cellpadding=\"0\">\n<tbody>\n<tr>\n<th colspan=\"2\">TEHNISKAIS RAKSTUROJUMS:<\/th>\n<\/tr>\n<tr>\n<td width=\"40%\">PMR kan\u0101li<\/td>\n<td>8<\/td>\n<\/tr>\n<tr>\n<td width=\"40%\">Sub-kodu skaits<\/td>\n<td>121 (38 kodi CTCSS \/ 83 kodi DCS)<\/td>\n<\/tr>\n<tr>\n<td width=\"40%\">Darb\u012bbas frekvence<\/td>\n<td>446 &#8211; 446.1 MHz<\/td>\n<\/tr>\n<tr>\n<td width=\"40%\">Raid\u012bt\u0101ja jauda<\/td>\n<td>0.5 W<\/td>\n<\/tr>\n<tr>\n<td width=\"40%\">Darb\u012bbas diapazons<\/td>\n<td>L\u012bdz 10 km<\/td>\n<\/tr>\n<tr>\n<td width=\"40%\">Displejs<\/td>\n<td>LCD ar apgaismojumu<\/td>\n<\/tr>\n<tr>\n<td width=\"40%\">Antena<\/td>\n<td>Neno\u0146emama<\/td>\n<\/tr>\n<tr>\n<td width=\"40%\">Korpuss<\/td>\n<td>\u016adensiztur\u012bgs<\/td>\n<\/tr>\n<tr>\n<td width=\"40%\">Izsauksmes melodijas<\/td>\n<td>10<\/td>\n<\/tr>\n<tr>\n<td width=\"40%\">Izm\u0113ri<\/td>\n<td>55 mm x 167 mm x 39 mm<\/td>\n<\/tr>\n<tr>\n<td width=\"40%\">Svars<\/td>\n<td>170 g<\/td>\n<\/tr>\n<tr>\n<td width=\"40%\">Darb\u012bbas laiks<\/td>\n<td>16 st.<\/td>\n<\/tr>\n<tr>\n<td width=\"40%\">Akumulatora tips<\/td>\n<td>Ni-MH<\/td>\n<\/tr>\n<\/tbody>\n<\/table>\n","protected":false},"excerpt":{"rendered":"<p>R\u0101cija MOTOROLA TLKR T8 R\u0101cija Motorola TLKR T8 ir \u013coti funkcion\u0101la ar diapazonu l\u012bdz pat 10 km. Tas ietver visaptvero&scaron;u sarakstu iez\u012bmes, k\u0101 ar\u012b vibr\u0101ciju &#8211; br\u012bdin\u0101jumus. Tas pal\u012bdz\u0113s jums sazin\u0101ties pat trok&scaron;\u0146ain\u0101 vid\u0113. &nbsp; &nbsp; Apraksts: &bull; 8 kan\u0101li PMR &bull; Darb\u012bbas diapazons 10 km &bull; Balss aktiviz\u0113&scaron;ana VOX &bull; Tastat\u016bru blo\u0137\u0113&scaron;ana &bull; 10 [&hellip;]<\/p>\n","protected":false},"featured_media":0,"template":"","meta":[],"product_brand":[],"product_cat":[4895],"product_tag":[],"class_list":{"0":"post-77383","1":"product","2":"type-product","3":"status-publish","5":"product_cat-radios-navigation-watches-radios-recreation","7":"first","8":"instock","9":"shipping-taxable","10":"purchasable","11":"product-type-simple"},"_links":{"self":[{"href":"https:\/\/sezona.lv\/en\/wp-json\/wp\/v2\/product\/77383","targetHints":{"allow":["GET"]}}],"collection":[{"href":"https:\/\/sezona.lv\/en\/wp-json\/wp\/v2\/product"}],"about":[{"href":"https:\/\/sezona.lv\/en\/wp-json\/wp\/v2\/types\/product"}],"wp:attachment":[{"href":"https:\/\/sezona.lv\/en\/wp-json\/wp\/v2\/media?parent=77383"}],"wp:term":[{"taxonomy":"product_brand","embeddable":true,"href":"https:\/\/sezona.lv\/en\/wp-json\/wp\/v2\/product_brand?post=77383"},{"taxonomy":"product_cat","embeddable":true,"href":"https:\/\/sezona.lv\/en\/wp-json\/wp\/v2\/product_cat?post=77383"},{"taxonomy":"product_tag","embeddable":true,"href":"https:\/\/sezona.lv\/en\/wp-json\/wp\/v2\/product_tag?post=77383"}],"curies":[{"name":"wp","href":"https:\/\/api.w.org\/{rel}","templated":true}]}}