{"id":77384,"date":"2025-07-14T15:05:36","date_gmt":"2025-07-14T12:05:36","guid":{"rendered":"https:\/\/demo8.ecube.lv\/sezona.lv\/products\/racija-motorola-xtr446\/"},"modified":"2025-07-14T15:05:36","modified_gmt":"2025-07-14T12:05:36","slug":"racija-motorola-xtr446","status":"publish","type":"product","link":"https:\/\/sezona.lv\/en\/products\/racija-motorola-xtr446\/","title":{"rendered":"R\u0101cija MOTOROLA XTR446"},"content":{"rendered":"<h4>R\u0101cija MOTOROLA XTR446<\/h4>\n<table border=\"0\" width=\"100%\">\n<tbody>\n<tr>\n<td width=\"50%\">&nbsp;<\/td>\n<td height=\"80\">\n<div id=\"wrap\"><a class=\"cloud-zoom\" rel=\"position: 'inside', adjustX:-4, adjustY:-4\" href=\"http:\/\/telesputnik.lv\/pic\/photo1903_2.pjpeg\" target=\"_blank\"><img decoding=\"async\" src=\"http:\/\/telesputnik.lv\/gen_img_cache\/imgphoto1903_2.pjpegw400hmw400mh400q50.jpg\" alt=\"border=&quot;0&quot;\" \/><\/a><\/div>\n<\/td>\n<td width=\"50%\">&nbsp;<\/td>\n<\/tr>\n<\/tbody>\n<\/table>\n<h4>Apraksts:<\/h4>\n<div>&bull; 8 kan\u0101li PMR\t<br \/>&bull; Darb\u012bbas diapazons 8 km\t<br \/>&bull; Balss aktiviz\u0113&scaron;ana VOX\t<br \/>&bull; Autom\u0101tiskais trok&scaron;\u0146u sl\u0101p\u0113t\u0101js&nbsp;<br \/>&bull; Tastat\u016bru blo\u0137\u0113&scaron;ana\t<br \/>&bull; 5 izsauksmes melodijas&nbsp;<br \/>&bull; Telpas monitoringa funkcija\t<br \/>&bull; Taimeris\t<br \/>&bull; LCD ekr\u0101ns ar apgaismojumu&nbsp;<br \/>&bull; Darb\u012bbas laiks l\u012bdz 18 st.&nbsp;<br \/>&bull; \u016adensiztur\u012bgs korpuss<\/div>\n<table border=\"0\" cellspacing=\"0\" cellpadding=\"0\">\n<tbody>\n<tr>\n<th colspan=\"2\">TEHNISKAIS RAKSTUROJUMS:<\/th>\n<\/tr>\n<tr>\n<td width=\"40%\">PMR kan\u0101li<\/td>\n<td>8<\/td>\n<\/tr>\n<tr>\n<td width=\"40%\">Sub-kodu skaits<\/td>\n<td>38 CTCSS kodi<\/td>\n<\/tr>\n<tr>\n<td width=\"40%\">Darb\u012bbas frekvence<\/td>\n<td>446.006-446.094 MHz<\/td>\n<\/tr>\n<tr>\n<td width=\"40%\">Raid\u012bt\u0101ja jauda<\/td>\n<td>0.5 W<\/td>\n<\/tr>\n<tr>\n<td width=\"40%\">Darb\u012bbas diapazons<\/td>\n<td>L\u012bdz 8 km<\/td>\n<\/tr>\n<tr>\n<td width=\"40%\">Displejs<\/td>\n<td>LCD ar apgaismojumu<\/td>\n<\/tr>\n<tr>\n<td width=\"40%\">Antena<\/td>\n<td>Neno\u0146emama<\/td>\n<\/tr>\n<tr>\n<td width=\"40%\">Korpuss<\/td>\n<td>\u016adensiztur\u012bgs<\/td>\n<\/tr>\n<tr>\n<td width=\"40%\">Izejas jauda<\/td>\n<td>500 mW<\/td>\n<\/tr>\n<tr>\n<td width=\"40%\">Austi\u0146u ligzda<\/td>\n<td>miniJack 3.5<\/td>\n<\/tr>\n<tr>\n<td width=\"40%\">Izm\u0113ri<\/td>\n<td>58 mm x 118 mm x 34 mm<\/td>\n<\/tr>\n<tr>\n<td width=\"40%\">Svars<\/td>\n<td>174 g<\/td>\n<\/tr>\n<tr>\n<td width=\"40%\">Darb\u012bbas laiks<\/td>\n<td>18 st.<\/td>\n<\/tr>\n<tr>\n<td width=\"40%\">Akumulatora tips<\/td>\n<td>Ni-MH<\/td>\n<\/tr>\n<\/tbody>\n<\/table>\n","protected":false},"excerpt":{"rendered":"<p>R\u0101cija MOTOROLA XTR446 &nbsp; &nbsp; Apraksts: &bull; 8 kan\u0101li PMR &bull; Darb\u012bbas diapazons 8 km &bull; Balss aktiviz\u0113&scaron;ana VOX &bull; Autom\u0101tiskais trok&scaron;\u0146u sl\u0101p\u0113t\u0101js&nbsp;&bull; Tastat\u016bru blo\u0137\u0113&scaron;ana &bull; 5 izsauksmes melodijas&nbsp;&bull; Telpas monitoringa funkcija &bull; Taimeris &bull; LCD ekr\u0101ns ar apgaismojumu&nbsp;&bull; Darb\u012bbas laiks l\u012bdz 18 st.&nbsp;&bull; \u016adensiztur\u012bgs korpuss TEHNISKAIS RAKSTUROJUMS: PMR kan\u0101li 8 Sub-kodu skaits 38 CTCSS [&hellip;]<\/p>\n","protected":false},"featured_media":0,"template":"","meta":[],"product_brand":[],"product_cat":[4895],"product_tag":[],"class_list":{"0":"post-77384","1":"product","2":"type-product","3":"status-publish","5":"product_cat-radios-navigation-watches-radios-recreation","7":"first","8":"instock","9":"shipping-taxable","10":"purchasable","11":"product-type-simple"},"_links":{"self":[{"href":"https:\/\/sezona.lv\/en\/wp-json\/wp\/v2\/product\/77384","targetHints":{"allow":["GET"]}}],"collection":[{"href":"https:\/\/sezona.lv\/en\/wp-json\/wp\/v2\/product"}],"about":[{"href":"https:\/\/sezona.lv\/en\/wp-json\/wp\/v2\/types\/product"}],"wp:attachment":[{"href":"https:\/\/sezona.lv\/en\/wp-json\/wp\/v2\/media?parent=77384"}],"wp:term":[{"taxonomy":"product_brand","embeddable":true,"href":"https:\/\/sezona.lv\/en\/wp-json\/wp\/v2\/product_brand?post=77384"},{"taxonomy":"product_cat","embeddable":true,"href":"https:\/\/sezona.lv\/en\/wp-json\/wp\/v2\/product_cat?post=77384"},{"taxonomy":"product_tag","embeddable":true,"href":"https:\/\/sezona.lv\/en\/wp-json\/wp\/v2\/product_tag?post=77384"}],"curies":[{"name":"wp","href":"https:\/\/api.w.org\/{rel}","templated":true}]}}