{"id":77385,"date":"2025-07-14T15:05:36","date_gmt":"2025-07-14T12:05:36","guid":{"rendered":"https:\/\/demo8.ecube.lv\/sezona.lv\/products\/racija-stabo-freecomm-650-case\/"},"modified":"2025-07-14T15:05:36","modified_gmt":"2025-07-14T12:05:36","slug":"racija-stabo-freecomm-650-case","status":"publish","type":"product","link":"https:\/\/sezona.lv\/en\/products\/racija-stabo-freecomm-650-case\/","title":{"rendered":"R\u0101cija STABO FREECOMM 650 Case"},"content":{"rendered":"<div>\n<div id=\"tab_description\">\n<h4>Content<\/h4>\n<div>&bull; 2 radio handhelds&nbsp;<br \/>&bull; 2 removable belt clips&nbsp;<br \/>&bull; 2 handheld microphones with PTT key&nbsp;<br \/>&bull; 1 desk top charger for two radio sets&nbsp;<br \/>&bull; 2 charging cables with cigarette lighter plug&nbsp;<br \/>&bull; 8 NiMH rechargeable batteries (1.2 V \/ 600 mAh each)&nbsp;<br \/>&bull; user manual<\/div>\n<table border=\"0\" width=\"100%\">\n<tbody>\n<tr>\n<td width=\"50%\">&nbsp;<\/td>\n<td height=\"80\">\n<div id=\"wrap\"><a class=\"cloud-zoom\" rel=\"position: 'inside', adjustX:-4, adjustY:-4\" href=\"http:\/\/telesputnik.lv\/pic\/photo1901_2.pjpeg\" target=\"_blank\"><img decoding=\"async\" src=\"http:\/\/telesputnik.lv\/gen_img_cache\/imgphoto1901_2.pjpegw400hmw400mh400q50.jpg\" border=\"0\" alt=\"STABO\" \/><\/a><\/div>\n<\/td>\n<td width=\"50%\">&nbsp;<\/td>\n<\/tr>\n<\/tbody>\n<\/table>\n<table border=\"0\" width=\"100%\">\n<tbody>\n<tr>\n<td width=\"50%\">&nbsp;<\/td>\n<td height=\"80\">\n<div id=\"wrap\"><a class=\"cloud-zoom\" rel=\"position: 'inside', adjustX:-4, adjustY:-4\" href=\"http:\/\/telesputnik.lv\/pic\/photo1901_3.pjpeg\" target=\"_blank\"><img decoding=\"async\" src=\"http:\/\/telesputnik.lv\/gen_img_cache\/imgphoto1901_3.pjpegw400hmw400mh400q50.jpg\" alt=\"border=&quot;0&quot;\" \/><\/a><\/div>\n<\/td>\n<td width=\"50%\">&nbsp;<\/td>\n<\/tr>\n<\/tbody>\n<\/table>\n<h4>Funkcijas<\/h4>\n<div>&bull; 8 channel (8 kan\u0101li) PMR diapazon\u0101&nbsp;<br \/>&bull; 83 DCS\/38 CTCSS (tonalais kods-kod\u0113to sign\u0101lu uztver&scaron;ana\/p\u0101rraide)&nbsp;<br \/>&bull; SCAN (sken\u0113&scaron;ana)&nbsp;<br \/>&bull; Vibrozv\u0101ns&nbsp;<br \/>&bull; VOX (autop\u0101rraide )&nbsp;<br \/>&bull; Dual Watch (divu kan\u0101lu vienlaic\u012bga sken\u0113&scaron;ana)&nbsp;<br \/>&bull; Baterijas darb\u012bbas laiks de\u017e\u016bres re\u017e\u012bm\u0101 l\u012bdz 12 h&nbsp;<br \/>&bull; LCD (&scaron;kidri-krist\u0101lisks displejs)<\/div>\n<div><\/div>\n<\/div>\n<\/div>\n<div id=\"gvChartDiv1\" class=\"gvChart\">\n<div>\n<div dir=\"ltr\">\n<div><\/div>\n<\/div>\n<\/div>\n<\/div>\n","protected":false},"excerpt":{"rendered":"<p>Content &bull; 2 radio handhelds&nbsp;&bull; 2 removable belt clips&nbsp;&bull; 2 handheld microphones with PTT key&nbsp;&bull; 1 desk top charger for two radio sets&nbsp;&bull; 2 charging cables with cigarette lighter plug&nbsp;&bull; 8 NiMH rechargeable batteries (1.2 V \/ 600 mAh each)&nbsp;&bull; user manual &nbsp; &nbsp; &nbsp; &nbsp; Funkcijas &bull; 8 channel (8 kan\u0101li) PMR diapazon\u0101&nbsp;&bull; 83 [&hellip;]<\/p>\n","protected":false},"featured_media":0,"template":"","meta":[],"product_brand":[],"product_cat":[4895],"product_tag":[],"class_list":{"0":"post-77385","1":"product","2":"type-product","3":"status-publish","5":"product_cat-radios-navigation-watches-radios-recreation","7":"first","8":"instock","9":"shipping-taxable","10":"purchasable","11":"product-type-simple"},"_links":{"self":[{"href":"https:\/\/sezona.lv\/en\/wp-json\/wp\/v2\/product\/77385","targetHints":{"allow":["GET"]}}],"collection":[{"href":"https:\/\/sezona.lv\/en\/wp-json\/wp\/v2\/product"}],"about":[{"href":"https:\/\/sezona.lv\/en\/wp-json\/wp\/v2\/types\/product"}],"wp:attachment":[{"href":"https:\/\/sezona.lv\/en\/wp-json\/wp\/v2\/media?parent=77385"}],"wp:term":[{"taxonomy":"product_brand","embeddable":true,"href":"https:\/\/sezona.lv\/en\/wp-json\/wp\/v2\/product_brand?post=77385"},{"taxonomy":"product_cat","embeddable":true,"href":"https:\/\/sezona.lv\/en\/wp-json\/wp\/v2\/product_cat?post=77385"},{"taxonomy":"product_tag","embeddable":true,"href":"https:\/\/sezona.lv\/en\/wp-json\/wp\/v2\/product_tag?post=77385"}],"curies":[{"name":"wp","href":"https:\/\/api.w.org\/{rel}","templated":true}]}}