{"id":77387,"date":"2025-07-14T15:05:46","date_gmt":"2025-07-14T12:05:46","guid":{"rendered":"https:\/\/demo8.ecube.lv\/sezona.lv\/products\/racija-midland-g11\/"},"modified":"2025-07-14T15:05:46","modified_gmt":"2025-07-14T12:05:46","slug":"racija-midland-g11","status":"publish","type":"product","link":"https:\/\/sezona.lv\/en\/products\/racija-midland-g11\/","title":{"rendered":"R\u0101cija MIDLAND G11"},"content":{"rendered":"<div>Midland G11 &ndash; jauns pusprofesion\u0101ls PMR transivers.&nbsp;<br \/>Midland G11 ir aprikots ar visam vajadz\u012bgam funkcijam un \u012bpa&scaron;\u012bbam, kuras ir nepiecie&scaron;amas profesion\u0101lai izmanto&scaron;anai un atp\u016btai.<\/div>\n<h4>Pamata \u012bpa&scaron;\u012bbas<\/h4>\n<div>&bull; PMR 446 Transivers<br \/>&bull; 16 kan\u0101li: 8 pamata PMR446 kan\u0101li un 8 ieprogramm\u0113ti<br \/>&bull; Izejo&scaron;a jauda: 500mW<br \/>&bull; Kan\u0101lu solis: 12.5kHz<br \/>&bull; Ieb\u016bv\u0113ta VO X funkcija( p\u0101rraides aktiviz\u0101cija ar balsi)&nbsp;<br \/>&bull; Sken\u0113&scaron;ana<br \/>&bull; Monitors<br \/>&bull; Beep tastat\u016bras sign\u0101ls<br \/>&bull; Roger beep<br \/>&bull; Baterijas auto saglab\u0101&scaron;ana<\/div>\n","protected":false},"excerpt":{"rendered":"<p>Midland G11 &ndash; jauns pusprofesion\u0101ls PMR transivers.&nbsp;Midland G11 ir aprikots ar visam vajadz\u012bgam funkcijam un \u012bpa&scaron;\u012bbam, kuras ir nepiecie&scaron;amas profesion\u0101lai izmanto&scaron;anai un atp\u016btai. Pamata \u012bpa&scaron;\u012bbas &bull; PMR 446 Transivers&bull; 16 kan\u0101li: 8 pamata PMR446 kan\u0101li un 8 ieprogramm\u0113ti&bull; Izejo&scaron;a jauda: 500mW&bull; Kan\u0101lu solis: 12.5kHz&bull; Ieb\u016bv\u0113ta VO X funkcija( p\u0101rraides aktiviz\u0101cija ar balsi)&nbsp;&bull; Sken\u0113&scaron;ana&bull; Monitors&bull; Beep [&hellip;]<\/p>\n","protected":false},"featured_media":0,"template":"","meta":[],"product_brand":[3360],"product_cat":[4895],"product_tag":[],"class_list":{"0":"post-77387","1":"product","2":"type-product","3":"status-publish","5":"product_brand-midland","6":"product_cat-radios-navigation-watches-radios-recreation","8":"first","9":"instock","10":"shipping-taxable","11":"purchasable","12":"product-type-simple"},"_links":{"self":[{"href":"https:\/\/sezona.lv\/en\/wp-json\/wp\/v2\/product\/77387","targetHints":{"allow":["GET"]}}],"collection":[{"href":"https:\/\/sezona.lv\/en\/wp-json\/wp\/v2\/product"}],"about":[{"href":"https:\/\/sezona.lv\/en\/wp-json\/wp\/v2\/types\/product"}],"wp:attachment":[{"href":"https:\/\/sezona.lv\/en\/wp-json\/wp\/v2\/media?parent=77387"}],"wp:term":[{"taxonomy":"product_brand","embeddable":true,"href":"https:\/\/sezona.lv\/en\/wp-json\/wp\/v2\/product_brand?post=77387"},{"taxonomy":"product_cat","embeddable":true,"href":"https:\/\/sezona.lv\/en\/wp-json\/wp\/v2\/product_cat?post=77387"},{"taxonomy":"product_tag","embeddable":true,"href":"https:\/\/sezona.lv\/en\/wp-json\/wp\/v2\/product_tag?post=77387"}],"curies":[{"name":"wp","href":"https:\/\/api.w.org\/{rel}","templated":true}]}}