{"id":77389,"date":"2025-07-14T15:05:48","date_gmt":"2025-07-14T12:05:48","guid":{"rendered":"https:\/\/demo8.ecube.lv\/sezona.lv\/products\/racija-stabo-freecomm-650-2-gb\/"},"modified":"2025-07-14T15:05:48","modified_gmt":"2025-07-14T12:05:48","slug":"racija-stabo-freecomm-650-2-gb","status":"publish","type":"product","link":"https:\/\/sezona.lv\/en\/products\/racija-stabo-freecomm-650-2-gb\/","title":{"rendered":"R\u0101cija STABO FREECOMM 650 (2 gb.)"},"content":{"rendered":"<p>&nbsp;<\/p>\n<table border=\"0\" width=\"100%\">\n<tbody>\n<tr>\n<td height=\"80\">\n<div id=\"wrap\"><a class=\"cloud-zoom\" rel=\"position: 'inside', adjustX:-4, adjustY:-4\" href=\"http:\/\/telesputnik.lv\/pic\/photo700_2.pjpeg\" target=\"_blank\"><img decoding=\"async\" src=\"http:\/\/telesputnik.lv\/gen_img_cache\/imgphoto700_2.pjpegw400hmw400mh400q50.jpg\" alt=\"border=&quot;0&quot;\" \/><\/a><\/div>\n<\/td>\n<td width=\"50%\">&nbsp;<\/td>\n<\/tr>\n<\/tbody>\n<\/table>\n<p>&nbsp;<\/p>\n<table border=\"0\" cellspacing=\"0\" cellpadding=\"0\">\n<tbody>\n<tr>\n<th colspan=\"2\">Funkcijas<\/th>\n<\/tr>\n<tr>\n<td width=\"40%\">Long Range tehnolo\u0123ija &#8211; l\u012bdz 10 km att\u0101lum\u0101 (optim\u0101los apst\u0101k\u013cos)<\/td>\n<td>&nbsp;<\/td>\n<\/tr>\n<tr>\n<td width=\"40%\">83 DCS\/38 CTCSS (tonalais kods-kod\u0113to sign\u0101lu uztver&scaron;ana\/p\u0101rraide)<\/td>\n<td>&nbsp;<\/td>\n<\/tr>\n<tr>\n<td width=\"40%\">VOX (autop\u0101rraide )<\/td>\n<td>&nbsp;<\/td>\n<\/tr>\n<tr>\n<td width=\"40%\">Zvanu poga (15 da\u017e\u0101das zvana sign\u0101li)<\/td>\n<td>&nbsp;<\/td>\n<\/tr>\n<tr>\n<td width=\"40%\">Vibrozv\u0101ns<\/td>\n<td>&nbsp;<\/td>\n<\/tr>\n<tr>\n<td width=\"40%\">&#8220;Roger Beep&#8221; funkcija<\/td>\n<td>&nbsp;<\/td>\n<\/tr>\n<tr>\n<td width=\"40%\">Trok&scaron;\u0146u ierobe\u017eot\u0101js<\/td>\n<td>&nbsp;<\/td>\n<\/tr>\n<tr>\n<td width=\"40%\">Mekl\u0113&scaron;ana<\/td>\n<td>&nbsp;<\/td>\n<\/tr>\n<tr>\n<td width=\"40%\">Divu kan\u0101lu vienlaic\u012bga sken\u0113&scaron;ana<\/td>\n<td>&nbsp;<\/td>\n<\/tr>\n<tr>\n<td width=\"40%\">LCD (&scaron;kidri-krist\u0101lisks displejs)<\/td>\n<td>&nbsp;<\/td>\n<\/tr>\n<tr>\n<td width=\"40%\">Tastat\u016bras blo\u0137\u0113&scaron;ana<\/td>\n<td>&nbsp;<\/td>\n<\/tr>\n<tr>\n<td width=\"40%\">Savienojums \u0101r\u0113jo mikrofonu \/ ska\u013cru\u0146u kombin\u0101ciju (2.5 mm stereo plug)<\/td>\n<td>&nbsp;<\/td>\n<\/tr>\n<tr>\n<td width=\"40%\">Baterijas darb\u012bbas laiks de\u017e\u016bres re\u017e\u012bm\u0101 l\u012bdz 12 h<\/td>\n<td>&nbsp;<\/td>\n<\/tr>\n<tr>\n<td width=\"40%\">SCAN (sken\u0113&scaron;ana)<\/td>\n<\/tr>\n<\/tbody>\n<\/table>\n","protected":false},"excerpt":{"rendered":"<p>&nbsp; &nbsp; &nbsp; Funkcijas Long Range tehnolo\u0123ija &#8211; l\u012bdz 10 km att\u0101lum\u0101 (optim\u0101los apst\u0101k\u013cos) &nbsp; 83 DCS\/38 CTCSS (tonalais kods-kod\u0113to sign\u0101lu uztver&scaron;ana\/p\u0101rraide) &nbsp; VOX (autop\u0101rraide ) &nbsp; Zvanu poga (15 da\u017e\u0101das zvana sign\u0101li) &nbsp; Vibrozv\u0101ns &nbsp; &#8220;Roger Beep&#8221; funkcija &nbsp; Trok&scaron;\u0146u ierobe\u017eot\u0101js &nbsp; Mekl\u0113&scaron;ana &nbsp; Divu kan\u0101lu vienlaic\u012bga sken\u0113&scaron;ana &nbsp; LCD (&scaron;kidri-krist\u0101lisks displejs) &nbsp; Tastat\u016bras [&hellip;]<\/p>\n","protected":false},"featured_media":0,"template":"","meta":[],"product_brand":[],"product_cat":[4895],"product_tag":[],"class_list":{"0":"post-77389","1":"product","2":"type-product","3":"status-publish","5":"product_cat-radios-navigation-watches-radios-recreation","7":"first","8":"instock","9":"shipping-taxable","10":"purchasable","11":"product-type-simple"},"_links":{"self":[{"href":"https:\/\/sezona.lv\/en\/wp-json\/wp\/v2\/product\/77389","targetHints":{"allow":["GET"]}}],"collection":[{"href":"https:\/\/sezona.lv\/en\/wp-json\/wp\/v2\/product"}],"about":[{"href":"https:\/\/sezona.lv\/en\/wp-json\/wp\/v2\/types\/product"}],"wp:attachment":[{"href":"https:\/\/sezona.lv\/en\/wp-json\/wp\/v2\/media?parent=77389"}],"wp:term":[{"taxonomy":"product_brand","embeddable":true,"href":"https:\/\/sezona.lv\/en\/wp-json\/wp\/v2\/product_brand?post=77389"},{"taxonomy":"product_cat","embeddable":true,"href":"https:\/\/sezona.lv\/en\/wp-json\/wp\/v2\/product_cat?post=77389"},{"taxonomy":"product_tag","embeddable":true,"href":"https:\/\/sezona.lv\/en\/wp-json\/wp\/v2\/product_tag?post=77389"}],"curies":[{"name":"wp","href":"https:\/\/api.w.org\/{rel}","templated":true}]}}