{"id":77393,"date":"2025-07-14T15:05:52","date_gmt":"2025-07-14T12:05:52","guid":{"rendered":"https:\/\/demo8.ecube.lv\/sezona.lv\/products\/racija-midland-base-camp-446\/"},"modified":"2025-07-14T15:05:52","modified_gmt":"2025-07-14T12:05:52","slug":"racija-midland-base-camp-446","status":"publish","type":"product","link":"https:\/\/sezona.lv\/en\/products\/racija-midland-base-camp-446\/","title":{"rendered":"R\u0101cija MIDLAND Base Camp 446"},"content":{"rendered":"<div>\n<div id=\"tab_description\">\n<div>&bull;\tPMR446 transivers<br \/>&bull;\tUIV uztv\u0113r\u0113js j\u016bras kan\u0101lu sken\u0113&scaron;anai<br \/>&bull;\tModin\u0101t\u0101js<br \/>&bull;\tAM \/ FM radio<br \/>&bull;\tSOS Morze sign\u0101ls &ndash; kad vajadz\u012bga pal\u012bdz\u012bba!&nbsp;<br \/>&bull;\tRokas mikrofons<br \/>&bull;\tIebuv\u0113ts lukturis<br \/>&bull;\t&#8220;Dinamo&#8221; lad\u0113t\u0101js<br \/>&bull;\tUSB ligzda<br \/>&bull;\tStr\u0101da ar baterijam<br \/>&bull;\t2 kontaktu ligzda aksesuariem<\/p>\n<p>Komplekt\u0101cija: Midland Base Camp446, sienas adapters, 800mA \/h akkumulators, pleca siksna un 2 kontaktu mikrofons.<\/p><\/div>\n<div><\/div>\n<\/div>\n<\/div>\n<div id=\"gvChartDiv1\" class=\"gvChart\">\n<div>\n<div dir=\"ltr\">\n<div><\/div>\n<\/div>\n<\/div>\n<\/div>\n","protected":false},"excerpt":{"rendered":"<p>&bull; PMR446 transivers&bull; UIV uztv\u0113r\u0113js j\u016bras kan\u0101lu sken\u0113&scaron;anai&bull; Modin\u0101t\u0101js&bull; AM \/ FM radio&bull; SOS Morze sign\u0101ls &ndash; kad vajadz\u012bga pal\u012bdz\u012bba!&nbsp;&bull; Rokas mikrofons&bull; Iebuv\u0113ts lukturis&bull; &#8220;Dinamo&#8221; lad\u0113t\u0101js&bull; USB ligzda&bull; Str\u0101da ar baterijam&bull; 2 kontaktu ligzda aksesuariem Komplekt\u0101cija: Midland Base Camp446, sienas adapters, 800mA \/h akkumulators, pleca siksna un 2 kontaktu mikrofons.<\/p>\n","protected":false},"featured_media":0,"template":"","meta":[],"product_brand":[3360],"product_cat":[4895],"product_tag":[],"class_list":{"0":"post-77393","1":"product","2":"type-product","3":"status-publish","5":"product_brand-midland","6":"product_cat-radios-navigation-watches-radios-recreation","8":"first","9":"instock","10":"shipping-taxable","11":"purchasable","12":"product-type-simple"},"_links":{"self":[{"href":"https:\/\/sezona.lv\/en\/wp-json\/wp\/v2\/product\/77393","targetHints":{"allow":["GET"]}}],"collection":[{"href":"https:\/\/sezona.lv\/en\/wp-json\/wp\/v2\/product"}],"about":[{"href":"https:\/\/sezona.lv\/en\/wp-json\/wp\/v2\/types\/product"}],"wp:attachment":[{"href":"https:\/\/sezona.lv\/en\/wp-json\/wp\/v2\/media?parent=77393"}],"wp:term":[{"taxonomy":"product_brand","embeddable":true,"href":"https:\/\/sezona.lv\/en\/wp-json\/wp\/v2\/product_brand?post=77393"},{"taxonomy":"product_cat","embeddable":true,"href":"https:\/\/sezona.lv\/en\/wp-json\/wp\/v2\/product_cat?post=77393"},{"taxonomy":"product_tag","embeddable":true,"href":"https:\/\/sezona.lv\/en\/wp-json\/wp\/v2\/product_tag?post=77393"}],"curies":[{"name":"wp","href":"https:\/\/api.w.org\/{rel}","templated":true}]}}