{"id":77394,"date":"2025-07-14T15:05:52","date_gmt":"2025-07-14T12:05:52","guid":{"rendered":"https:\/\/demo8.ecube.lv\/sezona.lv\/products\/racija-midland-g7-komplekts-2gb\/"},"modified":"2025-07-14T15:05:52","modified_gmt":"2025-07-14T12:05:52","slug":"racija-midland-g7-komplekts-2gb","status":"publish","type":"product","link":"https:\/\/sezona.lv\/en\/products\/racija-midland-g7-komplekts-2gb\/","title":{"rendered":"R\u0101cija MIDLAND G7, komplekts 2gb."},"content":{"rendered":"<p><span>&bull; &#8220;Dual Band&#8221; trans\u012bvers<\/span><\/p>\n<p><span>&bull; PMR diapazona (446.00625 &divide; 446.09375 MHz)&nbsp;<\/span><br \/><span>&bull; LPD(433.075 &divide; 434.775 MHz)&nbsp;<\/span><br \/><span>&bull; Darb\u012bbas t\u0101lums l\u012bdz 2-3\u043a\u043c. Jauda-0.5\/1.5W&nbsp;<\/span><br \/><span>&bull; 8 channel (8 kan\u0101li) PMR diapazon\u0101 un 69 kan\u0101li LPD diapazon\u0101&nbsp;<\/span><br \/><span>&bull; 38 CTCSS (tonalais kods-kod\u0113to sign\u0101lu uztver&scaron;ana\/p\u0101rraide)&nbsp;<\/span><br \/><span>&bull; SCAN (sken\u0113&scaron;ana)&nbsp;<\/span><br \/><span>&bull; Baby sitter (radio aukle)&nbsp;<\/span><br \/><span>&bull; VOX (autop\u0101rraide )&nbsp;<\/span><br \/><span>&bull; Dual Watch (divu kan\u0101lu vienlaic\u012bga skek\u0113&scaron;ana)&nbsp;<\/span><br \/><span>&bull; Baterijas darb\u012bbas laiks de\u017e\u016bres re\u017e\u012bm\u0101 l\u012bdz 12 h&nbsp;<\/span><br \/><span>&bull; LCD (&scaron;kidri-krist\u0101lisks displejs)<\/span><\/p>\n","protected":false},"excerpt":{"rendered":"<p>&bull; &#8220;Dual Band&#8221; trans\u012bvers &bull; PMR diapazona (446.00625 &divide; 446.09375 MHz)&nbsp;&bull; LPD(433.075 &divide; 434.775 MHz)&nbsp;&bull; Darb\u012bbas t\u0101lums l\u012bdz 2-3\u043a\u043c. Jauda-0.5\/1.5W&nbsp;&bull; 8 channel (8 kan\u0101li) PMR diapazon\u0101 un 69 kan\u0101li LPD diapazon\u0101&nbsp;&bull; 38 CTCSS (tonalais kods-kod\u0113to sign\u0101lu uztver&scaron;ana\/p\u0101rraide)&nbsp;&bull; SCAN (sken\u0113&scaron;ana)&nbsp;&bull; Baby sitter (radio aukle)&nbsp;&bull; VOX (autop\u0101rraide )&nbsp;&bull; Dual Watch (divu kan\u0101lu vienlaic\u012bga skek\u0113&scaron;ana)&nbsp;&bull; Baterijas darb\u012bbas laiks [&hellip;]<\/p>\n","protected":false},"featured_media":0,"template":"","meta":[],"product_brand":[3360],"product_cat":[4895],"product_tag":[],"class_list":{"0":"post-77394","1":"product","2":"type-product","3":"status-publish","5":"product_brand-midland","6":"product_cat-radios-navigation-watches-radios-recreation","8":"first","9":"instock","10":"shipping-taxable","11":"purchasable","12":"product-type-simple"},"_links":{"self":[{"href":"https:\/\/sezona.lv\/en\/wp-json\/wp\/v2\/product\/77394","targetHints":{"allow":["GET"]}}],"collection":[{"href":"https:\/\/sezona.lv\/en\/wp-json\/wp\/v2\/product"}],"about":[{"href":"https:\/\/sezona.lv\/en\/wp-json\/wp\/v2\/types\/product"}],"wp:attachment":[{"href":"https:\/\/sezona.lv\/en\/wp-json\/wp\/v2\/media?parent=77394"}],"wp:term":[{"taxonomy":"product_brand","embeddable":true,"href":"https:\/\/sezona.lv\/en\/wp-json\/wp\/v2\/product_brand?post=77394"},{"taxonomy":"product_cat","embeddable":true,"href":"https:\/\/sezona.lv\/en\/wp-json\/wp\/v2\/product_cat?post=77394"},{"taxonomy":"product_tag","embeddable":true,"href":"https:\/\/sezona.lv\/en\/wp-json\/wp\/v2\/product_tag?post=77394"}],"curies":[{"name":"wp","href":"https:\/\/api.w.org\/{rel}","templated":true}]}}