{"id":77397,"date":"2025-07-11T16:09:38","date_gmt":"2025-07-11T13:09:38","guid":{"rendered":"https:\/\/demo8.ecube.lv\/sezona.lv\/products\/wilson-burn-100ls-tenisa-rakete\/"},"modified":"2025-07-14T15:05:55","modified_gmt":"2025-07-14T12:05:55","slug":"wilson-burn-100ls-tenisa-rakete","status":"publish","type":"product","link":"https:\/\/sezona.lv\/en\/products\/wilson-burn-100ls-tenisa-rakete\/","title":{"rendered":"Wilson BURN 100LS tenisa rakete"},"content":{"rendered":"<table id=\"product-attribute-specs-table\" class=\"data-table\" border=\"0\">\n<tbody>\n<tr class=\"first odd\">\n<th class=\"label\">Ra\u017eot\u0101js<\/th>\n<td class=\"data last\">WILSON<\/td>\n<\/tr>\n<tr class=\"even\">\n<th class=\"label\">Svars bez st\u012bg\u0101m, g<\/th>\n<td class=\"data last\">283<\/td>\n<\/tr>\n<tr class=\"odd\">\n<th class=\"label\">Galvas plat\u012bba, cm&sup2;<\/th>\n<td class=\"data last\">645<\/td>\n<\/tr>\n<tr class=\"even\">\n<th class=\"label\">Balanss<\/th>\n<td class=\"data last\">325mm<\/td>\n<\/tr>\n<tr class=\"odd over\">\n<th class=\"label\">St\u012bgojuma formula<\/th>\n<td class=\"data last\">16&#215;18<\/td>\n<\/tr>\n<tr class=\"even\">\n<th class=\"label\">Garums, cm<\/th>\n<td class=\"data last\">68.6<\/td>\n<\/tr>\n<tr class=\"odd\">\n<th class=\"label\">Kr\u0101sa<\/th>\n<td class=\"data last\">Pel\u0113ka\/Oran\u017ea<\/td>\n<\/tr>\n<tr class=\"even\">\n<th class=\"label\">Ra\u017eot\u0101ja kods<\/th>\n<td class=\"data last\">TRT72550U3<\/td>\n<\/tr>\n<tr class=\"last odd\">\n<th class=\"label\">Garantijas laiks, m\u0113ne&scaron;i<\/th>\n<td class=\"data last\">24<\/td>\n<\/tr>\n<\/tbody>\n<\/table>\n","protected":false},"excerpt":{"rendered":"<p>Ra\u017eot\u0101js WILSON Svars bez st\u012bg\u0101m, g 283 Galvas plat\u012bba, cm&sup2; 645 Balanss 325mm St\u012bgojuma formula 16&#215;18 Garums, cm 68.6 Kr\u0101sa Pel\u0113ka\/Oran\u017ea Ra\u017eot\u0101ja kods TRT72550U3 Garantijas laiks, m\u0113ne&scaron;i 24<\/p>\n","protected":false},"featured_media":65228,"template":"","meta":[],"product_brand":[920],"product_cat":[4674],"product_tag":[],"class_list":{"0":"post-77397","1":"product","2":"type-product","3":"status-publish","4":"has-post-thumbnail","6":"product_brand-wilson","7":"product_cat-tennis-rackets-tennis-summer-sports-sports","9":"first","10":"instock","11":"shipping-taxable","12":"purchasable","13":"product-type-simple"},"_links":{"self":[{"href":"https:\/\/sezona.lv\/en\/wp-json\/wp\/v2\/product\/77397","targetHints":{"allow":["GET"]}}],"collection":[{"href":"https:\/\/sezona.lv\/en\/wp-json\/wp\/v2\/product"}],"about":[{"href":"https:\/\/sezona.lv\/en\/wp-json\/wp\/v2\/types\/product"}],"wp:featuredmedia":[{"embeddable":true,"href":"https:\/\/sezona.lv\/en\/wp-json\/wp\/v2\/media\/65228"}],"wp:attachment":[{"href":"https:\/\/sezona.lv\/en\/wp-json\/wp\/v2\/media?parent=77397"}],"wp:term":[{"taxonomy":"product_brand","embeddable":true,"href":"https:\/\/sezona.lv\/en\/wp-json\/wp\/v2\/product_brand?post=77397"},{"taxonomy":"product_cat","embeddable":true,"href":"https:\/\/sezona.lv\/en\/wp-json\/wp\/v2\/product_cat?post=77397"},{"taxonomy":"product_tag","embeddable":true,"href":"https:\/\/sezona.lv\/en\/wp-json\/wp\/v2\/product_tag?post=77397"}],"curies":[{"name":"wp","href":"https:\/\/api.w.org\/{rel}","templated":true}]}}