{"id":77399,"date":"2025-07-14T15:05:56","date_gmt":"2025-07-14T12:05:56","guid":{"rendered":"https:\/\/demo8.ecube.lv\/sezona.lv\/products\/wilson-pro-staff97-tenisa-rakete\/"},"modified":"2025-07-14T15:05:56","modified_gmt":"2025-07-14T12:05:56","slug":"wilson-pro-staff97-tenisa-rakete","status":"publish","type":"product","link":"https:\/\/sezona.lv\/en\/products\/wilson-pro-staff97-tenisa-rakete\/","title":{"rendered":"Wilson PRO STAFF97 tenisa rakete"},"content":{"rendered":"<table id=\"product-attribute-specs-table\" class=\"data-table\" border=\"0\">\n<tbody>\n<tr class=\"first odd\">\n<th class=\"label\">Ra\u017eot\u0101js<\/th>\n<td class=\"data last\">WILSON<\/td>\n<\/tr>\n<tr class=\"even\">\n<th class=\"label\">Svars bez st\u012bg\u0101m, g<\/th>\n<td class=\"data last\">290<\/td>\n<\/tr>\n<tr class=\"odd\">\n<th class=\"label\">Galvas plat\u012bba, cm&sup2;<\/th>\n<td class=\"data last\">626<\/td>\n<\/tr>\n<tr class=\"even\">\n<th class=\"label\">Balanss<\/th>\n<td class=\"data last\">325mm<\/td>\n<\/tr>\n<tr class=\"odd\">\n<th class=\"label\">St\u012bgojuma formula<\/th>\n<td class=\"data last\">16&#215;18<\/td>\n<\/tr>\n<tr class=\"even\">\n<th class=\"label\">Kr\u0101sa<\/th>\n<td class=\"data last\">Melna\/Sarkana<\/td>\n<\/tr>\n<tr class=\"odd\">\n<th class=\"label\">Ra\u017eot\u0101ja kods<\/th>\n<td class=\"data last\">TRT72500U3<\/td>\n<\/tr>\n<tr class=\"last even over\">\n<th class=\"label\">Garantijas laiks, m\u0113ne&scaron;i<\/th>\n<td class=\"data last\">24<\/td>\n<\/tr>\n<\/tbody>\n<\/table>\n","protected":false},"excerpt":{"rendered":"<p>Ra\u017eot\u0101js WILSON Svars bez st\u012bg\u0101m, g 290 Galvas plat\u012bba, cm&sup2; 626 Balanss 325mm St\u012bgojuma formula 16&#215;18 Kr\u0101sa Melna\/Sarkana Ra\u017eot\u0101ja kods TRT72500U3 Garantijas laiks, m\u0113ne&scaron;i 24<\/p>\n","protected":false},"featured_media":0,"template":"","meta":[],"product_brand":[920],"product_cat":[4674],"product_tag":[],"class_list":{"0":"post-77399","1":"product","2":"type-product","3":"status-publish","5":"product_brand-wilson","6":"product_cat-tennis-rackets-tennis-summer-sports-sports","8":"first","9":"instock","10":"shipping-taxable","11":"purchasable","12":"product-type-simple"},"_links":{"self":[{"href":"https:\/\/sezona.lv\/en\/wp-json\/wp\/v2\/product\/77399","targetHints":{"allow":["GET"]}}],"collection":[{"href":"https:\/\/sezona.lv\/en\/wp-json\/wp\/v2\/product"}],"about":[{"href":"https:\/\/sezona.lv\/en\/wp-json\/wp\/v2\/types\/product"}],"wp:attachment":[{"href":"https:\/\/sezona.lv\/en\/wp-json\/wp\/v2\/media?parent=77399"}],"wp:term":[{"taxonomy":"product_brand","embeddable":true,"href":"https:\/\/sezona.lv\/en\/wp-json\/wp\/v2\/product_brand?post=77399"},{"taxonomy":"product_cat","embeddable":true,"href":"https:\/\/sezona.lv\/en\/wp-json\/wp\/v2\/product_cat?post=77399"},{"taxonomy":"product_tag","embeddable":true,"href":"https:\/\/sezona.lv\/en\/wp-json\/wp\/v2\/product_tag?post=77399"}],"curies":[{"name":"wp","href":"https:\/\/api.w.org\/{rel}","templated":true}]}}