{"id":77403,"date":"2025-07-11T16:09:46","date_gmt":"2025-07-11T13:09:46","guid":{"rendered":"https:\/\/demo8.ecube.lv\/sezona.lv\/products\/wilson-us-open-tenisa-rakete\/"},"modified":"2025-07-14T15:06:00","modified_gmt":"2025-07-14T12:06:00","slug":"wilson-us-open-tenisa-rakete","status":"publish","type":"product","link":"https:\/\/sezona.lv\/en\/products\/wilson-us-open-tenisa-rakete\/","title":{"rendered":"Wilson US OPEN tenisa rakete"},"content":{"rendered":"<table class=\"zoom_new\" border=\"0\" cellspacing=\"0\" cellpadding=\"0\">\n<tbody>\n<tr>\n<td class=\"a14aa\" height=\"20\" align=\"left\" valign=\"middle\" bgcolor=\"#F7F7F7\">Galvas izm\u0113rs (collas2)<\/td>\n<td class=\"a14a1a\" height=\"20\" align=\"left\" valign=\"middle\" bgcolor=\"#F7F7F7\">110<\/td>\n<\/tr>\n<tr>\n<td class=\"a14aa\" height=\"20\" align=\"left\" valign=\"middle\" bgcolor=\"#EFEFEF\">Svars bez st\u012bg\u0101m (g)<\/td>\n<td class=\"a14a1a\" height=\"20\" align=\"left\" valign=\"middle\" bgcolor=\"#EFEFEF\">270<\/td>\n<\/tr>\n<tr>\n<td class=\"a14aa\" height=\"20\" align=\"left\" valign=\"middle\" bgcolor=\"#F7F7F7\">Bilance bez st\u012bgas (cm)<\/td>\n<td class=\"a14a1a\" height=\"20\" align=\"left\" valign=\"middle\" bgcolor=\"#F7F7F7\">33.5<\/td>\n<\/tr>\n<tr>\n<td class=\"a14aa\" height=\"20\" align=\"left\" valign=\"middle\" bgcolor=\"#EFEFEF\">Garums (collas)<\/td>\n<td class=\"a14a1a\" height=\"20\" align=\"left\" valign=\"middle\" bgcolor=\"#EFEFEF\">27.5<\/td>\n<\/tr>\n<tr>\n<td class=\"a14aa\" height=\"20\" align=\"left\" valign=\"middle\" bgcolor=\"#F7F7F7\">Materi\u0101ls<\/td>\n<td class=\"a14a1a\" height=\"20\" align=\"left\" valign=\"middle\" bgcolor=\"#F7F7F7\">graf\u012bta<\/td>\n<\/tr>\n<tr>\n<td class=\"a14aa\" height=\"20\" align=\"left\" valign=\"middle\" bgcolor=\"#EFEFEF\">St\u012bgojums<\/td>\n<td class=\"a14a1a\" height=\"20\" align=\"left\" valign=\"middle\" bgcolor=\"#EFEFEF\">16 x 19<\/td>\n<\/tr>\n<\/tbody>\n<\/table>\n","protected":false},"excerpt":{"rendered":"<p>Galvas izm\u0113rs (collas2) 110 Svars bez st\u012bg\u0101m (g) 270 Bilance bez st\u012bgas (cm) 33.5 Garums (collas) 27.5 Materi\u0101ls graf\u012bta St\u012bgojums 16 x 19<\/p>\n","protected":false},"featured_media":65240,"template":"","meta":[],"product_brand":[920],"product_cat":[4674],"product_tag":[],"class_list":{"0":"post-77403","1":"product","2":"type-product","3":"status-publish","4":"has-post-thumbnail","6":"product_brand-wilson","7":"product_cat-tennis-rackets-tennis-summer-sports-sports","9":"first","10":"instock","11":"shipping-taxable","12":"purchasable","13":"product-type-simple"},"_links":{"self":[{"href":"https:\/\/sezona.lv\/en\/wp-json\/wp\/v2\/product\/77403","targetHints":{"allow":["GET"]}}],"collection":[{"href":"https:\/\/sezona.lv\/en\/wp-json\/wp\/v2\/product"}],"about":[{"href":"https:\/\/sezona.lv\/en\/wp-json\/wp\/v2\/types\/product"}],"wp:featuredmedia":[{"embeddable":true,"href":"https:\/\/sezona.lv\/en\/wp-json\/wp\/v2\/media\/65240"}],"wp:attachment":[{"href":"https:\/\/sezona.lv\/en\/wp-json\/wp\/v2\/media?parent=77403"}],"wp:term":[{"taxonomy":"product_brand","embeddable":true,"href":"https:\/\/sezona.lv\/en\/wp-json\/wp\/v2\/product_brand?post=77403"},{"taxonomy":"product_cat","embeddable":true,"href":"https:\/\/sezona.lv\/en\/wp-json\/wp\/v2\/product_cat?post=77403"},{"taxonomy":"product_tag","embeddable":true,"href":"https:\/\/sezona.lv\/en\/wp-json\/wp\/v2\/product_tag?post=77403"}],"curies":[{"name":"wp","href":"https:\/\/api.w.org\/{rel}","templated":true}]}}