{"id":77407,"date":"2025-07-11T16:09:51","date_gmt":"2025-07-11T13:09:51","guid":{"rendered":"https:\/\/demo8.ecube.lv\/sezona.lv\/products\/wilson-pro-staff-rf97-auto-tenisa-rakete\/"},"modified":"2025-07-14T15:06:05","modified_gmt":"2025-07-14T12:06:05","slug":"wilson-pro-staff-rf97-auto-tenisa-rakete","status":"publish","type":"product","link":"https:\/\/sezona.lv\/en\/products\/wilson-pro-staff-rf97-auto-tenisa-rakete\/","title":{"rendered":"Wilson PRO STAFF RF97 AUTO tenisa rakete"},"content":{"rendered":"<table border=\"0\" cellspacing=\"0\" cellpadding=\"0\" width=\"328\">\n<colgroup>\n<col width=\"29\"><\/col>\n<col width=\"42\"><\/col>\n<col width=\"44\"><\/col>\n<col width=\"48\"><\/col>\n<col width=\"53\"><\/col>\n<col width=\"46\"><\/col>\n<col width=\"66\"><\/col>\n<\/colgroup>\n<tbody>\n<tr>\n<td class=\"xl67\" width=\"29\" height=\"51\">Galvas   izm\u0113rs (cm2)<\/td>\n<td class=\"xl67\" width=\"42\">Svars bez st\u012bg\u0101m   (g)<\/td>\n<td class=\"xl67\" width=\"44\">Svars ar st\u012bg\u0101m   (g)<\/td>\n<td class=\"xl68\" width=\"48\">Bilance ar st\u012bg\u0101m   (cm)<\/td>\n<td class=\"xl68\" width=\"53\">Garums (cm)<\/td>\n<td class=\"xl67\" width=\"46\">St\u012bgojums<\/td>\n<td class=\"xl67\" width=\"66\">Roktura izm\u0113rs<\/td>\n<\/tr>\n<tr>\n<td class=\"xl71\" height=\"38\">626<\/td>\n<td class=\"xl71\">340<\/td>\n<td class=\"xl71\">356<\/td>\n<td class=\"xl71\">31,5<\/td>\n<td class=\"xl71\">68,58<\/td>\n<td class=\"xl71\">16&#215;19<\/td>\n<td class=\"xl71\">2 &ndash; 4<\/td>\n<\/tr>\n<\/tbody>\n<\/table>\n","protected":false},"excerpt":{"rendered":"<p>Galvas izm\u0113rs (cm2) Svars bez st\u012bg\u0101m (g) Svars ar st\u012bg\u0101m (g) Bilance ar st\u012bg\u0101m (cm) Garums (cm) St\u012bgojums Roktura izm\u0113rs 626 340 356 31,5 68,58 16&#215;19 2 &ndash; 4<\/p>\n","protected":false},"featured_media":65246,"template":"","meta":[],"product_brand":[920],"product_cat":[4674],"product_tag":[],"class_list":{"0":"post-77407","1":"product","2":"type-product","3":"status-publish","4":"has-post-thumbnail","6":"product_brand-wilson","7":"product_cat-tennis-rackets-tennis-summer-sports-sports","9":"first","10":"instock","11":"shipping-taxable","12":"purchasable","13":"product-type-simple"},"_links":{"self":[{"href":"https:\/\/sezona.lv\/en\/wp-json\/wp\/v2\/product\/77407","targetHints":{"allow":["GET"]}}],"collection":[{"href":"https:\/\/sezona.lv\/en\/wp-json\/wp\/v2\/product"}],"about":[{"href":"https:\/\/sezona.lv\/en\/wp-json\/wp\/v2\/types\/product"}],"wp:featuredmedia":[{"embeddable":true,"href":"https:\/\/sezona.lv\/en\/wp-json\/wp\/v2\/media\/65246"}],"wp:attachment":[{"href":"https:\/\/sezona.lv\/en\/wp-json\/wp\/v2\/media?parent=77407"}],"wp:term":[{"taxonomy":"product_brand","embeddable":true,"href":"https:\/\/sezona.lv\/en\/wp-json\/wp\/v2\/product_brand?post=77407"},{"taxonomy":"product_cat","embeddable":true,"href":"https:\/\/sezona.lv\/en\/wp-json\/wp\/v2\/product_cat?post=77407"},{"taxonomy":"product_tag","embeddable":true,"href":"https:\/\/sezona.lv\/en\/wp-json\/wp\/v2\/product_tag?post=77407"}],"curies":[{"name":"wp","href":"https:\/\/api.w.org\/{rel}","templated":true}]}}