{"id":77411,"date":"2025-07-14T15:06:09","date_gmt":"2025-07-14T12:06:09","guid":{"rendered":"https:\/\/demo8.ecube.lv\/sezona.lv\/products\/wilson-monfils100-tenisa-rakete\/"},"modified":"2025-07-14T15:06:09","modified_gmt":"2025-07-14T12:06:09","slug":"wilson-monfils100-tenisa-rakete","status":"publish","type":"product","link":"https:\/\/sezona.lv\/en\/products\/wilson-monfils100-tenisa-rakete\/","title":{"rendered":"Wilson MONFILS100 tenisa rakete"},"content":{"rendered":"<table border=\"0\" cellspacing=\"0\" cellpadding=\"0\" width=\"286\">\n<colgroup>\n<col width=\"29\"><\/col>\n<col width=\"44\"><\/col>\n<col width=\"48\"><\/col>\n<col width=\"53\"><\/col>\n<col width=\"46\"><\/col>\n<col width=\"66\"><\/col>\n<\/colgroup>\n<tbody>\n<tr>\n<td class=\"xl67\" width=\"29\" height=\"51\">Galvas   izm\u0113rs (cm2)<\/td>\n<td class=\"xl67\" width=\"44\">Svars ar st\u012bg\u0101m   (g)<\/td>\n<td class=\"xl68\" width=\"48\">Bilance ar st\u012bg\u0101m   (cm)<\/td>\n<td class=\"xl68\" width=\"53\">Garums (cm)<\/td>\n<td class=\"xl67\" width=\"46\">St\u012bgojums<\/td>\n<td class=\"xl67\" width=\"66\">Roktura izm\u0113rs<\/td>\n<\/tr>\n<tr>\n<td class=\"xl71\" height=\"28\">645<\/td>\n<td class=\"xl71\">300<\/td>\n<td class=\"xl71\">35,5<\/td>\n<td class=\"xl71\">68,6<\/td>\n<td class=\"xl71\">16&#215;19<\/td>\n<td class=\"xl71\">1 &ndash; 3<\/td>\n<\/tr>\n<\/tbody>\n<\/table>\n","protected":false},"excerpt":{"rendered":"<p>Galvas izm\u0113rs (cm2) Svars ar st\u012bg\u0101m (g) Bilance ar st\u012bg\u0101m (cm) Garums (cm) St\u012bgojums Roktura izm\u0113rs 645 300 35,5 68,6 16&#215;19 1 &ndash; 3<\/p>\n","protected":false},"featured_media":0,"template":"","meta":[],"product_brand":[920],"product_cat":[4674],"product_tag":[],"class_list":{"0":"post-77411","1":"product","2":"type-product","3":"status-publish","5":"product_brand-wilson","6":"product_cat-tennis-rackets-tennis-summer-sports-sports","8":"first","9":"instock","10":"shipping-taxable","11":"purchasable","12":"product-type-simple"},"_links":{"self":[{"href":"https:\/\/sezona.lv\/en\/wp-json\/wp\/v2\/product\/77411","targetHints":{"allow":["GET"]}}],"collection":[{"href":"https:\/\/sezona.lv\/en\/wp-json\/wp\/v2\/product"}],"about":[{"href":"https:\/\/sezona.lv\/en\/wp-json\/wp\/v2\/types\/product"}],"wp:attachment":[{"href":"https:\/\/sezona.lv\/en\/wp-json\/wp\/v2\/media?parent=77411"}],"wp:term":[{"taxonomy":"product_brand","embeddable":true,"href":"https:\/\/sezona.lv\/en\/wp-json\/wp\/v2\/product_brand?post=77411"},{"taxonomy":"product_cat","embeddable":true,"href":"https:\/\/sezona.lv\/en\/wp-json\/wp\/v2\/product_cat?post=77411"},{"taxonomy":"product_tag","embeddable":true,"href":"https:\/\/sezona.lv\/en\/wp-json\/wp\/v2\/product_tag?post=77411"}],"curies":[{"name":"wp","href":"https:\/\/api.w.org\/{rel}","templated":true}]}}