{"id":77413,"date":"2025-07-14T15:06:12","date_gmt":"2025-07-14T12:06:12","guid":{"rendered":"https:\/\/demo8.ecube.lv\/sezona.lv\/products\/wilson-burn-26s-tenisa-rakete\/"},"modified":"2025-07-14T15:06:12","modified_gmt":"2025-07-14T12:06:12","slug":"wilson-burn-26s-tenisa-rakete","status":"publish","type":"product","link":"https:\/\/sezona.lv\/en\/products\/wilson-burn-26s-tenisa-rakete\/","title":{"rendered":"Wilson BURN 26S tenisa rakete"},"content":{"rendered":"<table id=\"product-attribute-specs-table\" class=\"data-table\" border=\"0\">\n<tbody>\n<tr class=\"first odd\">\n<th class=\"label\">Ra\u017eot\u0101js<\/th>\n<td class=\"data last\">WILSON<\/td>\n<\/tr>\n<tr class=\"even\">\n<th class=\"label\">Galvas plat\u012bba, cm&sup2;<\/th>\n<td class=\"data last\">645<\/td>\n<\/tr>\n<tr class=\"odd\">\n<th class=\"label\">Balanss<\/th>\n<td class=\"data last\">340mm<\/td>\n<\/tr>\n<tr class=\"even\">\n<th class=\"label\">St\u012bgojuma formula<\/th>\n<td class=\"data last\">16&#215;18<\/td>\n<\/tr>\n<tr class=\"odd\">\n<th class=\"label\">Garums, cm<\/th>\n<td class=\"data last\">66<\/td>\n<\/tr>\n<tr class=\"even over\">\n<th class=\"label\">Kr\u0101sa<\/th>\n<td class=\"data last\">Melna\/Oran\u017ea<\/td>\n<\/tr>\n<\/tbody>\n<\/table>\n","protected":false},"excerpt":{"rendered":"<p>Ra\u017eot\u0101js WILSON Galvas plat\u012bba, cm&sup2; 645 Balanss 340mm St\u012bgojuma formula 16&#215;18 Garums, cm 66 Kr\u0101sa Melna\/Oran\u017ea<\/p>\n","protected":false},"featured_media":0,"template":"","meta":[],"product_brand":[920],"product_cat":[4675],"product_tag":[],"class_list":{"0":"post-77413","1":"product","2":"type-product","3":"status-publish","5":"product_brand-wilson","6":"product_cat-childrens-tennis-rackets-tennis-summer-sports-sports","8":"first","9":"instock","10":"shipping-taxable","11":"purchasable","12":"product-type-simple"},"_links":{"self":[{"href":"https:\/\/sezona.lv\/en\/wp-json\/wp\/v2\/product\/77413","targetHints":{"allow":["GET"]}}],"collection":[{"href":"https:\/\/sezona.lv\/en\/wp-json\/wp\/v2\/product"}],"about":[{"href":"https:\/\/sezona.lv\/en\/wp-json\/wp\/v2\/types\/product"}],"wp:attachment":[{"href":"https:\/\/sezona.lv\/en\/wp-json\/wp\/v2\/media?parent=77413"}],"wp:term":[{"taxonomy":"product_brand","embeddable":true,"href":"https:\/\/sezona.lv\/en\/wp-json\/wp\/v2\/product_brand?post=77413"},{"taxonomy":"product_cat","embeddable":true,"href":"https:\/\/sezona.lv\/en\/wp-json\/wp\/v2\/product_cat?post=77413"},{"taxonomy":"product_tag","embeddable":true,"href":"https:\/\/sezona.lv\/en\/wp-json\/wp\/v2\/product_tag?post=77413"}],"curies":[{"name":"wp","href":"https:\/\/api.w.org\/{rel}","templated":true}]}}