{"id":77414,"date":"2025-07-14T15:06:12","date_gmt":"2025-07-14T12:06:12","guid":{"rendered":"https:\/\/demo8.ecube.lv\/sezona.lv\/products\/wilson-burn-25s-tenisa-rakete\/"},"modified":"2025-07-14T15:06:12","modified_gmt":"2025-07-14T12:06:12","slug":"wilson-burn-25s-tenisa-rakete","status":"publish","type":"product","link":"https:\/\/sezona.lv\/en\/products\/wilson-burn-25s-tenisa-rakete\/","title":{"rendered":"Wilson BURN 25S tenisa rakete"},"content":{"rendered":"<table border=\"0\" cellspacing=\"0\" cellpadding=\"0\" width=\"260\">\n<colgroup>\n<col span=\"4\" width=\"52\"><\/col>\n<col width=\"52\"><\/col>\n<\/colgroup>\n<tbody>\n<tr>\n<td class=\"xl66\" width=\"52\" height=\"45\">Galvas   izm\u0113rs (cm2)<\/td>\n<td class=\"xl66\" width=\"52\">Svars ar st\u012bg\u0101m   (g)<\/td>\n<td class=\"xl67\" width=\"52\">Bilance ar st\u012bg\u0101m   (cm)<\/td>\n<td class=\"xl67\" width=\"52\">Garums (cm)<\/td>\n<td class=\"xl68\" width=\"52\">St\u012bgojums<\/td>\n<\/tr>\n<tr>\n<td class=\"xl69\" height=\"32\">645<\/td>\n<td class=\"xl69\">256<\/td>\n<td class=\"xl69\">33<\/td>\n<td class=\"xl69\">63,5<\/td>\n<td class=\"xl69\">18X16<\/td>\n<\/tr>\n<\/tbody>\n<\/table>\n","protected":false},"excerpt":{"rendered":"<p>Galvas izm\u0113rs (cm2) Svars ar st\u012bg\u0101m (g) Bilance ar st\u012bg\u0101m (cm) Garums (cm) St\u012bgojums 645 256 33 63,5 18X16<\/p>\n","protected":false},"featured_media":0,"template":"","meta":[],"product_brand":[920],"product_cat":[4675],"product_tag":[],"class_list":{"0":"post-77414","1":"product","2":"type-product","3":"status-publish","5":"product_brand-wilson","6":"product_cat-childrens-tennis-rackets-tennis-summer-sports-sports","8":"first","9":"instock","10":"shipping-taxable","11":"purchasable","12":"product-type-simple"},"_links":{"self":[{"href":"https:\/\/sezona.lv\/en\/wp-json\/wp\/v2\/product\/77414","targetHints":{"allow":["GET"]}}],"collection":[{"href":"https:\/\/sezona.lv\/en\/wp-json\/wp\/v2\/product"}],"about":[{"href":"https:\/\/sezona.lv\/en\/wp-json\/wp\/v2\/types\/product"}],"wp:attachment":[{"href":"https:\/\/sezona.lv\/en\/wp-json\/wp\/v2\/media?parent=77414"}],"wp:term":[{"taxonomy":"product_brand","embeddable":true,"href":"https:\/\/sezona.lv\/en\/wp-json\/wp\/v2\/product_brand?post=77414"},{"taxonomy":"product_cat","embeddable":true,"href":"https:\/\/sezona.lv\/en\/wp-json\/wp\/v2\/product_cat?post=77414"},{"taxonomy":"product_tag","embeddable":true,"href":"https:\/\/sezona.lv\/en\/wp-json\/wp\/v2\/product_tag?post=77414"}],"curies":[{"name":"wp","href":"https:\/\/api.w.org\/{rel}","templated":true}]}}