{"id":77415,"date":"2025-07-11T16:09:58","date_gmt":"2025-07-11T13:09:58","guid":{"rendered":"https:\/\/demo8.ecube.lv\/sezona.lv\/products\/wilson-pro-staff-26-tenisa-rakete\/"},"modified":"2025-07-14T15:06:14","modified_gmt":"2025-07-14T12:06:14","slug":"wilson-pro-staff-26-tenisa-rakete","status":"publish","type":"product","link":"https:\/\/sezona.lv\/en\/products\/wilson-pro-staff-26-tenisa-rakete\/","title":{"rendered":"Wilson PRO STAFF 26 tenisa rakete"},"content":{"rendered":"<p>&nbsp;<\/p>\n<div class=\"ma-main-container col2-right-layout\">\n<div class=\"container\">\n<div class=\"main\">\n<div class=\"main-inner\">\n<div class=\"row\">\n<div class=\"col-main col-xs-12 col-sm-9\">\n<div class=\"product-view\">\n<div class=\"product-essential\">\n<div class=\"row\">\n<div class=\"product-shop col-sm-7 col-md-87 col-sms-8 col-smb-12\">\n<div class=\"short-description\">\n<div class=\"std\">Galvas izm\u0113rs (collas2): 100<br \/>Svars bez st\u012bg\u0101m (g): 236<br \/>Svars ar st\u012bg\u0101m (g):&nbsp;<br \/>Bilance bez st\u012bgas (cm): 31<br \/>Garums (collas): 26<br \/>St\u012bgojums: 16&#215;20<\/div>\n<\/div>\n<\/div>\n<\/div>\n<\/div>\n<\/div>\n<\/div>\n<\/div>\n<\/div>\n<\/div>\n<\/div>\n<\/div>\n","protected":false},"excerpt":{"rendered":"<p>&nbsp; Galvas izm\u0113rs (collas2): 100Svars bez st\u012bg\u0101m (g): 236Svars ar st\u012bg\u0101m (g):&nbsp;Bilance bez st\u012bgas (cm): 31Garums (collas): 26St\u012bgojums: 16&#215;20<\/p>\n","protected":false},"featured_media":65258,"template":"","meta":[],"product_brand":[920],"product_cat":[4675],"product_tag":[],"class_list":{"0":"post-77415","1":"product","2":"type-product","3":"status-publish","4":"has-post-thumbnail","6":"product_brand-wilson","7":"product_cat-childrens-tennis-rackets-tennis-summer-sports-sports","9":"first","10":"instock","11":"shipping-taxable","12":"purchasable","13":"product-type-simple"},"_links":{"self":[{"href":"https:\/\/sezona.lv\/en\/wp-json\/wp\/v2\/product\/77415","targetHints":{"allow":["GET"]}}],"collection":[{"href":"https:\/\/sezona.lv\/en\/wp-json\/wp\/v2\/product"}],"about":[{"href":"https:\/\/sezona.lv\/en\/wp-json\/wp\/v2\/types\/product"}],"wp:featuredmedia":[{"embeddable":true,"href":"https:\/\/sezona.lv\/en\/wp-json\/wp\/v2\/media\/65258"}],"wp:attachment":[{"href":"https:\/\/sezona.lv\/en\/wp-json\/wp\/v2\/media?parent=77415"}],"wp:term":[{"taxonomy":"product_brand","embeddable":true,"href":"https:\/\/sezona.lv\/en\/wp-json\/wp\/v2\/product_brand?post=77415"},{"taxonomy":"product_cat","embeddable":true,"href":"https:\/\/sezona.lv\/en\/wp-json\/wp\/v2\/product_cat?post=77415"},{"taxonomy":"product_tag","embeddable":true,"href":"https:\/\/sezona.lv\/en\/wp-json\/wp\/v2\/product_tag?post=77415"}],"curies":[{"name":"wp","href":"https:\/\/api.w.org\/{rel}","templated":true}]}}