{"id":77416,"date":"2025-07-11T16:09:59","date_gmt":"2025-07-11T13:09:59","guid":{"rendered":"https:\/\/demo8.ecube.lv\/sezona.lv\/products\/wilson-blade-26-tenisa-rakete\/"},"modified":"2025-07-14T15:06:15","modified_gmt":"2025-07-14T12:06:15","slug":"wilson-blade-26-tenisa-rakete","status":"publish","type":"product","link":"https:\/\/sezona.lv\/en\/products\/wilson-blade-26-tenisa-rakete\/","title":{"rendered":"Wilson BLADE 26 tenisa rakete"},"content":{"rendered":"<table border=\"0\">\n<tbody>\n<tr>\n<td>Galvas izm\u0113rs (collas)<\/td>\n<td>98<\/td>\n<\/tr>\n<tr>\n<td>Svars bez st\u012bg\u0101m (g)<\/td>\n<td>224<\/td>\n<\/tr>\n<tr>\n<td>Bilance bez st\u012bgas (cm)<\/td>\n<td>32<\/td>\n<\/tr>\n<tr>\n<td>St\u012bgojums<\/td>\n<td>16&#215;19<\/td>\n<\/tr>\n<tr>\n<td>Garums (collas)<\/td>\n<td>26<\/td>\n<\/tr>\n<\/tbody>\n<\/table>\n","protected":false},"excerpt":{"rendered":"<p>Galvas izm\u0113rs (collas) 98 Svars bez st\u012bg\u0101m (g) 224 Bilance bez st\u012bgas (cm) 32 St\u012bgojums 16&#215;19 Garums (collas) 26<\/p>\n","protected":false},"featured_media":65261,"template":"","meta":[],"product_brand":[920],"product_cat":[4675],"product_tag":[],"class_list":{"0":"post-77416","1":"product","2":"type-product","3":"status-publish","4":"has-post-thumbnail","6":"product_brand-wilson","7":"product_cat-childrens-tennis-rackets-tennis-summer-sports-sports","9":"first","10":"instock","11":"shipping-taxable","12":"purchasable","13":"product-type-simple"},"_links":{"self":[{"href":"https:\/\/sezona.lv\/en\/wp-json\/wp\/v2\/product\/77416","targetHints":{"allow":["GET"]}}],"collection":[{"href":"https:\/\/sezona.lv\/en\/wp-json\/wp\/v2\/product"}],"about":[{"href":"https:\/\/sezona.lv\/en\/wp-json\/wp\/v2\/types\/product"}],"wp:featuredmedia":[{"embeddable":true,"href":"https:\/\/sezona.lv\/en\/wp-json\/wp\/v2\/media\/65261"}],"wp:attachment":[{"href":"https:\/\/sezona.lv\/en\/wp-json\/wp\/v2\/media?parent=77416"}],"wp:term":[{"taxonomy":"product_brand","embeddable":true,"href":"https:\/\/sezona.lv\/en\/wp-json\/wp\/v2\/product_brand?post=77416"},{"taxonomy":"product_cat","embeddable":true,"href":"https:\/\/sezona.lv\/en\/wp-json\/wp\/v2\/product_cat?post=77416"},{"taxonomy":"product_tag","embeddable":true,"href":"https:\/\/sezona.lv\/en\/wp-json\/wp\/v2\/product_tag?post=77416"}],"curies":[{"name":"wp","href":"https:\/\/api.w.org\/{rel}","templated":true}]}}