{"id":77417,"date":"2025-07-11T16:10:00","date_gmt":"2025-07-11T13:10:00","guid":{"rendered":"https:\/\/demo8.ecube.lv\/sezona.lv\/products\/wilson-blade-25-tenisa-rakete\/"},"modified":"2025-07-14T15:06:16","modified_gmt":"2025-07-14T12:06:16","slug":"wilson-blade-25-tenisa-rakete","status":"publish","type":"product","link":"https:\/\/sezona.lv\/en\/products\/wilson-blade-25-tenisa-rakete\/","title":{"rendered":"Wilson BLADE 25 tenisa rakete"},"content":{"rendered":"<table border=\"0\">\n<tbody>\n<tr>\n<td>Galvas izm\u0113rs (collas)<\/td>\n<td>98<\/td>\n<\/tr>\n<tr>\n<td>Svars bez st\u012bg\u0101m (g)<\/td>\n<td>219<\/td>\n<\/tr>\n<tr>\n<td>Bilance bez st\u012bgas (cm)<\/td>\n<td>30.5<\/td>\n<\/tr>\n<tr>\n<td>St\u012bgojums<\/td>\n<td>18&#215;20<\/td>\n<\/tr>\n<tr>\n<td>Garums (collas)<\/td>\n<td>25<\/td>\n<\/tr>\n<tr>\n<td>&nbsp;<\/td>\n<td>Materi\u0101ls Graphite\/Basalt<\/td>\n<\/tr>\n<\/tbody>\n<\/table>\n","protected":false},"excerpt":{"rendered":"<p>Galvas izm\u0113rs (collas) 98 Svars bez st\u012bg\u0101m (g) 219 Bilance bez st\u012bgas (cm) 30.5 St\u012bgojums 18&#215;20 Garums (collas) 25 &nbsp; Materi\u0101ls Graphite\/Basalt<\/p>\n","protected":false},"featured_media":65264,"template":"","meta":[],"product_brand":[920],"product_cat":[4675],"product_tag":[],"class_list":{"0":"post-77417","1":"product","2":"type-product","3":"status-publish","4":"has-post-thumbnail","6":"product_brand-wilson","7":"product_cat-childrens-tennis-rackets-tennis-summer-sports-sports","9":"first","10":"instock","11":"shipping-taxable","12":"purchasable","13":"product-type-simple"},"_links":{"self":[{"href":"https:\/\/sezona.lv\/en\/wp-json\/wp\/v2\/product\/77417","targetHints":{"allow":["GET"]}}],"collection":[{"href":"https:\/\/sezona.lv\/en\/wp-json\/wp\/v2\/product"}],"about":[{"href":"https:\/\/sezona.lv\/en\/wp-json\/wp\/v2\/types\/product"}],"wp:featuredmedia":[{"embeddable":true,"href":"https:\/\/sezona.lv\/en\/wp-json\/wp\/v2\/media\/65264"}],"wp:attachment":[{"href":"https:\/\/sezona.lv\/en\/wp-json\/wp\/v2\/media?parent=77417"}],"wp:term":[{"taxonomy":"product_brand","embeddable":true,"href":"https:\/\/sezona.lv\/en\/wp-json\/wp\/v2\/product_brand?post=77417"},{"taxonomy":"product_cat","embeddable":true,"href":"https:\/\/sezona.lv\/en\/wp-json\/wp\/v2\/product_cat?post=77417"},{"taxonomy":"product_tag","embeddable":true,"href":"https:\/\/sezona.lv\/en\/wp-json\/wp\/v2\/product_tag?post=77417"}],"curies":[{"name":"wp","href":"https:\/\/api.w.org\/{rel}","templated":true}]}}