{"id":77418,"date":"2025-07-11T16:10:01","date_gmt":"2025-07-11T13:10:01","guid":{"rendered":"https:\/\/demo8.ecube.lv\/sezona.lv\/products\/wilson-federer-26-tenisa-rakete\/"},"modified":"2025-07-14T15:06:17","modified_gmt":"2025-07-14T12:06:17","slug":"wilson-federer-26-tenisa-rakete","status":"publish","type":"product","link":"https:\/\/sezona.lv\/en\/products\/wilson-federer-26-tenisa-rakete\/","title":{"rendered":"Wilson FEDERER 26 tenisa rakete"},"content":{"rendered":"<p><span>Uzb\u016bve<\/span><br \/><span>* Galvas izm\u0113rs: 677 cm2<\/span><br \/><span>* Balanss bez st\u012bg\u0101m: 31,5 cm<\/span><br \/><span>* St\u012bgo&scaron;anas formula: 16&#215;19<\/span><\/p>\n<p><span>Materi\u0101li<\/span><br \/><span>* Airlite Alloy<\/span><\/p>\n<p><span>Fizik\u0101l\u0101 specifik\u0101cija<\/span><br \/><span>* Garums: 66 cm<\/span><br \/><span>* Svars bez st\u012bg\u0101m: 240 g<\/span><br \/><span>* Kr\u0101sa: melna, balta, sarkana, zelta<\/span><\/p>\n","protected":false},"excerpt":{"rendered":"<p>Uzb\u016bve* Galvas izm\u0113rs: 677 cm2* Balanss bez st\u012bg\u0101m: 31,5 cm* St\u012bgo&scaron;anas formula: 16&#215;19 Materi\u0101li* Airlite Alloy Fizik\u0101l\u0101 specifik\u0101cija* Garums: 66 cm* Svars bez st\u012bg\u0101m: 240 g* Kr\u0101sa: melna, balta, sarkana, zelta<\/p>\n","protected":false},"featured_media":0,"template":"","meta":[],"product_brand":[920],"product_cat":[967],"product_tag":[],"class_list":{"0":"post-77418","1":"product","2":"type-product","3":"status-publish","5":"product_brand-wilson","6":"product_cat-bez-kategorijas","8":"first","9":"instock","10":"shipping-taxable","11":"purchasable","12":"product-type-simple"},"_links":{"self":[{"href":"https:\/\/sezona.lv\/en\/wp-json\/wp\/v2\/product\/77418","targetHints":{"allow":["GET"]}}],"collection":[{"href":"https:\/\/sezona.lv\/en\/wp-json\/wp\/v2\/product"}],"about":[{"href":"https:\/\/sezona.lv\/en\/wp-json\/wp\/v2\/types\/product"}],"wp:attachment":[{"href":"https:\/\/sezona.lv\/en\/wp-json\/wp\/v2\/media?parent=77418"}],"wp:term":[{"taxonomy":"product_brand","embeddable":true,"href":"https:\/\/sezona.lv\/en\/wp-json\/wp\/v2\/product_brand?post=77418"},{"taxonomy":"product_cat","embeddable":true,"href":"https:\/\/sezona.lv\/en\/wp-json\/wp\/v2\/product_cat?post=77418"},{"taxonomy":"product_tag","embeddable":true,"href":"https:\/\/sezona.lv\/en\/wp-json\/wp\/v2\/product_tag?post=77418"}],"curies":[{"name":"wp","href":"https:\/\/api.w.org\/{rel}","templated":true}]}}