{"id":77423,"date":"2025-07-14T15:06:22","date_gmt":"2025-07-14T12:06:22","guid":{"rendered":"https:\/\/demo8.ecube.lv\/sezona.lv\/products\/tickettothemoon-supultikls-king-size-hammock\/"},"modified":"2025-07-14T15:06:22","modified_gmt":"2025-07-14T12:06:22","slug":"tickettothemoon-supultikls-king-size-hammock","status":"publish","type":"product","link":"https:\/\/sezona.lv\/en\/products\/tickettothemoon-supultikls-king-size-hammock\/","title":{"rendered":"Tickettothemoon \u0161\u016bpu\u013ct\u012bkls King Size Hammock"},"content":{"rendered":"<p>King Size izm\u0113ra t\u012bkls ir iev\u0113rojami plat\u0101ks un taj\u0101 \u013coti \u0113rti var\u0113s  izgul\u0113ties viens pieaugu&scaron;ais, vai \u0113rti atp\u016bsties divi cilv\u0113ki.<\/p>\n<div class=\"rte\">\n<p>&#8216;Ticket to the Moon&#8217; ir uz\u0146\u0113mums, kas ra\u017eo hamokus  no augst\u0101k\u0101s kvalit\u0101tes OEKO-TEX&reg; standartam atbilsto&scaron;a izplet\u0146auduma,  kas neizraisa \u0101das aler\u0123iju, ir elpojo&scaron;s un uz t\u0101 nerodas pel\u0113jums. Tas  ir \u013coti iztur\u012bgs, bet taj\u0101 pa&scaron;\u0101 laik\u0101 viegls, nezaud\u0113jot  nodilumiztur\u012bbu. King Size izm\u0113ra t\u012bkls ir iev\u0113rojami plat\u0101ks un taj\u0101  \u013coti \u0113rti var\u0113s izgul\u0113ties viens pieaugu&scaron;ais, vai \u0113rti atp\u016bsties divi  cilv\u0113ki.<\/p>\n<h4>Specifik\u0101cija:<\/h4>\n<p><strong>Audums:<\/strong> Izplet\u0146u neilonz\u012bds <br \/><strong>Izm\u0113rs:<\/strong> 2,9 m x 2.30 m <br \/><strong>Kop\u0113jais garums:<\/strong> 3,2 m <br \/><strong>Svars:<\/strong> 700 grami <br \/><strong>Iztur\u012bba:<\/strong> 200 kg<\/p>\n<\/div>\n","protected":false},"excerpt":{"rendered":"<p>King Size izm\u0113ra t\u012bkls ir iev\u0113rojami plat\u0101ks un taj\u0101 \u013coti \u0113rti var\u0113s izgul\u0113ties viens pieaugu&scaron;ais, vai \u0113rti atp\u016bsties divi cilv\u0113ki. &#8216;Ticket to the Moon&#8217; ir uz\u0146\u0113mums, kas ra\u017eo hamokus no augst\u0101k\u0101s kvalit\u0101tes OEKO-TEX&reg; standartam atbilsto&scaron;a izplet\u0146auduma, kas neizraisa \u0101das aler\u0123iju, ir elpojo&scaron;s un uz t\u0101 nerodas pel\u0113jums. Tas ir \u013coti iztur\u012bgs, bet taj\u0101 pa&scaron;\u0101 laik\u0101 [&hellip;]<\/p>\n","protected":false},"featured_media":0,"template":"","meta":[],"product_brand":[],"product_cat":[4558,4640,4908],"product_tag":[],"class_list":{"0":"post-77423","1":"product","2":"type-product","3":"status-publish","5":"product_cat-for-tourism-recreation","6":"product_cat-recreation","7":"product_cat-hammocks-for-tourism-recreation","9":"first","10":"instock","11":"shipping-taxable","12":"purchasable","13":"product-type-simple"},"_links":{"self":[{"href":"https:\/\/sezona.lv\/en\/wp-json\/wp\/v2\/product\/77423","targetHints":{"allow":["GET"]}}],"collection":[{"href":"https:\/\/sezona.lv\/en\/wp-json\/wp\/v2\/product"}],"about":[{"href":"https:\/\/sezona.lv\/en\/wp-json\/wp\/v2\/types\/product"}],"wp:attachment":[{"href":"https:\/\/sezona.lv\/en\/wp-json\/wp\/v2\/media?parent=77423"}],"wp:term":[{"taxonomy":"product_brand","embeddable":true,"href":"https:\/\/sezona.lv\/en\/wp-json\/wp\/v2\/product_brand?post=77423"},{"taxonomy":"product_cat","embeddable":true,"href":"https:\/\/sezona.lv\/en\/wp-json\/wp\/v2\/product_cat?post=77423"},{"taxonomy":"product_tag","embeddable":true,"href":"https:\/\/sezona.lv\/en\/wp-json\/wp\/v2\/product_tag?post=77423"}],"curies":[{"name":"wp","href":"https:\/\/api.w.org\/{rel}","templated":true}]}}