{"id":77424,"date":"2025-07-14T15:06:23","date_gmt":"2025-07-14T12:06:23","guid":{"rendered":"https:\/\/demo8.ecube.lv\/sezona.lv\/products\/tickettothemoon-moskitu-tikls-mosquito-net-360\/"},"modified":"2025-07-14T15:06:23","modified_gmt":"2025-07-14T12:06:23","slug":"tickettothemoon-moskitu-tikls-mosquito-net-360","status":"publish","type":"product","link":"https:\/\/sezona.lv\/en\/products\/tickettothemoon-moskitu-tikls-mosquito-net-360\/","title":{"rendered":"Tickettothemoon mosk\u012btu t\u012bkls Mosquito net 360"},"content":{"rendered":"<div class=\"rte\">\n<p>Mosk\u012btu t\u012bkls, kas ir speci\u0101li paredz\u0113ts lieto&scaron;anai kop\u0101 ar &scaron;\u016bpu\u013ct\u012bklu. Izgatavots no \u013coti smalka un iztur\u012bga sieti\u0146auduma.<\/p>\n<h4>Specifik\u0101cija:<\/h4>\n<p><strong>Materi\u0101ls:<\/strong> 100% Polyester <br \/><strong>Izm\u0113rs:<\/strong> 280 x 130 cm <br \/><strong>T\u012bkls:<\/strong> 81 caurumi\/cm2 <br \/><strong>Svars:<\/strong> 450 grami<\/p>\n<\/div>\n","protected":false},"excerpt":{"rendered":"<p>Mosk\u012btu t\u012bkls, kas ir speci\u0101li paredz\u0113ts lieto&scaron;anai kop\u0101 ar &scaron;\u016bpu\u013ct\u012bklu. Izgatavots no \u013coti smalka un iztur\u012bga sieti\u0146auduma. Specifik\u0101cija: Materi\u0101ls: 100% Polyester Izm\u0113rs: 280 x 130 cm T\u012bkls: 81 caurumi\/cm2 Svars: 450 grami<\/p>\n","protected":false},"featured_media":0,"template":"","meta":[],"product_brand":[],"product_cat":[4558,4640,4908],"product_tag":[],"class_list":{"0":"post-77424","1":"product","2":"type-product","3":"status-publish","5":"product_cat-for-tourism-recreation","6":"product_cat-recreation","7":"product_cat-hammocks-for-tourism-recreation","9":"first","10":"instock","11":"shipping-taxable","12":"purchasable","13":"product-type-simple"},"_links":{"self":[{"href":"https:\/\/sezona.lv\/en\/wp-json\/wp\/v2\/product\/77424","targetHints":{"allow":["GET"]}}],"collection":[{"href":"https:\/\/sezona.lv\/en\/wp-json\/wp\/v2\/product"}],"about":[{"href":"https:\/\/sezona.lv\/en\/wp-json\/wp\/v2\/types\/product"}],"wp:attachment":[{"href":"https:\/\/sezona.lv\/en\/wp-json\/wp\/v2\/media?parent=77424"}],"wp:term":[{"taxonomy":"product_brand","embeddable":true,"href":"https:\/\/sezona.lv\/en\/wp-json\/wp\/v2\/product_brand?post=77424"},{"taxonomy":"product_cat","embeddable":true,"href":"https:\/\/sezona.lv\/en\/wp-json\/wp\/v2\/product_cat?post=77424"},{"taxonomy":"product_tag","embeddable":true,"href":"https:\/\/sezona.lv\/en\/wp-json\/wp\/v2\/product_tag?post=77424"}],"curies":[{"name":"wp","href":"https:\/\/api.w.org\/{rel}","templated":true}]}}