{"id":77425,"date":"2025-07-14T15:06:24","date_gmt":"2025-07-14T12:06:24","guid":{"rendered":"https:\/\/demo8.ecube.lv\/sezona.lv\/products\/termovela-norfin-winter-line-gray\/"},"modified":"2025-07-14T15:06:24","modified_gmt":"2025-07-14T12:06:24","slug":"termovela-norfin-winter-line-gray","status":"publish","type":"product","link":"https:\/\/sezona.lv\/en\/products\/termovela-norfin-winter-line-gray\/","title":{"rendered":"Termove\u013ca NORFIN WINTER LINE Gray"},"content":{"rendered":"<div id=\"description\" class=\"tab-pane active\">\n<p>Fl\u012bsa, termove\u013ca piem\u0113rota da\u017e\u0101d\u0101m aktivit\u0101t\u0113m aukst\u0101 laik\u0101.  Materi\u0101ls nodro&scaron;ina labu liek\u0101 mitruma novad\u012b&scaron;anu no \u0137erme\u0146a, k\u0101 ar\u012b  siltumu vid\u0113j\u0101 aktivit\u0101tes l\u012bmen\u012b. Silts, bet viegls modelis, kas  nodro&scaron;ina komfortu uzturoties \u0101r\u0101 aukst\u0101 laik\u0101.<\/p>\n<ul>\n<li>Augsta apkakle<\/li>\n<li>Jakas priek&scaron;\u0101 r\u0101v\u0113jsl\u0113dz\u0113js<\/li>\n<li>Elast\u012bgas man&scaron;etes<\/li>\n<li>Elast\u012bga jostasvieta<\/li>\n<\/ul>\n<p>&nbsp;<\/p>\n<p>Materi\u0101ls: 100% <strong>Poliesters<\/strong><\/p>\n<\/div>\n","protected":false},"excerpt":{"rendered":"<p>Fl\u012bsa, termove\u013ca piem\u0113rota da\u017e\u0101d\u0101m aktivit\u0101t\u0113m aukst\u0101 laik\u0101. Materi\u0101ls nodro&scaron;ina labu liek\u0101 mitruma novad\u012b&scaron;anu no \u0137erme\u0146a, k\u0101 ar\u012b siltumu vid\u0113j\u0101 aktivit\u0101tes l\u012bmen\u012b. Silts, bet viegls modelis, kas nodro&scaron;ina komfortu uzturoties \u0101r\u0101 aukst\u0101 laik\u0101. Augsta apkakle Jakas priek&scaron;\u0101 r\u0101v\u0113jsl\u0113dz\u0113js Elast\u012bgas man&scaron;etes Elast\u012bga jostasvieta &nbsp; Materi\u0101ls: 100% Poliesters<\/p>\n","protected":false},"featured_media":0,"template":"","meta":[],"product_brand":[899],"product_cat":[4619,4621,4640,4985],"product_tag":[],"class_list":{"0":"post-77425","1":"product","2":"type-product","3":"status-publish","5":"product_brand-norfin","6":"product_cat-winter-clothes-recreation","7":"product_cat-thermal-underwear-winter-clothes-recreation","8":"product_cat-recreation","9":"product_cat-norfin-thermal-underwear-thermal-underwear-winter-clothes-recreation","11":"first","12":"instock","13":"shipping-taxable","14":"purchasable","15":"product-type-simple"},"_links":{"self":[{"href":"https:\/\/sezona.lv\/en\/wp-json\/wp\/v2\/product\/77425","targetHints":{"allow":["GET"]}}],"collection":[{"href":"https:\/\/sezona.lv\/en\/wp-json\/wp\/v2\/product"}],"about":[{"href":"https:\/\/sezona.lv\/en\/wp-json\/wp\/v2\/types\/product"}],"wp:attachment":[{"href":"https:\/\/sezona.lv\/en\/wp-json\/wp\/v2\/media?parent=77425"}],"wp:term":[{"taxonomy":"product_brand","embeddable":true,"href":"https:\/\/sezona.lv\/en\/wp-json\/wp\/v2\/product_brand?post=77425"},{"taxonomy":"product_cat","embeddable":true,"href":"https:\/\/sezona.lv\/en\/wp-json\/wp\/v2\/product_cat?post=77425"},{"taxonomy":"product_tag","embeddable":true,"href":"https:\/\/sezona.lv\/en\/wp-json\/wp\/v2\/product_tag?post=77425"}],"curies":[{"name":"wp","href":"https:\/\/api.w.org\/{rel}","templated":true}]}}