{"id":77429,"date":"2025-07-14T15:06:27","date_gmt":"2025-07-14T12:06:27","guid":{"rendered":"https:\/\/demo8.ecube.lv\/sezona.lv\/products\/bikses-marmot-wms-spire\/"},"modified":"2025-07-14T15:06:27","modified_gmt":"2025-07-14T12:06:27","slug":"bikses-marmot-wms-spire","status":"publish","type":"product","link":"https:\/\/sezona.lv\/en\/products\/bikses-marmot-wms-spire\/","title":{"rendered":"Bikses Marmot Wms Spire"},"content":{"rendered":"<div><span style=\"font-size: x-small\">Sievie&scaron;u&nbsp;<strong>Wm&#8217;s Spire Pant<\/strong>&nbsp;sl\u0113po&scaron;anas bikses ir dom\u0101tas \u013coti pras\u012bg\u0101m d\u0101m\u0101m. Piln\u012bga tr\u012bs sl\u0101\u0146u&nbsp;<strong>Gore-Tex&reg; 3L<\/strong>&nbsp;aizsardz\u012bba no mitruma un v\u0113ja. \u012apa&scaron;i izveidots sievie&scaron;u piegriezums \u013caus br\u012bvi kust\u0113ties aktivit\u0101&scaron;u laik\u0101. Regul\u0113jami bik&scaron;turi un pilna garuma \u016bdensdro&scaron;ie r\u0101v\u0113jsl\u0113dz\u0113ji \u013caus \u0101tri un \u0113rti bikses uzvilkt vai novilkt, nenovelkot z\u0101bakus. Integr\u0113ta bahila un&nbsp;<strong>Cordura&reg;<\/strong>&nbsp;pastiprin\u0101jumi pot\u012b&scaron;u da\u013c\u0101 pasarg\u0101s bikses no nodiluma. Sl\u0113po vai k\u0101p kalnos &scaron;\u012bs bikses ir k\u0101 rad\u012btas Tev.<\/span><\/div>\n<p align=\"justify\">&nbsp;<\/p>\n<p><span style=\"color: #800000;font-size: x-small\"><strong>Specifik\u0101cija:<\/strong><\/span><\/p>\n<p><span style=\"font-size: x-small\"><strong>Pamatmateri\u0101ls:<\/strong>&nbsp;GORE-TEX&reg; Products 3L 100% Polyester 4.9 oz\/yd&nbsp;<br \/><\/span><span style=\"font-size: x-small\"><strong>Svars:<\/strong>&nbsp;552 grami<br \/><\/span><span style=\"font-size: x-small\"><strong>Kr\u0101sa:&nbsp;<\/strong>lill\u0101&nbsp;<span style=\"color: #000000\"><br \/><\/span><\/span><\/p>\n<p><span style=\"color: #800000;font-size: x-small\"><strong>Raksturojums:<\/strong><\/span><\/p>\n<p><span style=\"font-size: x-small\"><img loading=\"lazy\" decoding=\"async\" src=\"http:\/\/www.virsotne.lv\/userfiles\/image\/ahaa\/marmot_logo_aplisM.gif\" alt=\"\" width=\"15\" height=\"15\" \/>&nbsp;\u016adensiztur\u012bgs un elpojo&scaron;s audums<br \/><\/span><span style=\"font-size: x-small\"><img loading=\"lazy\" decoding=\"async\" src=\"http:\/\/www.virsotne.lv\/userfiles\/image\/ahaa\/marmot_logo_aplisM.gif\" alt=\"\" width=\"15\" height=\"15\" \/>&nbsp;Visas &scaron;uves ir p\u0101rl\u012bm\u0113tas<br \/><\/span><span style=\"font-size: x-small\"><img loading=\"lazy\" decoding=\"async\" src=\"http:\/\/www.virsotne.lv\/userfiles\/image\/ahaa\/marmot_logo_aplisM.gif\" alt=\"\" width=\"15\" height=\"15\" \/>&nbsp;Ie&scaron;\u016bti ce\u013cgali<br \/><\/span><span style=\"font-size: x-small\"><img loading=\"lazy\" decoding=\"async\" src=\"http:\/\/www.virsotne.lv\/userfiles\/image\/ahaa\/marmot_logo_aplisM.gif\" alt=\"\" width=\"15\" height=\"15\" \/>&nbsp;Cordura auduma uz&scaron;uves pot\u012b&scaron;u da\u013c\u0101<br \/><\/span><span style=\"font-size: x-small\"><img loading=\"lazy\" decoding=\"async\" src=\"http:\/\/www.virsotne.lv\/userfiles\/image\/ahaa\/marmot_logo_aplisM.gif\" alt=\"\" width=\"15\" height=\"15\" \/>&nbsp;Integr\u0113ta bahila<br \/><\/span><span style=\"font-size: x-small\"><img loading=\"lazy\" decoding=\"async\" src=\"http:\/\/www.virsotne.lv\/userfiles\/image\/ahaa\/marmot_logo_aplisM.gif\" alt=\"\" width=\"15\" height=\"15\" \/>&nbsp;Pilna garuma r\u0101v\u0113jsl\u0113dz\u0113ji<br \/><\/span><span style=\"font-size: x-small\"><img loading=\"lazy\" decoding=\"async\" src=\"http:\/\/www.virsotne.lv\/userfiles\/image\/ahaa\/marmot_logo_aplisM.gif\" alt=\"\" width=\"15\" height=\"15\" \/>&nbsp;No\u0146emami bik&scaron;turi<br \/><\/span><span style=\"font-size: x-small\"><img loading=\"lazy\" decoding=\"async\" src=\"http:\/\/www.virsotne.lv\/userfiles\/image\/ahaa\/marmot_logo_aplisM.gif\" alt=\"\" width=\"15\" height=\"15\" \/>&nbsp;Sievie&scaron;u piegriezums<\/span><\/p>\n","protected":false},"excerpt":{"rendered":"<p>Sievie&scaron;u&nbsp;Wm&#8217;s Spire Pant&nbsp;sl\u0113po&scaron;anas bikses ir dom\u0101tas \u013coti pras\u012bg\u0101m d\u0101m\u0101m. Piln\u012bga tr\u012bs sl\u0101\u0146u&nbsp;Gore-Tex&reg; 3L&nbsp;aizsardz\u012bba no mitruma un v\u0113ja. \u012apa&scaron;i izveidots sievie&scaron;u piegriezums \u013caus br\u012bvi kust\u0113ties aktivit\u0101&scaron;u laik\u0101. Regul\u0113jami bik&scaron;turi un pilna garuma \u016bdensdro&scaron;ie r\u0101v\u0113jsl\u0113dz\u0113ji \u013caus \u0101tri un \u0113rti bikses uzvilkt vai novilkt, nenovelkot z\u0101bakus. Integr\u0113ta bahila un&nbsp;Cordura&reg;&nbsp;pastiprin\u0101jumi pot\u012b&scaron;u da\u013c\u0101 pasarg\u0101s bikses no nodiluma. Sl\u0113po vai k\u0101p [&hellip;]<\/p>\n","protected":false},"featured_media":0,"template":"","meta":[],"product_brand":[908],"product_cat":[4619,4640,4909],"product_tag":[],"class_list":{"0":"post-77429","1":"product","2":"type-product","3":"status-publish","5":"product_brand-marmot","6":"product_cat-winter-clothes-recreation","7":"product_cat-recreation","8":"product_cat-ski-clothes-winter-clothes-recreation","10":"first","11":"instock","12":"shipping-taxable","13":"purchasable","14":"product-type-simple"},"_links":{"self":[{"href":"https:\/\/sezona.lv\/en\/wp-json\/wp\/v2\/product\/77429","targetHints":{"allow":["GET"]}}],"collection":[{"href":"https:\/\/sezona.lv\/en\/wp-json\/wp\/v2\/product"}],"about":[{"href":"https:\/\/sezona.lv\/en\/wp-json\/wp\/v2\/types\/product"}],"wp:attachment":[{"href":"https:\/\/sezona.lv\/en\/wp-json\/wp\/v2\/media?parent=77429"}],"wp:term":[{"taxonomy":"product_brand","embeddable":true,"href":"https:\/\/sezona.lv\/en\/wp-json\/wp\/v2\/product_brand?post=77429"},{"taxonomy":"product_cat","embeddable":true,"href":"https:\/\/sezona.lv\/en\/wp-json\/wp\/v2\/product_cat?post=77429"},{"taxonomy":"product_tag","embeddable":true,"href":"https:\/\/sezona.lv\/en\/wp-json\/wp\/v2\/product_tag?post=77429"}],"curies":[{"name":"wp","href":"https:\/\/api.w.org\/{rel}","templated":true}]}}