{"id":77432,"date":"2025-07-14T15:06:29","date_gmt":"2025-07-14T12:06:29","guid":{"rendered":"https:\/\/demo8.ecube.lv\/sezona.lv\/products\/bikses-marmot-flight\/"},"modified":"2025-07-14T15:06:29","modified_gmt":"2025-07-14T12:06:29","slug":"bikses-marmot-flight","status":"publish","type":"product","link":"https:\/\/sezona.lv\/en\/products\/bikses-marmot-flight\/","title":{"rendered":"Bikses Marmot Flight"},"content":{"rendered":"<p align=\"justify\"><span style=\"font-size: x-small\">Izcilas tr\u012bs sl\u0101\u0146u&nbsp;<strong>GORE-TEX&reg;<\/strong>&nbsp;shell bikses ir ide\u0101li piem\u0113rotas free-ride sl\u0113po&scaron;anai un alp\u012bnismam. Augsta \u016bdensiztur\u012bba un nodilumiztur\u012bba. Visas &scaron;uves ir 100% p\u0101rl\u012bm\u0113tas, lai nodro&scaron;in\u0101tu maksim\u0101lu \u016bdens un v\u0113ja notur\u012bbu. Elpojo&scaron;ais un \u016bdensdro&scaron;ais audums nodro&scaron;in\u0101s maksim\u0101lu komfortu pat vissare\u017e\u0123\u012bt\u0101kajos apst\u0101k\u013cos. Biks\u0113m ir no\u0146emami bik&scaron;turi ar augsto vidukli. T\u0101 viet\u0101 ir iesp\u0113ja, pievienojot komplekt\u0101 eso&scaron;o papildin\u0101jumu, sapog\u0101t &scaron;\u012bs bikses ar piem\u0113rotu jaku. T\u0101d\u0113j\u0101di izveidojot vienotu ap\u0123\u0113rba gabalu<\/span><\/p>\n<p>&nbsp;<\/p>\n<p><span style=\"color: #800000;font-size: x-small\"><strong>Specifik\u0101cija:<\/strong><\/span><\/p>\n<p>&nbsp;<\/p>\n<p><span style=\"font-size: x-small\"><strong>Materi\u0101ls:<\/strong>&nbsp;GORE-TEX&reg; Pro Products 3L Stretch 92% Nylon, 8% Elastane 4.9 oz\/yd&nbsp;<br \/><\/span><span style=\"font-size: x-small\"><strong>Svars:<\/strong>&nbsp;689 grami<br \/><\/span><span style=\"font-size: x-small\"><strong>Kr\u0101sa:<\/strong>&nbsp;oran\u017ea<\/span><\/p>\n<p>&nbsp;<\/p>\n<p><span style=\"color: #800000;font-size: x-small\"><strong>Raksturojums:<\/strong><\/span><\/p>\n<p>&nbsp;<\/p>\n<p><span style=\"font-size: x-small\"><img loading=\"lazy\" decoding=\"async\" src=\"http:\/\/www.virsotne.lv\/userfiles\/image\/ahaa\/marmot_logo_aplisM.gif\" alt=\"\" width=\"15\" height=\"15\" \/>&nbsp;Tr\u012bs sl\u0101nu<strong>&nbsp;GORE-TEX&reg; Pro Shell<\/strong>&nbsp;audums<br \/><\/span><span style=\"font-size: x-small\"><img loading=\"lazy\" decoding=\"async\" src=\"http:\/\/www.virsotne.lv\/userfiles\/image\/ahaa\/marmot_logo_aplisM.gif\" alt=\"\" width=\"15\" height=\"15\" \/>&nbsp;Visa &scaron;uves 100% p\u0101rl\u012bm\u0113tas<br \/><img loading=\"lazy\" decoding=\"async\" src=\"http:\/\/www.virsotne.lv\/userfiles\/image\/ahaa\/marmot_logo_aplisM.gif\" alt=\"\" width=\"15\" height=\"15\" \/>&nbsp;\u016adensdro&scaron;i s\u0101nu r\u0101v\u0113jsl\u0113dz\u0113ju<br \/><img loading=\"lazy\" decoding=\"async\" src=\"http:\/\/www.virsotne.lv\/userfiles\/image\/ahaa\/marmot_logo_aplisM.gif\" alt=\"\" width=\"15\" height=\"15\" \/>&nbsp;No\u0146emama sniega kleiti\u0146a<br \/><img loading=\"lazy\" decoding=\"async\" src=\"http:\/\/www.virsotne.lv\/userfiles\/image\/ahaa\/marmot_logo_aplisM.gif\" alt=\"\" width=\"15\" height=\"15\" \/>&nbsp;Savienojamas kop\u0101 ar Zip-In Gasket jak\u0101m&nbsp;<br \/><\/span><span style=\"font-size: x-small\"><img loading=\"lazy\" decoding=\"async\" src=\"http:\/\/www.virsotne.lv\/userfiles\/image\/ahaa\/marmot_logo_aplisM.gif\" alt=\"\" width=\"15\" height=\"15\" \/>&nbsp;No\u0146emamas &scaron;trumbantes<br \/><\/span><span style=\"font-size: x-small\"><img loading=\"lazy\" decoding=\"async\" src=\"http:\/\/www.virsotne.lv\/userfiles\/image\/ahaa\/marmot_logo_aplisM.gif\" alt=\"\" width=\"15\" height=\"15\" \/>&nbsp;Kabatas ar \u016bdensdro&scaron;iem r\u0101v\u0113jsl\u0113dz\u0113jiem<br \/><\/span><span style=\"font-size: x-small\"><img loading=\"lazy\" decoding=\"async\" src=\"http:\/\/www.virsotne.lv\/userfiles\/image\/ahaa\/marmot_logo_aplisM.gif\" alt=\"\" width=\"15\" height=\"15\" \/>&nbsp;Cordura pot\u012b&scaron;u uz&scaron;uves<br \/><img loading=\"lazy\" decoding=\"async\" src=\"http:\/\/www.virsotne.lv\/userfiles\/image\/ahaa\/marmot_logo_aplisM.gif\" alt=\"\" width=\"15\" height=\"15\" \/>&nbsp;Integr\u0113ta bahila<br \/><\/span><span style=\"font-size: x-small\"><img loading=\"lazy\" decoding=\"async\" src=\"http:\/\/www.virsotne.lv\/userfiles\/image\/ahaa\/marmot_logo_aplisM.gif\" alt=\"\" width=\"15\" height=\"15\" \/>&nbsp;Anatomisks piegriezums<\/span><\/p>\n","protected":false},"excerpt":{"rendered":"<p>Izcilas tr\u012bs sl\u0101\u0146u&nbsp;GORE-TEX&reg;&nbsp;shell bikses ir ide\u0101li piem\u0113rotas free-ride sl\u0113po&scaron;anai un alp\u012bnismam. Augsta \u016bdensiztur\u012bba un nodilumiztur\u012bba. Visas &scaron;uves ir 100% p\u0101rl\u012bm\u0113tas, lai nodro&scaron;in\u0101tu maksim\u0101lu \u016bdens un v\u0113ja notur\u012bbu. Elpojo&scaron;ais un \u016bdensdro&scaron;ais audums nodro&scaron;in\u0101s maksim\u0101lu komfortu pat vissare\u017e\u0123\u012bt\u0101kajos apst\u0101k\u013cos. Biks\u0113m ir no\u0146emami bik&scaron;turi ar augsto vidukli. T\u0101 viet\u0101 ir iesp\u0113ja, pievienojot komplekt\u0101 eso&scaron;o papildin\u0101jumu, sapog\u0101t &scaron;\u012bs bikses [&hellip;]<\/p>\n","protected":false},"featured_media":0,"template":"","meta":[],"product_brand":[908],"product_cat":[4619,4640,4909],"product_tag":[],"class_list":{"0":"post-77432","1":"product","2":"type-product","3":"status-publish","5":"product_brand-marmot","6":"product_cat-winter-clothes-recreation","7":"product_cat-recreation","8":"product_cat-ski-clothes-winter-clothes-recreation","10":"first","11":"instock","12":"shipping-taxable","13":"purchasable","14":"product-type-simple"},"_links":{"self":[{"href":"https:\/\/sezona.lv\/en\/wp-json\/wp\/v2\/product\/77432","targetHints":{"allow":["GET"]}}],"collection":[{"href":"https:\/\/sezona.lv\/en\/wp-json\/wp\/v2\/product"}],"about":[{"href":"https:\/\/sezona.lv\/en\/wp-json\/wp\/v2\/types\/product"}],"wp:attachment":[{"href":"https:\/\/sezona.lv\/en\/wp-json\/wp\/v2\/media?parent=77432"}],"wp:term":[{"taxonomy":"product_brand","embeddable":true,"href":"https:\/\/sezona.lv\/en\/wp-json\/wp\/v2\/product_brand?post=77432"},{"taxonomy":"product_cat","embeddable":true,"href":"https:\/\/sezona.lv\/en\/wp-json\/wp\/v2\/product_cat?post=77432"},{"taxonomy":"product_tag","embeddable":true,"href":"https:\/\/sezona.lv\/en\/wp-json\/wp\/v2\/product_tag?post=77432"}],"curies":[{"name":"wp","href":"https:\/\/api.w.org\/{rel}","templated":true}]}}