{"id":77433,"date":"2025-07-14T15:06:30","date_gmt":"2025-07-14T12:06:30","guid":{"rendered":"https:\/\/demo8.ecube.lv\/sezona.lv\/products\/bikses-marmot-mantra\/"},"modified":"2025-07-14T15:06:30","modified_gmt":"2025-07-14T12:06:30","slug":"bikses-marmot-mantra","status":"publish","type":"product","link":"https:\/\/sezona.lv\/en\/products\/bikses-marmot-mantra\/","title":{"rendered":"Bikses Marmot Mantra"},"content":{"rendered":"<p align=\"justify\"><span style=\"font-size: x-small\"><strong>Mantra Pant&nbsp;<\/strong>bikses kombin\u0101cij\u0101 ar jebkuru&nbsp;<strong>Marmot&nbsp;<\/strong>sl\u0113po&scaron;anas jaku ir lielisks komplekts, lai dotos lielajos kalnu pla&scaron;umos. \u0112rtas un br\u012bvas bikses freeride nobraucieniem. Ventil\u0101cija staru iek&scaron;pus\u0113 nodro&scaron;ina teicamu gaisa cirkul\u0101ciju. Oder\u0113tas ar 100% \u016bdensdro&scaron;u un elpojo&scaron;u&nbsp;<strong>Marmot MemBrain&reg;<\/strong>&nbsp;membr\u0101nu. Lieliskas bikses k\u0101 sl\u0113po&scaron;anai t\u0101 ar\u012b snovborda brauc\u0113jiem.<\/span><\/p>\n<p>&nbsp;<\/p>\n<p><span style=\"color: #800000;font-size: x-small\"><strong>Specifik\u0101cija:<\/strong><\/span><\/p>\n<p>&nbsp;<\/p>\n<p><span style=\"font-size: x-small\"><strong>Materi\u0101ls:&nbsp;<\/strong>MemBrain&reg;10 100% Nylon Oxford 5.4 oz\/yd<br \/><\/span><span style=\"font-size: x-small\"><strong>Piegriezums:&nbsp;<\/strong>Loose Fit<br \/><\/span><span style=\"font-size: x-small\"><strong>Svars:<\/strong>&nbsp;822 grami<\/span><\/p>\n<p>&nbsp;<\/p>\n<p><span style=\"color: #800000;font-size: x-small\"><strong>Raksturojums:<\/strong><\/span><\/p>\n<p>&nbsp;<\/p>\n<p><span style=\"font-size: x-small\"><img loading=\"lazy\" decoding=\"async\" src=\"http:\/\/www.virsotne.lv\/userfiles\/image\/ahaa\/marmot_logo_aplisM.gif\" alt=\"\" width=\"15\" height=\"15\" \/>&nbsp;Visas &scaron;uves ir 100% p\u0101rl\u012bm\u0113tas<br \/><\/span><span style=\"font-size: x-small\"><img loading=\"lazy\" decoding=\"async\" src=\"http:\/\/www.virsotne.lv\/userfiles\/image\/ahaa\/marmot_logo_aplisM.gif\" alt=\"\" width=\"15\" height=\"15\" \/>&nbsp;S\u0101nu kabatas ar r\u0101v\u0113jsl\u0113dz\u0113ju<br \/><\/span><span style=\"font-size: x-small\"><img loading=\"lazy\" decoding=\"async\" src=\"http:\/\/www.virsotne.lv\/userfiles\/image\/ahaa\/marmot_logo_aplisM.gif\" alt=\"\" width=\"15\" height=\"15\" \/>&nbsp;Herm\u0113tiskie r\u0101v\u0113jsl\u0113dz\u0113ji<br \/><\/span><span style=\"font-size: x-small\"><img loading=\"lazy\" decoding=\"async\" src=\"http:\/\/www.virsotne.lv\/userfiles\/image\/ahaa\/marmot_logo_aplisM.gif\" alt=\"\" width=\"15\" height=\"15\" \/>&nbsp;Ventil\u0101cijas atveres<br \/><\/span><span style=\"font-size: x-small\"><img loading=\"lazy\" decoding=\"async\" src=\"http:\/\/www.virsotne.lv\/userfiles\/image\/ahaa\/marmot_logo_aplisM.gif\" alt=\"\" width=\"15\" height=\"15\" \/>&nbsp;Integr\u0113tas bahilas<br \/><\/span><span style=\"font-size: x-small\"><img loading=\"lazy\" decoding=\"async\" src=\"http:\/\/www.virsotne.lv\/userfiles\/image\/ahaa\/marmot_logo_aplisM.gif\" alt=\"\" width=\"15\" height=\"15\" \/>&nbsp;Artikul\u0113ti ce\u013cgali<\/span><\/p>\n","protected":false},"excerpt":{"rendered":"<p>Mantra Pant&nbsp;bikses kombin\u0101cij\u0101 ar jebkuru&nbsp;Marmot&nbsp;sl\u0113po&scaron;anas jaku ir lielisks komplekts, lai dotos lielajos kalnu pla&scaron;umos. \u0112rtas un br\u012bvas bikses freeride nobraucieniem. Ventil\u0101cija staru iek&scaron;pus\u0113 nodro&scaron;ina teicamu gaisa cirkul\u0101ciju. Oder\u0113tas ar 100% \u016bdensdro&scaron;u un elpojo&scaron;u&nbsp;Marmot MemBrain&reg;&nbsp;membr\u0101nu. Lieliskas bikses k\u0101 sl\u0113po&scaron;anai t\u0101 ar\u012b snovborda brauc\u0113jiem. &nbsp; Specifik\u0101cija: &nbsp; Materi\u0101ls:&nbsp;MemBrain&reg;10 100% Nylon Oxford 5.4 oz\/ydPiegriezums:&nbsp;Loose FitSvars:&nbsp;822 grami &nbsp; Raksturojums: [&hellip;]<\/p>\n","protected":false},"featured_media":0,"template":"","meta":[],"product_brand":[908],"product_cat":[4619,4640,4909],"product_tag":[],"class_list":{"0":"post-77433","1":"product","2":"type-product","3":"status-publish","5":"product_brand-marmot","6":"product_cat-winter-clothes-recreation","7":"product_cat-recreation","8":"product_cat-ski-clothes-winter-clothes-recreation","10":"first","11":"instock","12":"shipping-taxable","13":"purchasable","14":"product-type-simple"},"_links":{"self":[{"href":"https:\/\/sezona.lv\/en\/wp-json\/wp\/v2\/product\/77433","targetHints":{"allow":["GET"]}}],"collection":[{"href":"https:\/\/sezona.lv\/en\/wp-json\/wp\/v2\/product"}],"about":[{"href":"https:\/\/sezona.lv\/en\/wp-json\/wp\/v2\/types\/product"}],"wp:attachment":[{"href":"https:\/\/sezona.lv\/en\/wp-json\/wp\/v2\/media?parent=77433"}],"wp:term":[{"taxonomy":"product_brand","embeddable":true,"href":"https:\/\/sezona.lv\/en\/wp-json\/wp\/v2\/product_brand?post=77433"},{"taxonomy":"product_cat","embeddable":true,"href":"https:\/\/sezona.lv\/en\/wp-json\/wp\/v2\/product_cat?post=77433"},{"taxonomy":"product_tag","embeddable":true,"href":"https:\/\/sezona.lv\/en\/wp-json\/wp\/v2\/product_tag?post=77433"}],"curies":[{"name":"wp","href":"https:\/\/api.w.org\/{rel}","templated":true}]}}