{"id":77434,"date":"2025-07-14T15:06:31","date_gmt":"2025-07-14T12:06:31","guid":{"rendered":"https:\/\/demo8.ecube.lv\/sezona.lv\/products\/bikses-marmot-flexion\/"},"modified":"2025-07-14T15:06:31","modified_gmt":"2025-07-14T12:06:31","slug":"bikses-marmot-flexion","status":"publish","type":"product","link":"https:\/\/sezona.lv\/en\/products\/bikses-marmot-flexion\/","title":{"rendered":"Bikses Marmot Flexion"},"content":{"rendered":"<p align=\"justify\"><span style=\"font-size: x-small\">Izcilas sl\u0113po&scaron;anas softshell bikses, kas ir \u013coti univers\u0101las p\u0113c pielietojuma. Pateicoties&nbsp;<strong>Mamrot M1<\/strong>softshell audumam, &scaron;\u012bs bikses ir gan mitruma, gan v\u0113ja notur\u012bgas. T\u0101s ir staip\u012bgas un ar silto oder\u0113jumu, kas \u013cauj &scaron;\u012bs bikses izmantot ar\u012b ziemas p\u0101rg\u0101jienos.&nbsp;<strong>Cordura&reg;<\/strong>&nbsp;uz&scaron;uves un integr\u0113t\u0101 bahila t\u0101s padar\u012bs v\u0113l funkcion\u0101l\u0101kas. Ide\u0101li piem\u0113rotas kalnu sl\u0113po&scaron;anai, ziemas p\u0101rg\u0101jieniem un cit\u0101m aktivit\u0101t\u0113m ziemas period\u0101.<\/span><\/p>\n<p><span style=\"color: #800000;font-size: x-small\"><strong>Specifik\u0101cija:<\/strong><\/span><\/p>\n<p><span style=\"font-size: x-small\"><strong>Pamatmateri\u0101ls:<\/strong><\/span>&nbsp;<span style=\"font-size: x-small\">Softshell WPB 88% Nylon, 12% Elastane 9.2 oz\/yd&nbsp;<\/span><span style=\"font-size: x-small\"><br \/><strong>Svars:<\/strong><\/span>&nbsp;<span style=\"font-size: x-small\">961 grami<br \/><strong>Kr\u0101sa:<\/strong><\/span>&nbsp;<span style=\"font-size: x-small\">pel\u0113ka<\/span><\/p>\n<p><span style=\"color: #800000;font-size: x-small\"><strong>Raksturojums:<\/strong><\/span><\/p>\n<div>\n<p><span style=\"font-size: x-small\"><img loading=\"lazy\" decoding=\"async\" src=\"http:\/\/www.virsotne.lv\/userfiles\/image\/ahaa\/marmot_logo_aplisM.gif\" alt=\"\" width=\"15\" height=\"15\" \/>&nbsp;<\/span><span style=\"font-size: x-small\"><strong>Marmot M1 Softshell&nbsp;<\/strong>&#8211; staip\u012bgs un elpojo&scaron;s<br \/><\/span><span style=\"font-size: x-small\"><span style=\"font-size: x-small\"><img loading=\"lazy\" decoding=\"async\" src=\"http:\/\/www.virsotne.lv\/userfiles\/image\/ahaa\/marmot_logo_aplisM.gif\" alt=\"\" width=\"15\" height=\"15\" \/>&nbsp;<\/span>Silts oder\u0113jums<br \/><\/span><span style=\"font-size: x-small\"><span style=\"font-size: x-small\"><img loading=\"lazy\" decoding=\"async\" src=\"http:\/\/www.virsotne.lv\/userfiles\/image\/ahaa\/marmot_logo_aplisM.gif\" alt=\"\" width=\"15\" height=\"15\" \/><\/span>&nbsp;Mitruma un v\u0113ja iztur\u012bgas<br \/><img loading=\"lazy\" decoding=\"async\" src=\"http:\/\/www.virsotne.lv\/userfiles\/image\/ahaa\/marmot_logo_aplisM.gif\" alt=\"\" width=\"15\" height=\"15\" \/><\/span>&nbsp;<span style=\"font-size: x-small\">Kabatas ar r\u0101v\u0113jsl\u0113dz\u0113jiem<br \/><img loading=\"lazy\" decoding=\"async\" src=\"http:\/\/www.virsotne.lv\/userfiles\/image\/ahaa\/marmot_logo_aplisM.gif\" alt=\"\" width=\"15\" height=\"15\" \/>&nbsp;Ventil\u0101cijas r\u0101v\u0113jsl\u0113dz\u0113ji s\u0101nos<br \/><\/span><span style=\"font-size: x-small\"><span style=\"font-size: x-small\"><img loading=\"lazy\" decoding=\"async\" src=\"http:\/\/www.virsotne.lv\/userfiles\/image\/ahaa\/marmot_logo_aplisM.gif\" alt=\"\" width=\"15\" height=\"15\" \/>&nbsp;<\/span>Anatomiski ie&scaron;\u016bti ce\u013cgali<br \/><\/span><span style=\"font-size: x-small\"><span style=\"font-size: x-small\"><img loading=\"lazy\" decoding=\"async\" src=\"http:\/\/www.virsotne.lv\/userfiles\/image\/ahaa\/marmot_logo_aplisM.gif\" alt=\"\" width=\"15\" height=\"15\" \/>&nbsp;<\/span><strong>Cordura<\/strong>&nbsp;uz&scaron;uves pot\u012b&scaron;u da\u013c\u0101<br \/><\/span><span style=\"font-size: x-small\"><span style=\"font-size: x-small\"><img loading=\"lazy\" decoding=\"async\" src=\"http:\/\/www.virsotne.lv\/userfiles\/image\/ahaa\/marmot_logo_aplisM.gif\" alt=\"\" width=\"15\" height=\"15\" \/>&nbsp;<\/span>Integr\u0113ta bahila<\/span><\/p>\n<\/div>\n","protected":false},"excerpt":{"rendered":"<p>Izcilas sl\u0113po&scaron;anas softshell bikses, kas ir \u013coti univers\u0101las p\u0113c pielietojuma. Pateicoties&nbsp;Mamrot M1softshell audumam, &scaron;\u012bs bikses ir gan mitruma, gan v\u0113ja notur\u012bgas. T\u0101s ir staip\u012bgas un ar silto oder\u0113jumu, kas \u013cauj &scaron;\u012bs bikses izmantot ar\u012b ziemas p\u0101rg\u0101jienos.&nbsp;Cordura&reg;&nbsp;uz&scaron;uves un integr\u0113t\u0101 bahila t\u0101s padar\u012bs v\u0113l funkcion\u0101l\u0101kas. Ide\u0101li piem\u0113rotas kalnu sl\u0113po&scaron;anai, ziemas p\u0101rg\u0101jieniem un cit\u0101m aktivit\u0101t\u0113m ziemas period\u0101. Specifik\u0101cija: [&hellip;]<\/p>\n","protected":false},"featured_media":0,"template":"","meta":[],"product_brand":[908],"product_cat":[4619,4640,4909],"product_tag":[],"class_list":{"0":"post-77434","1":"product","2":"type-product","3":"status-publish","5":"product_brand-marmot","6":"product_cat-winter-clothes-recreation","7":"product_cat-recreation","8":"product_cat-ski-clothes-winter-clothes-recreation","10":"first","11":"instock","12":"shipping-taxable","13":"purchasable","14":"product-type-simple"},"_links":{"self":[{"href":"https:\/\/sezona.lv\/en\/wp-json\/wp\/v2\/product\/77434","targetHints":{"allow":["GET"]}}],"collection":[{"href":"https:\/\/sezona.lv\/en\/wp-json\/wp\/v2\/product"}],"about":[{"href":"https:\/\/sezona.lv\/en\/wp-json\/wp\/v2\/types\/product"}],"wp:attachment":[{"href":"https:\/\/sezona.lv\/en\/wp-json\/wp\/v2\/media?parent=77434"}],"wp:term":[{"taxonomy":"product_brand","embeddable":true,"href":"https:\/\/sezona.lv\/en\/wp-json\/wp\/v2\/product_brand?post=77434"},{"taxonomy":"product_cat","embeddable":true,"href":"https:\/\/sezona.lv\/en\/wp-json\/wp\/v2\/product_cat?post=77434"},{"taxonomy":"product_tag","embeddable":true,"href":"https:\/\/sezona.lv\/en\/wp-json\/wp\/v2\/product_tag?post=77434"}],"curies":[{"name":"wp","href":"https:\/\/api.w.org\/{rel}","templated":true}]}}